{"id":8517,"date":"2019-10-13T10:17:40","date_gmt":"2019-10-13T10:17:40","guid":{"rendered":"https:\/\/spanish.cpnn-world.org\/?page_id=8517"},"modified":"2025-11-23T05:00:52","modified_gmt":"2025-11-23T04:00:52","slug":"archivos-en-espanol-o-portugues","status":"publish","type":"page","link":"https:\/\/spanish.cpnn-world.org\/?page_id=8517","title":{"rendered":"Archivos en espa\u00f1ol o portugu\u00e9s hasta 2017"},"content":{"rendered":"<div style=\"float: left; width: 55%;\">\n<em>Aqu\u00ed est\u00e1n los archivos de CPNN desde 2015 hasta 2017.<br \/>\nPor consultar las siguientes p\u00e1ginas, haga clic en los n\u00fameros de p\u00e1gina en la parte inferior.<br \/>\nPara los art\u00edculos de CPNN en espa\u00f1ol o portugu\u00e9s desde el 1 de enero 2018 haga clic <a href=\"https:\/\/spanish.cpnn-world.org\">aqui<\/a>.<br \/>\nPara los archivos de CPNN antes del 1 de febrero 2015, haga clic <a href=\"https:\/\/archives.cpnn-world.org\">aqu\u00ed<\/a>.<\/p>\n<\/div>\n<div style=\"float: right; width: 40%;\">\n<p><a href=\"https:\/\/spanish.cpnn-world.org\/?p=7150\">ELIMINAR VIOLENCIA CONTRA LA MUJER<\/a><br \/>\n<a href=\"https:\/\/spanish.cpnn-world.org\/?p=7084\">ABOLICION DE ARMAS NUCLEARES<\/a><br \/>\n<a href=\"https:\/\/spanish.cpnn-world.org\/?p=7001\">LOS J\u00d3VENES TOMAN LA INICIATIVA<\/a>\n<\/div>\n<\/p>\n<p><\/em><div class=\"pt-cv-wrapper\"><div class=\"pt-cv-view pt-cv-grid pt-cv-colsys pt-cv-pgregular\" id=\"pt-cv-view-849cb33u8l\"><div data-id=\"pt-cv-page-1\" class=\"pt-cv-page\" data-cvc=\"4\"><div class=\"col-md-3 col-sm-3 col-xs-3 pt-cv-content-item pt-cv-1-col\"  data-pid=\"7188\"><div class='pt-cv-ifield'><div class=\"pt-cv-content\">LIBRE CIRCULACIO\u0301N DE INFORMACIO\u0301N ...<\/div>\n<a href=\"https:\/\/spanish.cpnn-world.org\/?p=7188\" class=\"_self pt-cv-href-thumbnail pt-cv-thumb-default cvplbd\" target=\"_self\" ><img decoding=\"async\" width=\"300\" src=\"https:\/\/spanish.cpnn-world.org\/wp-content\/uploads\/2017\/12\/Ecuador.jpg\" class=\"pt-cv-thumbnail img-none cvp-substitute\" alt=\"G77 se cita en Ecuador para abordar los problemas del planeta\" title=\"\" \/><\/a>\n<h4 class=\"pt-cv-title\"><a href=\"https:\/\/spanish.cpnn-world.org\/?p=7188\" class=\"_self cvplbd\" target=\"_self\" >G77 se cita en Ecuador para abordar los problemas del planeta<\/a><\/h4>\n<div class=\"pt-cv-meta-fields\"><span class=\"entry-date\"> <time datetime=\"2017-12-18T11:58:51+01:00\">December 18, 2017<\/time><\/span><\/div><\/div><\/div>\n<div class=\"col-md-3 col-sm-3 col-xs-3 pt-cv-content-item pt-cv-1-col\"  data-pid=\"7180\"><div class='pt-cv-ifield'><div class=\"pt-cv-content\">. IGUALDAD HOMBRES\/MUJERES  ...<\/div>\n<a href=\"https:\/\/spanish.cpnn-world.org\/?p=7180\" class=\"_self pt-cv-href-thumbnail pt-cv-thumb-default cvplbd\" target=\"_self\" ><img decoding=\"async\" width=\"300\" src=\"https:\/\/spanish.cpnn-world.org\/wp-content\/uploads\/2017\/12\/teachers.png\" class=\"pt-cv-thumbnail img-none cvp-substitute\" alt=\"Los sindicatos de la educaci\u00f3n se unen a la llamada mundial para terminar con la violencia de g\u00e9nero en la escuela\" title=\"\" \/><\/a>\n<h4 class=\"pt-cv-title\"><a href=\"https:\/\/spanish.cpnn-world.org\/?p=7180\" class=\"_self cvplbd\" target=\"_self\" >Los sindicatos de la educaci\u00f3n se unen a la llamada mundial para terminar con la violencia de g\u00e9nero en la escuela<\/a><\/h4>\n<div class=\"pt-cv-meta-fields\"><span class=\"entry-date\"> <time datetime=\"2017-12-18T01:41:37+01:00\">December 18, 2017<\/time><\/span><\/div><\/div><\/div>\n<div class=\"col-md-3 col-sm-3 col-xs-3 pt-cv-content-item pt-cv-1-col\"  data-pid=\"7173\"><div class='pt-cv-ifield'><div class=\"pt-cv-content\">EDUCACI\u00d3N PARA LA PAZ ...<\/div>\n<a href=\"https:\/\/spanish.cpnn-world.org\/?p=7173\" class=\"_self pt-cv-href-thumbnail pt-cv-thumb-default cvplbd\" target=\"_self\" ><img decoding=\"async\" width=\"300\" src=\"https:\/\/spanish.cpnn-world.org\/wp-content\/uploads\/2017\/12\/pacto.jpg\" class=\"pt-cv-thumbnail img-none cvp-substitute\" alt=\"Brasil: Finom participa de \u201cEncontro do Pacto Nacional pela Promo\u00e7\u00e3o do Respeito \u00e0 Diversidade, Cultura de paz e dos Direitos Humanos\u201d\" title=\"\" \/><\/a>\n<h4 class=\"pt-cv-title\"><a href=\"https:\/\/spanish.cpnn-world.org\/?p=7173\" class=\"_self cvplbd\" target=\"_self\" >Brasil: Finom participa de \u201cEncontro do Pacto Nacional pela Promo\u00e7\u00e3o do Respeito \u00e0 Diversidade, Cultura de paz e dos Direitos Humanos\u201d<\/a><\/h4>\n<div class=\"pt-cv-meta-fields\"><span class=\"entry-date\"> <time datetime=\"2017-12-09T18:31:30+01:00\">December 9, 2017<\/time><\/span><\/div><\/div><\/div>\n<div class=\"col-md-3 col-sm-3 col-xs-3 pt-cv-content-item pt-cv-1-col\"  data-pid=\"7167\"><div class='pt-cv-ifield'><div class=\"pt-cv-content\">EDUCACI\u00d3N\u00a0PARA LA PAZ  ...<\/div>\n<a href=\"https:\/\/spanish.cpnn-world.org\/?p=7167\" class=\"_self pt-cv-href-thumbnail pt-cv-thumb-default cvplbd\" target=\"_self\" ><img decoding=\"async\" width=\"300\" src=\"https:\/\/spanish.cpnn-world.org\/wp-content\/uploads\/2017\/12\/Hip-hop.jpg\" class=\"pt-cv-thumbnail img-none cvp-substitute\" alt=\"M\u00e9xico: Realizar\u00e1n el encuentro Hip hop: convivencia para la paz\" title=\"\" \/><\/a>\n<h4 class=\"pt-cv-title\"><a href=\"https:\/\/spanish.cpnn-world.org\/?p=7167\" class=\"_self cvplbd\" target=\"_self\" >M\u00e9xico: Realizar\u00e1n el encuentro Hip hop: convivencia para la paz<\/a><\/h4>\n<div class=\"pt-cv-meta-fields\"><span class=\"entry-date\"> <time datetime=\"2017-12-09T17:03:06+01:00\">December 9, 2017<\/time><\/span><\/div><\/div><\/div>\n<div class=\"col-md-3 col-sm-3 col-xs-3 pt-cv-content-item pt-cv-1-col\"  data-pid=\"7164\"><div class='pt-cv-ifield'><div class=\"pt-cv-content\">. . PARTICIPACI\u00d3N DEMOCRATICA ...<\/div>\n<a href=\"https:\/\/spanish.cpnn-world.org\/?p=7164\" class=\"_self pt-cv-href-thumbnail pt-cv-thumb-default cvplbd\" target=\"_self\" ><img decoding=\"async\" width=\"300\" src=\"https:\/\/spanish.cpnn-world.org\/wp-content\/uploads\/2017\/12\/Brazil.jpg\" class=\"pt-cv-thumbnail img-none cvp-substitute\" alt=\"Brasil: Governo do Acre e institui\u00e7\u00f5es estabelecem uni\u00e3o pela cultura de paz\" title=\"\" \/><\/a>\n<h4 class=\"pt-cv-title\"><a href=\"https:\/\/spanish.cpnn-world.org\/?p=7164\" class=\"_self cvplbd\" target=\"_self\" >Brasil: Governo do Acre e institui\u00e7\u00f5es estabelecem uni\u00e3o pela cultura de paz<\/a><\/h4>\n<div class=\"pt-cv-meta-fields\"><span class=\"entry-date\"> <time datetime=\"2017-12-09T16:26:00+01:00\">December 9, 2017<\/time><\/span><\/div><\/div><\/div>\n<div class=\"col-md-3 col-sm-3 col-xs-3 pt-cv-content-item pt-cv-1-col\"  data-pid=\"7160\"><div class='pt-cv-ifield'><div class=\"pt-cv-content\">LIBRE CIRCULACIO\u0301N DE INFORMACIO\u0301N ...<\/div>\n<a href=\"https:\/\/spanish.cpnn-world.org\/?p=7160\" class=\"_self pt-cv-href-thumbnail pt-cv-thumb-default cvplbd\" target=\"_self\" ><img decoding=\"async\" width=\"300\" src=\"https:\/\/spanish.cpnn-world.org\/wp-content\/uploads\/2017\/12\/Bogota.jpg\" class=\"pt-cv-thumbnail img-none cvp-substitute\" alt=\"Colombia: Tres Instituciones Educativas Fueron Premiadas por Construcci\u00f3n de Paz desde las Aulas\" title=\"\" \/><\/a>\n<h4 class=\"pt-cv-title\"><a href=\"https:\/\/spanish.cpnn-world.org\/?p=7160\" class=\"_self cvplbd\" target=\"_self\" >Colombia: Tres Instituciones Educativas Fueron Premiadas por Construcci\u00f3n de Paz desde las Aulas<\/a><\/h4>\n<div class=\"pt-cv-meta-fields\"><span class=\"entry-date\"> <time datetime=\"2017-12-09T15:33:18+01:00\">December 9, 2017<\/time><\/span><\/div><\/div><\/div>\n<div class=\"col-md-3 col-sm-3 col-xs-3 pt-cv-content-item pt-cv-1-col\"  data-pid=\"7142\"><div class='pt-cv-ifield'><div class=\"pt-cv-content\">. IGUALDAD HOMBRES\/MUJERES  ...<\/div>\n<a href=\"https:\/\/spanish.cpnn-world.org\/?p=7142\" class=\"_self pt-cv-href-thumbnail pt-cv-thumb-default cvplbd\" target=\"_self\" ><img decoding=\"async\" width=\"300\" src=\"https:\/\/spanish.cpnn-world.org\/wp-content\/uploads\/2017\/11\/UNWomen.png\" class=\"pt-cv-thumbnail img-none cvp-substitute\" alt=\"En la mira: Que nadie se quede atr\u00e1s: Pongamos fin a la violencia contra las mujeres y ni\u00f1as\" title=\"\" \/><\/a>\n<h4 class=\"pt-cv-title\"><a href=\"https:\/\/spanish.cpnn-world.org\/?p=7142\" class=\"_self cvplbd\" target=\"_self\" >En la mira: Que nadie se quede atr\u00e1s: Pongamos fin a la violencia contra las mujeres y ni\u00f1as<\/a><\/h4>\n<div class=\"pt-cv-meta-fields\"><span class=\"entry-date\"> <time datetime=\"2017-11-30T12:58:46+01:00\">November 30, 2017<\/time><\/span><\/div><\/div><\/div>\n<div class=\"col-md-3 col-sm-3 col-xs-3 pt-cv-content-item pt-cv-1-col\"  data-pid=\"7136\"><div class='pt-cv-ifield'><div class=\"pt-cv-content\">. IGUALDAD HOMBRES\/MUJERES  ...<\/div>\n<a href=\"https:\/\/spanish.cpnn-world.org\/?p=7136\" class=\"_self pt-cv-href-thumbnail pt-cv-thumb-default cvplbd\" target=\"_self\" ><img decoding=\"async\" width=\"300\" src=\"https:\/\/spanish.cpnn-world.org\/wp-content\/uploads\/2017\/11\/otros.jpg\" class=\"pt-cv-thumbnail img-none cvp-substitute\" alt=\"America Latina: \u00bfQu\u00e9 hacen otros pa\u00edses para combatir el femicidio?\" title=\"\" \/><\/a>\n<h4 class=\"pt-cv-title\"><a href=\"https:\/\/spanish.cpnn-world.org\/?p=7136\" class=\"_self cvplbd\" target=\"_self\" >America Latina: \u00bfQu\u00e9 hacen otros pa\u00edses para combatir el femicidio?<\/a><\/h4>\n<div class=\"pt-cv-meta-fields\"><span class=\"entry-date\"> <time datetime=\"2017-11-24T14:57:48+01:00\">November 24, 2017<\/time><\/span><\/div><\/div><\/div><\/div><\/div>\n<div class=\"text-left pt-cv-pagination-wrapper\"><ul class=\"pt-cv-pagination pt-cv-ajax pagination\" data-totalpages=\"29\" data-currentpage=\"1\" data-sid=\"849cb33u8l\" data-unid=\"\" data-isblock=\"\" data-postid=\"\"><li class=\"active\"><a href=\"#\">1<\/a><\/li>\n\t<li ><a class=\"\" href=\"https:\/\/spanish.cpnn-world.org\/index.php\/?_page=2&#038;rest_route=%2Fwp%2Fv2%2Fpages%2F8517\">2<\/a><\/li>\n\t<li ><a class=\"\" href=\"https:\/\/spanish.cpnn-world.org\/index.php\/?_page=3&#038;rest_route=%2Fwp%2Fv2%2Fpages%2F8517\">3<\/a><\/li>\n\t<li ><a href=\"#\">&hellip;<\/a><\/li>\n\t<li ><a class=\"\" href=\"https:\/\/spanish.cpnn-world.org\/index.php\/?_page=29&#038;rest_route=%2Fwp%2Fv2%2Fpages%2F8517\">29<\/a><\/li>\n\t<li ><a class=\" \" href=\"https:\/\/spanish.cpnn-world.org\/index.php\/?_page=2&#038;rest_route=%2Fwp%2Fv2%2Fpages%2F8517\">&rsaquo;<\/a><\/li>\n\t<\/ul><img loading=\"lazy\" decoding=\"async\" width=\"15\" height=\"15\" class=\"pt-cv-spinner\" alt=\"Loading...\" src=\"data:image\/gif;base64,R0lGODlhDwAPALMPAMrKygwMDJOTkz09PZWVla+vr3p6euTk5M7OzuXl5TMzMwAAAJmZmWZmZszMzP\/\/\/yH\/C05FVFNDQVBFMi4wAwEAAAAh+QQFCgAPACwAAAAADwAPAAAEQvDJaZaZOIcV8iQK8VRX4iTYoAwZ4iCYoAjZ4RxejhVNoT+mRGP4cyF4Pp0N98sBGIBMEMOotl6YZ3S61Bmbkm4mAgAh+QQFCgAPACwAAAAADQANAAAENPDJSRSZeA418itN8QiK8BiLITVsFiyBBIoYqnoewAD4xPw9iY4XLGYSjkQR4UAUD45DLwIAIfkEBQoADwAsAAAAAA8ACQAABC\/wyVlamTi3nSdgwFNdhEJgTJoNyoB9ISYoQmdjiZPcj7EYCAeCF1gEDo4Dz2eIAAAh+QQFCgAPACwCAAAADQANAAAEM\/DJBxiYeLKdX3IJZT1FU0iIg2RNKx3OkZVnZ98ToRD4MyiDnkAh6BkNC0MvsAj0kMpHBAAh+QQFCgAPACwGAAAACQAPAAAEMDC59KpFDll73HkAA2wVY5KgiK5b0RRoI6MuzG6EQqCDMlSGheEhUAgqgUUAFRySIgAh+QQFCgAPACwCAAIADQANAAAEM\/DJKZNLND\/kkKaHc3xk+QAMYDKsiaqmZCxGVjSFFCxB1vwy2oOgIDxuucxAMTAJFAJNBAAh+QQFCgAPACwAAAYADwAJAAAEMNAs86q1yaWwwv2Ig0jUZx3OYa4XoRAfwADXoAwfo1+CIjyFRuEho60aSNYlOPxEAAAh+QQFCgAPACwAAAIADQANAAAENPA9s4y8+IUVcqaWJ4qEQozSoAzoIyhCK2NFU2SJk0hNnyEOhKR2AzAAj4Pj4GE4W0bkJQIAOw==\" \/><div class=\"clear pt-cv-clear-pagination\"><\/div><\/div><\/div>\t\t\t<style type=\"text\/css\" id=\"pt-cv-inline-style-6efa1c0vic\">#pt-cv-view-849cb33u8l .pt-cv-title a, #pt-cv-view-849cb33u8l  .panel-title { font-weight: 600 !important; }\n#pt-cv-view-849cb33u8l .pt-cv-readmore  { color: #ffffff !important; background-color: #00aeef !important; }\n#pt-cv-view-849cb33u8l .pt-cv-readmore:hover  { color: #ffffff !important; background-color: #00aeef !important; }\n#pt-cv-view-849cb33u8l  + .pt-cv-pagination-wrapper .pt-cv-more , #pt-cv-view-849cb33u8l  + .pt-cv-pagination-wrapper .pagination .active a, .pt-cv-pagination[data-sid='849cb33u8l'] .active a { color: #ffffff !important; background-color: #00aeef !important; }<\/style>\r\n\t\t\t<\/p>\n","protected":false},"excerpt":{"rendered":"<p>Aqu\u00ed est\u00e1n los archivos de CPNN desde 2015 hasta 2017. Por consultar las siguientes p\u00e1ginas, haga clic en los n\u00fameros de p\u00e1gina en la parte inferior. Para los art\u00edculos de CPNN en espa\u00f1ol o portugu\u00e9s desde el 1 de enero 2018 haga clic aqui. Para los archivos de CPNN antes del 1 de febrero 2015, &hellip; <a href=\"https:\/\/spanish.cpnn-world.org\/?page_id=8517\" class=\"more-link\">Continue reading <span class=\"screen-reader-text\">Archivos en espa\u00f1ol o portugu\u00e9s hasta 2017<\/span> <span class=\"meta-nav\">&rarr;<\/span><\/a><\/p>\n","protected":false},"author":1,"featured_media":0,"parent":0,"menu_order":0,"comment_status":"closed","ping_status":"closed","template":"","meta":{"footnotes":""},"class_list":["post-8517","page","type-page","status-publish","hentry"],"_links":{"self":[{"href":"https:\/\/spanish.cpnn-world.org\/index.php?rest_route=\/wp\/v2\/pages\/8517","targetHints":{"allow":["GET"]}}],"collection":[{"href":"https:\/\/spanish.cpnn-world.org\/index.php?rest_route=\/wp\/v2\/pages"}],"about":[{"href":"https:\/\/spanish.cpnn-world.org\/index.php?rest_route=\/wp\/v2\/types\/page"}],"author":[{"embeddable":true,"href":"https:\/\/spanish.cpnn-world.org\/index.php?rest_route=\/wp\/v2\/users\/1"}],"replies":[{"embeddable":true,"href":"https:\/\/spanish.cpnn-world.org\/index.php?rest_route=%2Fwp%2Fv2%2Fcomments&post=8517"}],"version-history":[{"count":32,"href":"https:\/\/spanish.cpnn-world.org\/index.php?rest_route=\/wp\/v2\/pages\/8517\/revisions"}],"predecessor-version":[{"id":11773,"href":"https:\/\/spanish.cpnn-world.org\/index.php?rest_route=\/wp\/v2\/pages\/8517\/revisions\/11773"}],"wp:attachment":[{"href":"https:\/\/spanish.cpnn-world.org\/index.php?rest_route=%2Fwp%2Fv2%2Fmedia&parent=8517"}],"curies":[{"name":"wp","href":"https:\/\/api.w.org\/{rel}","templated":true}]}}