{"id":807,"date":"2015-03-20T14:24:53","date_gmt":"2015-03-20T18:24:53","guid":{"rendered":"http:\/\/cpnn-world.org\/temp\/?page_id=807"},"modified":"2025-10-22T06:30:08","modified_gmt":"2025-10-22T04:30:08","slug":"boletin","status":"publish","type":"page","link":"https:\/\/spanish.cpnn-world.org\/?page_id=807","title":{"rendered":"Boletines"},"content":{"rendered":"<p><em><big>Aqu\u00ed est\u00e1n los boletines en espanol desde el 1 de marzo de 2015.<br \/>\nPor consultar las siguientes p\u00e1ginas, haga clic en los n\u00fameros de p\u00e1gina en la parte inferior.<br \/>\nPara boletines antes de marzo de 2015, haga clic <a href=\"https:\/\/decade-culture-of-peace.org\/bulletin\/bulletins.html\">aqu\u00ed<\/a><\/big><\/em><br \/><div class=\"pt-cv-wrapper\"><div class=\"pt-cv-view pt-cv-grid pt-cv-colsys pt-cv-pgregular\" id=\"pt-cv-view-76ce2eagz5\"><div data-id=\"pt-cv-page-1\" class=\"pt-cv-page\" data-cvc=\"4\"><div class=\"col-md-3 col-sm-3 col-xs-3 pt-cv-content-item pt-cv-1-col\"  data-pid=\"12099\"><div class='pt-cv-ifield'><div class=\"pt-cv-content\">. PAZ EN EL MEDITERR\u00c1NEO OCCIDENTAL ...<\/div>\n<a href=\"https:\/\/spanish.cpnn-world.org\/?p=12099\" class=\"_self pt-cv-href-thumbnail pt-cv-thumb-default cvplbd\" target=\"_self\" ><img decoding=\"async\" width=\"300\" src=\"https:\/\/spanish.cpnn-world.org\/wp-content\/uploads\/2026\/04\/sumud-flotilla.jpg\" class=\"pt-cv-thumbnail img-none cvp-substitute\" alt=\"Bolet\u00edn espa\u00f1ol: el 1 de mayo de 2026\" title=\"\" \/><\/a>\n<h4 class=\"pt-cv-title\"><a href=\"https:\/\/spanish.cpnn-world.org\/?p=12099\" class=\"_self cvplbd\" target=\"_self\" >Bolet\u00edn espa\u00f1ol: el 1 de mayo de 2026<\/a><\/h4><\/div><\/div>\n<div class=\"col-md-3 col-sm-3 col-xs-3 pt-cv-content-item pt-cv-1-col\"  data-pid=\"12052\"><div class='pt-cv-ifield'><div class=\"pt-cv-content\">. EL MOVIMIENTO SIGUE CRECIENDO  ...<\/div>\n<a href=\"https:\/\/spanish.cpnn-world.org\/?p=12052\" class=\"_self pt-cv-href-thumbnail pt-cv-thumb-default cvplbd\" target=\"_self\" ><img decoding=\"async\" width=\"300\" src=\"https:\/\/spanish.cpnn-world.org\/wp-content\/uploads\/2026\/04\/nokings-2.jpg\" class=\"pt-cv-thumbnail img-none cvp-substitute\" alt=\"Bolet\u00edn espa\u00f1ol: el 1 de abril de 2026\" title=\"\" \/><\/a>\n<h4 class=\"pt-cv-title\"><a href=\"https:\/\/spanish.cpnn-world.org\/?p=12052\" class=\"_self cvplbd\" target=\"_self\" >Bolet\u00edn espa\u00f1ol: el 1 de abril de 2026<\/a><\/h4><\/div><\/div>\n<div class=\"col-md-3 col-sm-3 col-xs-3 pt-cv-content-item pt-cv-1-col\"  data-pid=\"12003\"><div class='pt-cv-ifield'><div class=\"pt-cv-content\">. . LIDERAZGO LATINOAMERICANO .  ...<\/div>\n<a href=\"https:\/\/spanish.cpnn-world.org\/?p=12003\" class=\"_self pt-cv-href-thumbnail pt-cv-thumb-default cvplbd\" target=\"_self\" ><img decoding=\"async\" width=\"300\" src=\"https:\/\/spanish.cpnn-world.org\/wp-content\/uploads\/2026\/02\/Indigenous.jpg\" class=\"pt-cv-thumbnail img-none cvp-substitute\" alt=\"Bolet\u00edn espa\u00f1ol: el 1 de marzo de 2026\" title=\"\" \/><\/a>\n<h4 class=\"pt-cv-title\"><a href=\"https:\/\/spanish.cpnn-world.org\/?p=12003\" class=\"_self cvplbd\" target=\"_self\" >Bolet\u00edn espa\u00f1ol: el 1 de marzo de 2026<\/a><\/h4><\/div><\/div>\n<div class=\"col-md-3 col-sm-3 col-xs-3 pt-cv-content-item pt-cv-1-col\"  data-pid=\"11901\"><div class='pt-cv-ifield'><div class=\"pt-cv-content\">. EL PUEBLO SIGUE RESISTIENDO  ...<\/div>\n<a href=\"https:\/\/spanish.cpnn-world.org\/?p=11901\" class=\"_self pt-cv-href-thumbnail pt-cv-thumb-default cvplbd\" target=\"_self\" ><img decoding=\"async\" width=\"300\" src=\"https:\/\/spanish.cpnn-world.org\/wp-content\/uploads\/2026\/02\/humanrights.jpg\" class=\"pt-cv-thumbnail img-none cvp-substitute\" alt=\"Bolet\u00edn espa\u00f1ol: el 1 de febrero de 2026\" title=\"\" \/><\/a>\n<h4 class=\"pt-cv-title\"><a href=\"https:\/\/spanish.cpnn-world.org\/?p=11901\" class=\"_self cvplbd\" target=\"_self\" >Bolet\u00edn espa\u00f1ol: el 1 de febrero de 2026<\/a><\/h4><\/div><\/div>\n<div class=\"col-md-3 col-sm-3 col-xs-3 pt-cv-content-item pt-cv-1-col\"  data-pid=\"11805\"><div class='pt-cv-ifield'><div class=\"pt-cv-content\">. TRANSICI\u00d3N DE 2025 A 2026 ...<\/div>\n<a href=\"https:\/\/spanish.cpnn-world.org\/?p=11805\" class=\"_self pt-cv-href-thumbnail pt-cv-thumb-default cvplbd\" target=\"_self\" ><img decoding=\"async\" width=\"300\" src=\"https:\/\/spanish.cpnn-world.org\/wp-content\/uploads\/2026\/01\/freeflow.jpg\" class=\"pt-cv-thumbnail img-none cvp-substitute\" alt=\"Bolet\u00edn espa\u00f1ol: el 1 de enero de 2026\" title=\"\" \/><\/a>\n<h4 class=\"pt-cv-title\"><a href=\"https:\/\/spanish.cpnn-world.org\/?p=11805\" class=\"_self cvplbd\" target=\"_self\" >Bolet\u00edn espa\u00f1ol: el 1 de enero de 2026<\/a><\/h4><\/div><\/div>\n<div class=\"col-md-3 col-sm-3 col-xs-3 pt-cv-content-item pt-cv-1-col\"  data-pid=\"11778\"><div class='pt-cv-ifield'><div class=\"pt-cv-content\">DONDE CRECE LA CULTURA DE PAZ ...<\/div>\n<a href=\"https:\/\/spanish.cpnn-world.org\/?p=11778\" class=\"_self pt-cv-href-thumbnail pt-cv-thumb-default cvplbd\" target=\"_self\" ><img decoding=\"async\" width=\"300\" src=\"https:\/\/spanish.cpnn-world.org\/wp-content\/uploads\/2025\/12\/disarm.jpg\" class=\"pt-cv-thumbnail img-none cvp-substitute\" alt=\"Bolet\u00edn espa\u00f1ol: el 1 de diciembre de 2025\" title=\"\" \/><\/a>\n<h4 class=\"pt-cv-title\"><a href=\"https:\/\/spanish.cpnn-world.org\/?p=11778\" class=\"_self cvplbd\" target=\"_self\" >Bolet\u00edn espa\u00f1ol: el 1 de diciembre de 2025<\/a><\/h4><\/div><\/div>\n<div class=\"col-md-3 col-sm-3 col-xs-3 pt-cv-content-item pt-cv-1-col\"  data-pid=\"11750\"><div class='pt-cv-ifield'><div class=\"pt-cv-content\">. EL MOVIMIENTO SIGUE CRECIENDO  ...<\/div>\n<a href=\"https:\/\/spanish.cpnn-world.org\/?p=11750\" class=\"_self pt-cv-href-thumbnail pt-cv-thumb-default cvplbd\" target=\"_self\" ><img decoding=\"async\" width=\"300\" src=\"https:\/\/spanish.cpnn-world.org\/wp-content\/uploads\/2025\/11\/HR.jpg\" class=\"pt-cv-thumbnail img-none cvp-substitute\" alt=\"Bolet\u00edn espa\u00f1ol: el 1 de noviembre de 2025\" title=\"\" \/><\/a>\n<h4 class=\"pt-cv-title\"><a href=\"https:\/\/spanish.cpnn-world.org\/?p=11750\" class=\"_self cvplbd\" target=\"_self\" >Bolet\u00edn espa\u00f1ol: el 1 de noviembre de 2025<\/a><\/h4><\/div><\/div>\n<div class=\"col-md-3 col-sm-3 col-xs-3 pt-cv-content-item pt-cv-1-col\"  data-pid=\"11731\"><div class='pt-cv-ifield'><div class=\"pt-cv-content\">D\u00cdA INTERNACIONAL DE LA PAZ - ...<\/div>\n<a href=\"https:\/\/spanish.cpnn-world.org\/?p=11731\" class=\"_self pt-cv-href-thumbnail pt-cv-thumb-default cvplbd\" target=\"_self\" ><img decoding=\"async\" width=\"300\" src=\"https:\/\/spanish.cpnn-world.org\/wp-content\/uploads\/2025\/09\/action-days.jpg\" class=\"pt-cv-thumbnail img-none cvp-substitute\" alt=\"Bolet\u00edn espa\u00f1ol: el 1 de octubre de 2025\" title=\"\" \/><\/a>\n<h4 class=\"pt-cv-title\"><a href=\"https:\/\/spanish.cpnn-world.org\/?p=11731\" class=\"_self cvplbd\" target=\"_self\" >Bolet\u00edn espa\u00f1ol: el 1 de octubre de 2025<\/a><\/h4><\/div><\/div><\/div><\/div>\n<div class=\"text-left pt-cv-pagination-wrapper\"><ul class=\"pt-cv-pagination pt-cv-ajax pagination\" data-totalpages=\"17\" data-currentpage=\"1\" data-sid=\"76ce2eagz5\" data-unid=\"\" data-isblock=\"\" data-postid=\"\"><li class=\"active\"><a href=\"#\">1<\/a><\/li>\n\t<li ><a class=\"\" href=\"https:\/\/spanish.cpnn-world.org\/index.php\/?_page=2&#038;rest_route=%2Fwp%2Fv2%2Fpages%2F807\">2<\/a><\/li>\n\t<li ><a class=\"\" href=\"https:\/\/spanish.cpnn-world.org\/index.php\/?_page=3&#038;rest_route=%2Fwp%2Fv2%2Fpages%2F807\">3<\/a><\/li>\n\t<li ><a href=\"#\">&hellip;<\/a><\/li>\n\t<li ><a class=\"\" href=\"https:\/\/spanish.cpnn-world.org\/index.php\/?_page=17&#038;rest_route=%2Fwp%2Fv2%2Fpages%2F807\">17<\/a><\/li>\n\t<li ><a class=\" \" href=\"https:\/\/spanish.cpnn-world.org\/index.php\/?_page=2&#038;rest_route=%2Fwp%2Fv2%2Fpages%2F807\">&rsaquo;<\/a><\/li>\n\t<\/ul><img loading=\"lazy\" decoding=\"async\" width=\"15\" height=\"15\" class=\"pt-cv-spinner\" alt=\"Loading...\" src=\"data:image\/gif;base64,R0lGODlhDwAPALMPAMrKygwMDJOTkz09PZWVla+vr3p6euTk5M7OzuXl5TMzMwAAAJmZmWZmZszMzP\/\/\/yH\/C05FVFNDQVBFMi4wAwEAAAAh+QQFCgAPACwAAAAADwAPAAAEQvDJaZaZOIcV8iQK8VRX4iTYoAwZ4iCYoAjZ4RxejhVNoT+mRGP4cyF4Pp0N98sBGIBMEMOotl6YZ3S61Bmbkm4mAgAh+QQFCgAPACwAAAAADQANAAAENPDJSRSZeA418itN8QiK8BiLITVsFiyBBIoYqnoewAD4xPw9iY4XLGYSjkQR4UAUD45DLwIAIfkEBQoADwAsAAAAAA8ACQAABC\/wyVlamTi3nSdgwFNdhEJgTJoNyoB9ISYoQmdjiZPcj7EYCAeCF1gEDo4Dz2eIAAAh+QQFCgAPACwCAAAADQANAAAEM\/DJBxiYeLKdX3IJZT1FU0iIg2RNKx3OkZVnZ98ToRD4MyiDnkAh6BkNC0MvsAj0kMpHBAAh+QQFCgAPACwGAAAACQAPAAAEMDC59KpFDll73HkAA2wVY5KgiK5b0RRoI6MuzG6EQqCDMlSGheEhUAgqgUUAFRySIgAh+QQFCgAPACwCAAIADQANAAAEM\/DJKZNLND\/kkKaHc3xk+QAMYDKsiaqmZCxGVjSFFCxB1vwy2oOgIDxuucxAMTAJFAJNBAAh+QQFCgAPACwAAAYADwAJAAAEMNAs86q1yaWwwv2Ig0jUZx3OYa4XoRAfwADXoAwfo1+CIjyFRuEho60aSNYlOPxEAAAh+QQFCgAPACwAAAIADQANAAAENPA9s4y8+IUVcqaWJ4qEQozSoAzoIyhCK2NFU2SJk0hNnyEOhKR2AzAAj4Pj4GE4W0bkJQIAOw==\" \/><div class=\"clear pt-cv-clear-pagination\"><\/div><\/div><\/div>\t\t\t<style type=\"text\/css\" id=\"pt-cv-inline-style-024e726qmp\">#pt-cv-view-76ce2eagz5 .pt-cv-title a, #pt-cv-view-76ce2eagz5  .panel-title { font-weight: 600 !important; }\n#pt-cv-view-76ce2eagz5 .pt-cv-readmore  { color: #ffffff !important; background-color: #00aeef !important; }\n#pt-cv-view-76ce2eagz5 .pt-cv-readmore:hover  { color: #ffffff !important; background-color: #00aeef !important; }\n#pt-cv-view-76ce2eagz5  + .pt-cv-pagination-wrapper .pt-cv-more , #pt-cv-view-76ce2eagz5  + .pt-cv-pagination-wrapper .pagination .active a, .pt-cv-pagination[data-sid='76ce2eagz5'] .active a { color: #ffffff !important; background-color: #00aeef !important; }<\/style>\r\n\t\t\t<\/p>\n","protected":false},"excerpt":{"rendered":"<p>Aqu\u00ed est\u00e1n los boletines en espanol desde el 1 de marzo de 2015. Por consultar las siguientes p\u00e1ginas, haga clic en los n\u00fameros de p\u00e1gina en la parte inferior. Para boletines antes de marzo de 2015, haga clic aqu\u00ed<\/p>\n","protected":false},"author":1,"featured_media":0,"parent":0,"menu_order":0,"comment_status":"closed","ping_status":"closed","template":"","meta":{"footnotes":""},"class_list":["post-807","page","type-page","status-publish","hentry"],"_links":{"self":[{"href":"https:\/\/spanish.cpnn-world.org\/index.php?rest_route=\/wp\/v2\/pages\/807","targetHints":{"allow":["GET"]}}],"collection":[{"href":"https:\/\/spanish.cpnn-world.org\/index.php?rest_route=\/wp\/v2\/pages"}],"about":[{"href":"https:\/\/spanish.cpnn-world.org\/index.php?rest_route=\/wp\/v2\/types\/page"}],"author":[{"embeddable":true,"href":"https:\/\/spanish.cpnn-world.org\/index.php?rest_route=\/wp\/v2\/users\/1"}],"replies":[{"embeddable":true,"href":"https:\/\/spanish.cpnn-world.org\/index.php?rest_route=%2Fwp%2Fv2%2Fcomments&post=807"}],"version-history":[{"count":4,"href":"https:\/\/spanish.cpnn-world.org\/index.php?rest_route=\/wp\/v2\/pages\/807\/revisions"}],"predecessor-version":[{"id":11745,"href":"https:\/\/spanish.cpnn-world.org\/index.php?rest_route=\/wp\/v2\/pages\/807\/revisions\/11745"}],"wp:attachment":[{"href":"https:\/\/spanish.cpnn-world.org\/index.php?rest_route=%2Fwp%2Fv2%2Fmedia&parent=807"}],"curies":[{"name":"wp","href":"https:\/\/api.w.org\/{rel}","templated":true}]}}