{"id":803,"date":"2015-03-20T14:23:21","date_gmt":"2015-03-20T18:23:21","guid":{"rendered":"http:\/\/cpnn-world.org\/temp\/?page_id=803"},"modified":"2015-03-20T14:23:21","modified_gmt":"2015-03-20T18:23:21","slug":"reportero","status":"publish","type":"page","link":"https:\/\/spanish.cpnn-world.org\/?page_id=803","title":{"rendered":"Reporteros"},"content":{"rendered":"<ul>\n<div class=\"page style\" style=\"width:80%;\">\n<big>\tCPNN tiene el potencial de proveer las noticias por una cultura por la paz todos los d\u00eda y en todas partes del mundo. Solo nos resta tener suficientes reporteros alrededor del mundo quienes escriban historias regularmente sobre lo que est\u00e1 sucediendo. All\u00ed es donde tu apareces.<\/p>\n<p>Est\u00e1s invitado a ser un reportero. Es f\u00e1cil. Todo lo que necesitas hacer es escribir una historia en la p\u00e1gina &#8220;<a href=\"?page_id=793\">Enviar un Art\u00edculo<\/a>&#8220;, y enviarlo con una fotograf\u00eda o logo que ilustre el art\u00edculo.<\/p>\n<p>Posiblemente te est\u00e9s preguntando \u00bfPorque deber\u00eda hacer esto? \u00bfQue hay en ello para mi?<\/p>\n<p>Aqu\u00ed puedes leer lo que algunos reporteros de CPNN han respondido a esa pregunta. (click en su fotograf\u00eda para acceder a uno de sus art\u00edculos). : <\/p>\n<p>Gracias a Tom\u00e1s Pomar por la traducci\u00f3n de esta p\u00e1gina en espa\u00f1ol. <\/p>\n<p align=\"center\">\n<div style='float:left; width:45%'>\n<p align=\"right\"><a href=\"http:\/\/cpnn-world.org\/cgi-bin\/read\/articlepage.cgi?ViewArticle=891\"><img loading=\"lazy\" decoding=\"async\" src=\"https:\/\/spanish.cpnn-world.org\/wp-content\/uploads\/2015\/03\/p891lb120h.jpg\" alt=\"p891lb120h\" width=\"200\" height=\"120\" class=\"alignnone size-full wp-image-1305\" \/><\/a><\/p>\n<p>&nbsp;<\/p>\n<p>&nbsp;<\/p>\n<p align=\"right\"><em><strong>&#8220;Para nosotros es importante ser un CPNN reporter para tener un grande publico con quien podemos compartir como es la situation en Colombia, que son nuestros sue\u00f1os y como trabajamos para cumplirlos.&#8221;<\/strong><\/em>  (Amada Benavides y Charlotte van der Tak, Colombia)<\/p>\n<p>&nbsp;<\/p>\n<p align=\"right\"><a href=\"http:\/\/cpnn-world.org\/cgi-bin\/read\/articlepage.cgi?ViewArticle=928\"><img loading=\"lazy\" decoding=\"async\" src=\"https:\/\/spanish.cpnn-world.org\/wp-content\/uploads\/2015\/03\/p928mm120h.jpg\" alt=\"p928mm120h\" width=\"200\" height=\"120\" class=\"alignnone size-full wp-image-1318\" \/><\/a><\/p>\n<p>&nbsp;<\/p>\n<p align=\"right\"><em><strong>&#8220;Ser un reportero CPNN es una elecci\u00f3n que he hecho de mi propia voluntad. Yo lo veo como una peque\u00f1a contribuci\u00f3n de mi parte para promover la cultura de la paz. Si todos y todas las personas en todo el mundo acaba de dar un paso hacia la paz, los vamos a ser millones que trabajan por la paz.&#8221; <\/strong><\/em>  (Priya Baligadoo, Mauricio)<\/p>\n<p>&nbsp;<\/p>\n<p align=\"right\"><a href=\"http:\/\/cpnn-world.org\/cgi-bin\/read\/articlepage.cgi?ViewArticle=869\"><img loading=\"lazy\" decoding=\"async\" src=\"https:\/\/spanish.cpnn-world.org\/wp-content\/uploads\/2015\/03\/p869kf120h.jpg\" alt=\"p869kf120h\" width=\"200\" height=\"120\" class=\"alignnone size-full wp-image-1326\" \/><\/a><\/p>\n<\/div>\n<div style='float:right; width:45%; margin-left:30px'>\n<em><strong>&#8220;Ser un reportero de CPNN es una peque\u00f1a forma en la que puedo contribuir compartiendo historias de paz e inspiraci\u00f3n. Siento que es un modo de ayudar a contrarrestar ciertas coberturas de los medios masivos, los que suelen concentrarse en la guerra y el miedo.&#8221; <\/strong><\/em> (Skye Stephenson, EE.UU.)<\/p>\n<p>&nbsp;<\/p>\n<p><a href=\"http:\/\/cpnn-world.org\/cgi-bin\/read\/articlepage.cgi?ViewArticle=972\"><img loading=\"lazy\" decoding=\"async\" src=\"https:\/\/spanish.cpnn-world.org\/wp-content\/uploads\/2015\/03\/p972og120h.jpg\" alt=\"p972og120h\" width=\"200\" height=\"120\" class=\"alignnone size-full wp-image-1316\" \/><\/a><\/p>\n<p>&nbsp;<\/p>\n<p><em><strong>&#8220;Ser un reportero para CPNN significa que puedo informar al p\u00fablico. interesado y activo en la Cultura de la Paz, sobre los grupos e individuos que trabajan para lograr el cambio donde realmente pueden lograr lo mejor.&#8221;<\/strong><\/em> (Janet Hudgins, Canada) <\/p>\n<p>&nbsp;<\/p>\n<p><a href=\"http:\/\/cpnn-world.org\/cgi-bin\/read\/articlepage.cgi?ViewArticle=624\"><img loading=\"lazy\" decoding=\"async\" src=\"https:\/\/spanish.cpnn-world.org\/wp-content\/uploads\/2015\/03\/p624zn120h.jpg\" alt=\"p624zn120h\" width=\"200\" height=\"120\" class=\"alignnone size-full wp-image-1324\" \/><\/a><\/p>\n<p>&nbsp;<\/p>\n<p><em><strong>&#8220;Para m\u00ed ser parte de CPNN e informar para el es comprometerme con el mundo con esperanza. Da la capacidad de elevarse por encima del cinismo cotidiano y de buscar activamente por inspiraci\u00f3n as\u00ed como de creer que otro mundo es posible. La alegr\u00eda de escuchar historias que otros han recompilado y presentado me da fuerza para trabajar por la transformaci\u00f3n social y la cultura de la paz al darme un sentido de comunidad y pertenencia.&#8221; <\/strong><\/em> (Shreya Jani, India)<\/p>\n<\/div>\n<p><\/big>\n<\/div>\n<\/ul>\n","protected":false},"excerpt":{"rendered":"<p>CPNN tiene el potencial de proveer las noticias por una cultura por la paz todos los d\u00eda y en todas partes del mundo. Solo nos resta tener suficientes reporteros alrededor del mundo quienes escriban historias regularmente sobre lo que est\u00e1 sucediendo. All\u00ed es donde tu apareces. Est\u00e1s invitado a ser un reportero. Es f\u00e1cil. Todo &hellip; <a href=\"https:\/\/spanish.cpnn-world.org\/?page_id=803\" class=\"more-link\">Continue reading <span class=\"screen-reader-text\">Reporteros<\/span> <span class=\"meta-nav\">&rarr;<\/span><\/a><\/p>\n","protected":false},"author":1,"featured_media":0,"parent":0,"menu_order":0,"comment_status":"closed","ping_status":"closed","template":"","meta":{"footnotes":""},"class_list":["post-803","page","type-page","status-publish","hentry"],"_links":{"self":[{"href":"https:\/\/spanish.cpnn-world.org\/index.php?rest_route=\/wp\/v2\/pages\/803","targetHints":{"allow":["GET"]}}],"collection":[{"href":"https:\/\/spanish.cpnn-world.org\/index.php?rest_route=\/wp\/v2\/pages"}],"about":[{"href":"https:\/\/spanish.cpnn-world.org\/index.php?rest_route=\/wp\/v2\/types\/page"}],"author":[{"embeddable":true,"href":"https:\/\/spanish.cpnn-world.org\/index.php?rest_route=\/wp\/v2\/users\/1"}],"replies":[{"embeddable":true,"href":"https:\/\/spanish.cpnn-world.org\/index.php?rest_route=%2Fwp%2Fv2%2Fcomments&post=803"}],"version-history":[{"count":0,"href":"https:\/\/spanish.cpnn-world.org\/index.php?rest_route=\/wp\/v2\/pages\/803\/revisions"}],"wp:attachment":[{"href":"https:\/\/spanish.cpnn-world.org\/index.php?rest_route=%2Fwp%2Fv2%2Fmedia&parent=803"}],"curies":[{"name":"wp","href":"https:\/\/api.w.org\/{rel}","templated":true}]}}