{"id":801,"date":"2015-03-20T14:22:45","date_gmt":"2015-03-20T18:22:45","guid":{"rendered":"http:\/\/cpnn-world.org\/temp\/?page_id=801"},"modified":"2022-01-30T17:13:54","modified_gmt":"2022-01-30T17:13:54","slug":"enviar","status":"publish","type":"page","link":"https:\/\/spanish.cpnn-world.org\/?page_id=801","title":{"rendered":"Enviar"},"content":{"rendered":"<ul>\n<div class=\"page style\" style=\"width:80%;\">\n<p>Usted est\u00e1 invitado a enviar un art\u00edculo a CPNN aqu\u00ed. Debe ser menos de 1000 palabras. Para las reglas de CPNN para la redacci\u00f3n de informes, consulte <a href=\"http:\/\/english.cpnn-world.org\/?page_id=799\">Reglas<\/a>.&#8221;<\/p>\n\n<div class=\"wpcf7 no-js\" id=\"wpcf7-f1249-o1\" lang=\"es-ES\" dir=\"ltr\" data-wpcf7-id=\"1249\">\n<div class=\"screen-reader-response\"><p role=\"status\" aria-live=\"polite\" aria-atomic=\"true\"><\/p> <ul><\/ul><\/div>\n<form action=\"\/index.php?rest_route=%2Fwp%2Fv2%2Fpages%2F801#wpcf7-f1249-o1\" method=\"post\" class=\"wpcf7-form init\" aria-label=\"Contact form\" novalidate=\"novalidate\" data-status=\"init\">\n<fieldset class=\"hidden-fields-container\"><input type=\"hidden\" name=\"_wpcf7\" value=\"1249\" \/><input type=\"hidden\" name=\"_wpcf7_version\" value=\"6.1.5\" \/><input type=\"hidden\" name=\"_wpcf7_locale\" value=\"es_ES\" \/><input type=\"hidden\" name=\"_wpcf7_unit_tag\" value=\"wpcf7-f1249-o1\" \/><input type=\"hidden\" name=\"_wpcf7_container_post\" value=\"0\" \/><input type=\"hidden\" name=\"_wpcf7_posted_data_hash\" value=\"\" \/>\n<\/fieldset>\n<p>Su nombre (requerido)\n<\/p>\n<p><span class=\"wpcf7-form-control-wrap\" data-name=\"your-name\"><input size=\"40\" maxlength=\"400\" class=\"wpcf7-form-control wpcf7-text wpcf7-validates-as-required\" aria-required=\"true\" aria-invalid=\"false\" value=\"\" type=\"text\" name=\"your-name\" \/><\/span>\n<\/p>\n<p>Su e-mail (requerido)\n<\/p>\n<p><span class=\"wpcf7-form-control-wrap\" data-name=\"your-email\"><input size=\"40\" maxlength=\"400\" class=\"wpcf7-form-control wpcf7-email wpcf7-validates-as-required wpcf7-text wpcf7-validates-as-email\" aria-required=\"true\" aria-invalid=\"false\" value=\"\" type=\"email\" name=\"your-email\" \/><\/span>\n<\/p>\n<p>T\u00edtulo del art\u00edculo\n<\/p>\n<p><span class=\"wpcf7-form-control-wrap\" data-name=\"your-subject\"><input size=\"40\" maxlength=\"400\" class=\"wpcf7-form-control wpcf7-text\" aria-invalid=\"false\" value=\"\" type=\"text\" name=\"your-subject\" \/><\/span>\n<\/p>\n<p>Texto del art\u00edculo\n<\/p>\n<p><span class=\"wpcf7-form-control-wrap\" data-name=\"your-message\"><textarea cols=\"40\" rows=\"10\" maxlength=\"2000\" class=\"wpcf7-form-control wpcf7-textarea\" aria-invalid=\"false\" name=\"your-message\"><\/textarea><\/span>\n<\/p>\n<p><input class=\"wpcf7-form-control wpcf7-submit has-spinner\" type=\"submit\" value=\"Enviar\" \/>\n<\/p><div class=\"wpcf7-response-output\" aria-hidden=\"true\"><\/div>\n<\/form>\n<\/div>\n\n<p>Est\u00e1 invitado a enviar una foto para adjuntar al art\u00edculo.<br \/>\nEnviarlo \u00e0 <img loading=\"lazy\" decoding=\"async\" src=\"https:\/\/spanish.cpnn-world.org\/wp-content\/uploads\/2015\/03\/small-coordinator.png\" alt=\"small coordinator\" width=\"250\" height=\"33\" class=\"alignnone size-full wp-image-1231\" \/> .<br \/>\n(Para evitar el correo Spam tenga en cuenta que esta direcci\u00f3n no es un link directo y ustede debe copiarla a mano en el espacio de direcciones en su correo)\n<\/div>\n<\/ul>\n","protected":false},"excerpt":{"rendered":"<p>Usted est\u00e1 invitado a enviar un art\u00edculo a CPNN aqu\u00ed. Debe ser menos de 1000 palabras. Para las reglas de CPNN para la redacci\u00f3n de informes, consulte Reglas.&#8221; Est\u00e1 invitado a enviar una foto para adjuntar al art\u00edculo. Enviarlo \u00e0 . (Para evitar el correo Spam tenga en cuenta que esta direcci\u00f3n no es un &hellip; <a href=\"https:\/\/spanish.cpnn-world.org\/?page_id=801\" class=\"more-link\">Continue reading <span class=\"screen-reader-text\">Enviar<\/span> <span class=\"meta-nav\">&rarr;<\/span><\/a><\/p>\n","protected":false},"author":1,"featured_media":0,"parent":0,"menu_order":0,"comment_status":"closed","ping_status":"closed","template":"","meta":{"footnotes":""},"class_list":["post-801","page","type-page","status-publish","hentry"],"_links":{"self":[{"href":"https:\/\/spanish.cpnn-world.org\/index.php?rest_route=\/wp\/v2\/pages\/801","targetHints":{"allow":["GET"]}}],"collection":[{"href":"https:\/\/spanish.cpnn-world.org\/index.php?rest_route=\/wp\/v2\/pages"}],"about":[{"href":"https:\/\/spanish.cpnn-world.org\/index.php?rest_route=\/wp\/v2\/types\/page"}],"author":[{"embeddable":true,"href":"https:\/\/spanish.cpnn-world.org\/index.php?rest_route=\/wp\/v2\/users\/1"}],"replies":[{"embeddable":true,"href":"https:\/\/spanish.cpnn-world.org\/index.php?rest_route=%2Fwp%2Fv2%2Fcomments&post=801"}],"version-history":[{"count":1,"href":"https:\/\/spanish.cpnn-world.org\/index.php?rest_route=\/wp\/v2\/pages\/801\/revisions"}],"predecessor-version":[{"id":9993,"href":"https:\/\/spanish.cpnn-world.org\/index.php?rest_route=\/wp\/v2\/pages\/801\/revisions\/9993"}],"wp:attachment":[{"href":"https:\/\/spanish.cpnn-world.org\/index.php?rest_route=%2Fwp%2Fv2%2Fmedia&parent=801"}],"curies":[{"name":"wp","href":"https:\/\/api.w.org\/{rel}","templated":true}]}}