{"id":799,"date":"2015-03-20T14:22:20","date_gmt":"2015-03-20T18:22:20","guid":{"rendered":"http:\/\/cpnn-world.org\/temp\/?page_id=799"},"modified":"2015-03-20T14:22:20","modified_gmt":"2015-03-20T18:22:20","slug":"reglas","status":"publish","type":"page","link":"https:\/\/spanish.cpnn-world.org\/?page_id=799","title":{"rendered":"Reglas"},"content":{"rendered":"<ul>\n<div class=\"page style\" style=\"width:80%;\">\n<big>Todos los art\u00edculos de CPNN expresan el esp\u00edritu de una Cultura de Paz. En particular cada art\u00edculo debe ser :\t<\/p>\n<p>\t<em><strong>Positivo:<\/strong><\/em><br \/>\nContribuir positivamente promoviendo al menos una de las ocho \u00e1reas del programa sobre Cultura de Paz (educaci\u00f3n para la paz, desarrollo sustentable, derechos humanos, igualdad entre mujeres \/hombres, participaci\u00f3n democr\u00e1tica, tolerancia y solidaridad, libre circulaci\u00f3n de la informaci\u00f3n y \/o desarme y seguridad).CPNN no intenta censurar acciones negativas o publicaciones violentas, pero s\u00ed difunde informaci\u00f3n sobre eventos que promuevan valores, acciones y comportamientos vinculados a una Cultura de Paz.<\/p>\n<p>\t<em><strong>Compatible:<\/strong><\/em><br \/>\nEl contenido de los art\u00edculos debe ser compatible con los ocho dominios definidos en el programa de cultura de paz y no deben contradecirlo. Por ejemplo, los art\u00edculos no deben incitar a la violencia o intolerancia ni utilizar im\u00e1genes o palabras vistas como un estereotipo o racistas.<\/p>\n<p>\t<em><strong>Comprensible:<\/strong><\/em><br \/>\nEl objetivo es escribir en un lenguaje cotidiano y claro que pueda ser le\u00eddo y comprendido por todos los visitantes de CPNN y que puedan ser f\u00e1cilmente traducidos en diversos idiomas. Las palabras poco conocidas deben ser evitadas o acompa\u00f1adas de una explicaci\u00f3n. La ortograf\u00eda y gram\u00e1tica deben ser correctas. .<\/p>\n<p>\t<em><strong>Breve:<\/strong><\/em><br \/>\nLos art\u00edculos deber\u00e1n ser breves (usualmente con una extensi\u00f3n de un p\u00e1rrafo a una p\u00e1gina, entre 400 y 500 palabras ) y deben ir directamente al asunto. Los visitantes abandonan la lectura si los textos son demasiado largos o no contienen material relevante.<\/p>\n<p>\t<em><strong>Estimulante:<\/strong><\/em><br \/>\nLos informes deben mostrar que la paz puede ser una aventura apasionante y movilizante. Construir la paz requiere de mayor coraje que hacer la guerra. No debemos evitar las contradicciones y los materiales conflictivos porque sino esto puede hacer creer que la paz es aburrida y pasiva. Por el contrario , existe una energ\u00eda dentro de los conflictos no violentos que puede ser empleada de manera constructiva, favoreciendo el di\u00e1logo y el debate.<\/p>\n<p>\t<em><strong>Cort\u00e9s:<\/strong><\/em><br \/>\nLa conducta en internet deber\u00e1 observar las reglas de la etiqueta (llamada \u00ab netiquette \u00bb en el idioma utilizado en internet) y no se podr\u00e1 utilizar jam\u00e1s lenguaje violento, racista o sexista. La manera en que los participantes se relacionan entre s\u00ed dentro del debate en CPNN debe ser congruente con las ocho premisas de la cultura de paz.<\/p>\n<p>\t<em><strong>Confiable:<\/strong><\/em><br \/>\nLos informes deben ser precisos y dignos de confianza. No deben incluir ninguna informaci\u00f3n falsa. La fuente de informaci\u00f3n debe ser indicada. Si la fuente es el mismo autor o un testigo, es preferible que el art\u00edculo sea escrito en primera persona. Si proviene de un diario o de internet los detalles de la fuente deben ser proporcionados para que los lectores puedan acceder a ellos y leerlos directamente.<\/p>\n<p>\t<em><strong>Interactivo:<\/strong><\/em><br \/>\nLos informes deben dar la impresi\u00f3n de que dentro de los debates cada lector se encuentra invitado a dar su punto de vista sobre el tema en discusi\u00f3n. Aunque los puntos de vista sean diferentes, deben ser expresados con respeto y consideraci\u00f3n, de esta manera, el di\u00e1logo se vuelve enriquecedor para todos.<\/p>\n<p>\t<em><strong>Especifico:<\/strong><\/em><br \/>\nLos art\u00edculos deber\u00e1n referirse a eventos, proyectos o producciones art\u00edsticas precisas, en lugar de comentarios vagos, generales o abstractos. Los art\u00edculos de CPNN deben reflejar acciones o eventos medi\u00e1ticos, pero a diferencia de los medios comerciales, los art\u00edculos de CPNN no tienen que ser &#8220;noticias de \u00faltima hora.&#8221; En cambio, pueden ser &#8220;noticias lentas&#8221; sobre procesos que se desarrollen a trav\u00e9s de un largo per\u00edodo de tiempo.<\/p>\n<p>\t<em><strong>P\u00fablico:<\/strong><\/em><br \/>\nLos eventos a los cuales se hace referencia deber\u00e1n encontrarse abiertos a toda audiencia y a disposici\u00f3n del p\u00fablico en general. Por favor, indique informaci\u00f3n relevante que permita acceder a dichos eventos o a la noticia sobre la cual se informa.<\/p>\n<p><\/big><\/div>\n<\/ul>\n","protected":false},"excerpt":{"rendered":"<p>Todos los art\u00edculos de CPNN expresan el esp\u00edritu de una Cultura de Paz. En particular cada art\u00edculo debe ser : Positivo: Contribuir positivamente promoviendo al menos una de las ocho \u00e1reas del programa sobre Cultura de Paz (educaci\u00f3n para la paz, desarrollo sustentable, derechos humanos, igualdad entre mujeres \/hombres, participaci\u00f3n democr\u00e1tica, tolerancia y solidaridad, libre &hellip; <a href=\"https:\/\/spanish.cpnn-world.org\/?page_id=799\" class=\"more-link\">Continue reading <span class=\"screen-reader-text\">Reglas<\/span> <span class=\"meta-nav\">&rarr;<\/span><\/a><\/p>\n","protected":false},"author":1,"featured_media":0,"parent":0,"menu_order":0,"comment_status":"closed","ping_status":"closed","template":"","meta":{"footnotes":""},"class_list":["post-799","page","type-page","status-publish","hentry"],"_links":{"self":[{"href":"https:\/\/spanish.cpnn-world.org\/index.php?rest_route=\/wp\/v2\/pages\/799","targetHints":{"allow":["GET"]}}],"collection":[{"href":"https:\/\/spanish.cpnn-world.org\/index.php?rest_route=\/wp\/v2\/pages"}],"about":[{"href":"https:\/\/spanish.cpnn-world.org\/index.php?rest_route=\/wp\/v2\/types\/page"}],"author":[{"embeddable":true,"href":"https:\/\/spanish.cpnn-world.org\/index.php?rest_route=\/wp\/v2\/users\/1"}],"replies":[{"embeddable":true,"href":"https:\/\/spanish.cpnn-world.org\/index.php?rest_route=%2Fwp%2Fv2%2Fcomments&post=799"}],"version-history":[{"count":0,"href":"https:\/\/spanish.cpnn-world.org\/index.php?rest_route=\/wp\/v2\/pages\/799\/revisions"}],"wp:attachment":[{"href":"https:\/\/spanish.cpnn-world.org\/index.php?rest_route=%2Fwp%2Fv2%2Fmedia&parent=799"}],"curies":[{"name":"wp","href":"https:\/\/api.w.org\/{rel}","templated":true}]}}