{"id":797,"date":"2015-03-20T14:21:54","date_gmt":"2015-03-20T18:21:54","guid":{"rendered":"http:\/\/cpnn-world.org\/temp\/?page_id=797"},"modified":"2015-03-20T14:21:54","modified_gmt":"2015-03-20T18:21:54","slug":"escribir","status":"publish","type":"page","link":"https:\/\/spanish.cpnn-world.org\/?page_id=797","title":{"rendered":"Escribir"},"content":{"rendered":"<ul>\n<div class=\"page style\" style=\"width:80%;\">\n<big><strong><em>\u00a1 Forme parte de la historia escribiendo un art\u00edculo para CPNN !<\/em><\/strong><\/p>\n<p align=\"justify\">Puede unirse a la creciente toma de conciencia y a <a href=\"http:\/\/decade-culture-of-peace.org\/spanish.html\">las acciones<\/a> que se encuentran en v\u00edas de reemplazar a la cultura de la guerra que existe desde el comienzo de nuestra historia por una cultura de paz. Comparta junto a los lectores de CPNN sus experiencias personales, sus actividades o aquellas que usted ha podido encontrar en los diarios, en Internet, en el teatro, en el cine, etc, que promuevan una cultura de paz.<\/p>\n<p align=\"justify\">1. Para escribir un art\u00edculo, consulte primero <a href=\"?page_id=799\">las reglas de CPNN<\/a>, complete el formulario y luego <a href=\"?page_id=801\">suba su art\u00edculo<\/a>. Tambi\u00e9n, por favor env\u00edenos una foto para poder acompa\u00f1ar con una imagen su art\u00edculo que, generalmente, estar\u00e1 on line el mismo d\u00eda que lo env\u00ede.<\/p>\n<p align=\"justify\">2. Para escribir un comentario o a\u00f1adir informaci\u00f3n a un art\u00edculo que ya se ha escrito, puede enviar un comentario en el formulario siguiente del art\u00edculo. En un d\u00eda o dos, su art\u00edculo ser\u00e1 moderado por CPNN y se colocar\u00e1 en la secci\u00f3n de discusi\u00f3n, a la derecha del art\u00edculo.<\/p>\n<p><\/big><\/div>\n<\/ul>\n","protected":false},"excerpt":{"rendered":"<p>\u00a1 Forme parte de la historia escribiendo un art\u00edculo para CPNN ! Puede unirse a la creciente toma de conciencia y a las acciones que se encuentran en v\u00edas de reemplazar a la cultura de la guerra que existe desde el comienzo de nuestra historia por una cultura de paz. Comparta junto a los lectores &hellip; <a href=\"https:\/\/spanish.cpnn-world.org\/?page_id=797\" class=\"more-link\">Continue reading <span class=\"screen-reader-text\">Escribir<\/span> <span class=\"meta-nav\">&rarr;<\/span><\/a><\/p>\n","protected":false},"author":1,"featured_media":0,"parent":0,"menu_order":0,"comment_status":"closed","ping_status":"closed","template":"","meta":{"footnotes":""},"class_list":["post-797","page","type-page","status-publish","hentry"],"_links":{"self":[{"href":"https:\/\/spanish.cpnn-world.org\/index.php?rest_route=\/wp\/v2\/pages\/797","targetHints":{"allow":["GET"]}}],"collection":[{"href":"https:\/\/spanish.cpnn-world.org\/index.php?rest_route=\/wp\/v2\/pages"}],"about":[{"href":"https:\/\/spanish.cpnn-world.org\/index.php?rest_route=\/wp\/v2\/types\/page"}],"author":[{"embeddable":true,"href":"https:\/\/spanish.cpnn-world.org\/index.php?rest_route=\/wp\/v2\/users\/1"}],"replies":[{"embeddable":true,"href":"https:\/\/spanish.cpnn-world.org\/index.php?rest_route=%2Fwp%2Fv2%2Fcomments&post=797"}],"version-history":[{"count":0,"href":"https:\/\/spanish.cpnn-world.org\/index.php?rest_route=\/wp\/v2\/pages\/797\/revisions"}],"wp:attachment":[{"href":"https:\/\/spanish.cpnn-world.org\/index.php?rest_route=%2Fwp%2Fv2%2Fmedia&parent=797"}],"curies":[{"name":"wp","href":"https:\/\/api.w.org\/{rel}","templated":true}]}}