{"id":769,"date":"2015-03-20T14:10:58","date_gmt":"2015-03-20T18:10:58","guid":{"rendered":"http:\/\/cpnn-world.org\/temp\/?page_id=769"},"modified":"2024-09-11T10:50:08","modified_gmt":"2024-09-11T08:50:08","slug":"nosotros","status":"publish","type":"page","link":"https:\/\/spanish.cpnn-world.org\/?page_id=769","title":{"rendered":"Nosotros"},"content":{"rendered":"<ul>\n<div class=\"page style\" style=\"width:80%;\">\n<p align=justify><big>CPNN \u201cCulture of Peace News Network\u201d ( Red de Informaci\u00f3n por una Cultura de Paz), es un proyecto del <a href=\"?page_id=765\">Movimiento mundial por una cultura de Paz<\/a>, iniciado por las <a href=\"?page_id=763\">Naciones Unidas<\/a>, donde los lectores pueden intercambiar noticias, sobre eventos, experiencias, libros, m\u00fasica e informaci\u00f3n web que promueva la cultura de paz.<\/p>\n<p>El sitio web est\u00e1 gestionado por la &#8220;Culture of Peace Corporation&#8221; con sede en France, que consta de equipos de j\u00f3venes, incluyendo:<br \/>\n&#8211; El grupo que dirigi\u00f3 el Informe de la Sociedad Civil para el Decenio de una Cultura de Paz de la ONU<br \/>\n&#8211; y otros j\u00f3venes que han trabajado en el Fondo de Solidaridad de la Juventud para la Alianza de Civilizaciones de las Naciones Unidas y \/ o como reporteros en CPNN.<\/p>\n<p>El fundador y presidente de la Corporaci\u00f3n es <a href=\"http:\/\/culture-of-peace.info\">David Adams<\/a>, quien inici\u00f3 CPNN a la UNESCO en la d\u00e9cada de 1990 (ver <a href=\"http:\/\/decade-culture-of-peace.org\/blog\">su blog<\/a>).<\/big><\/p>\n<div style=\"float: left; width: 46%;\">\n<p><a href=\"https:\/\/spanish.cpnn-world.org\/wp-content\/uploads\/2023\/01\/Compostela.jpg\"><img loading=\"lazy\" decoding=\"async\" src=\"https:\/\/spanish.cpnn-world.org\/wp-content\/uploads\/2023\/01\/Compostela.jpg\" alt=\"\" width=\"1596\" height=\"968\" class=\"alignnone size-full wp-image-10527\" srcset=\"https:\/\/spanish.cpnn-world.org\/wp-content\/uploads\/2023\/01\/Compostela.jpg 1596w, https:\/\/spanish.cpnn-world.org\/wp-content\/uploads\/2023\/01\/Compostela-300x182.jpg 300w, https:\/\/spanish.cpnn-world.org\/wp-content\/uploads\/2023\/01\/Compostela-1024x621.jpg 1024w, https:\/\/spanish.cpnn-world.org\/wp-content\/uploads\/2023\/01\/Compostela-768x466.jpg 768w, https:\/\/spanish.cpnn-world.org\/wp-content\/uploads\/2023\/01\/Compostela-1536x932.jpg 1536w\" sizes=\"auto, (max-width: 1596px) 100vw, 1596px\" \/><\/a><br \/>\n<big>Equipo de J\u00f3venes para el informe mundial en 2011<\/big><br \/>\nDe izquierda a derecha: los concejales Alicia Cabezudo y David Adams; Equipo juvenil: Marcos Estrada (Brasil), Shreya Jani (India); Meg Villanueva (Filipinas); Lillian Solhem (Noruega); Oliver Rizzi Carlson (Suiza), Johanna Ospina (Colombia); y Cecile Barbeito (Espa\u00f1a).<\/p>\n<\/p>\n<\/div>\n<div style=\"float: right; width: 46%;\">\n<a href=\"https:\/\/spanish.cpnn-world.org\/wp-content\/uploads\/2023\/01\/Board-names.jpg\"><img loading=\"lazy\" decoding=\"async\" src=\"https:\/\/spanish.cpnn-world.org\/wp-content\/uploads\/2023\/01\/Board-names.jpg\" alt=\"\" width=\"789\" height=\"734\" class=\"alignnone size-full wp-image-10529\" srcset=\"https:\/\/spanish.cpnn-world.org\/wp-content\/uploads\/2023\/01\/Board-names.jpg 789w, https:\/\/spanish.cpnn-world.org\/wp-content\/uploads\/2023\/01\/Board-names-300x279.jpg 300w, https:\/\/spanish.cpnn-world.org\/wp-content\/uploads\/2023\/01\/Board-names-768x714.jpg 768w\" sizes=\"auto, (max-width: 789px) 100vw, 789px\" \/><\/a><br \/>\n(Click en la foto para ampliarla)\n<\/div>\n<div stye=\"clear: both;\"><\/div>\n<\/p>\n<\/div>\n<div style=\"float: left; width: 95%;\">\n<p><big>CPNN fu\u00e9 lanzado en la <a href=\"http:\/\/www.culture-of-peace.info\/history\/page32.html\">Unesco en 1998<\/a>, y a continuado desde 2002 hasta 2007 como <a href=\"http:\/\/cpnn-world.org\/usa-homepage.html\">CPNN-USA<\/a> y CPNN-Japon. CPNN USA se encuentra actualmente integrado a CPNN Mundial, mientras que CPNN Jap\u00f3n fu\u00e9 dado de baja. CPNN fu\u00e9 reconocido por la Asamblea General de la ONU dentro de sus resoluciones anuales por la D\u00e9cada de Cultura de Paz (<a href=\"http:\/\/cpnn-world.org\/documents\/A-64-80-sp.pdf\">p\u00e1rrafo 9<\/a>) y lo llama a su expansi\u00f3n como red mundial de sitios de internet en diferentes idiomas.<\/p>\n<p>Dentro de CPNN, usted puede encontrar las diferentes acciones, eventos y revistas medi\u00e1ticas relativas a la paz mundial.<\/p>\n<p><center>UNASE A NUESTRO EQUIPO DE REPORTEROS<\/center><\/p>\n<p>Seguimos buscando para los reporteros voluntarios de todas las regiones del mundo. Haga clic <a href=\"?page_id=803\">aqu\u00ed<\/a> para aprender m\u00e1s.<\/p>\n<p>Usted est\u00e1 invitado a <a href=\"?page_id=797\">escribir<\/a> sus propios art\u00edculos seg\u00fan las reglas de CPNN..<\/p>\n<p>Si usted o su organizaci\u00f3n desea saber m\u00e1s acerca de como formar parte de este proyecto, no dude en contactarnos haciendo click <a href=\"?page_id=895\">aqu\u00ed<\/a>.<\/p>\n<p><\/big><\/div>\n<\/ul>\n","protected":false},"excerpt":{"rendered":"<p>CPNN \u201cCulture of Peace News Network\u201d ( Red de Informaci\u00f3n por una Cultura de Paz), es un proyecto del Movimiento mundial por una cultura de Paz, iniciado por las Naciones Unidas, donde los lectores pueden intercambiar noticias, sobre eventos, experiencias, libros, m\u00fasica e informaci\u00f3n web que promueva la cultura de paz. El sitio web est\u00e1 &hellip; <a href=\"https:\/\/spanish.cpnn-world.org\/?page_id=769\" class=\"more-link\">Continue reading <span class=\"screen-reader-text\">Nosotros<\/span> <span class=\"meta-nav\">&rarr;<\/span><\/a><\/p>\n","protected":false},"author":1,"featured_media":0,"parent":0,"menu_order":0,"comment_status":"closed","ping_status":"closed","template":"","meta":{"footnotes":""},"class_list":["post-769","page","type-page","status-publish","hentry"],"_links":{"self":[{"href":"https:\/\/spanish.cpnn-world.org\/index.php?rest_route=\/wp\/v2\/pages\/769","targetHints":{"allow":["GET"]}}],"collection":[{"href":"https:\/\/spanish.cpnn-world.org\/index.php?rest_route=\/wp\/v2\/pages"}],"about":[{"href":"https:\/\/spanish.cpnn-world.org\/index.php?rest_route=\/wp\/v2\/types\/page"}],"author":[{"embeddable":true,"href":"https:\/\/spanish.cpnn-world.org\/index.php?rest_route=\/wp\/v2\/users\/1"}],"replies":[{"embeddable":true,"href":"https:\/\/spanish.cpnn-world.org\/index.php?rest_route=%2Fwp%2Fv2%2Fcomments&post=769"}],"version-history":[{"count":7,"href":"https:\/\/spanish.cpnn-world.org\/index.php?rest_route=\/wp\/v2\/pages\/769\/revisions"}],"predecessor-version":[{"id":11331,"href":"https:\/\/spanish.cpnn-world.org\/index.php?rest_route=\/wp\/v2\/pages\/769\/revisions\/11331"}],"wp:attachment":[{"href":"https:\/\/spanish.cpnn-world.org\/index.php?rest_route=%2Fwp%2Fv2%2Fmedia&parent=769"}],"curies":[{"name":"wp","href":"https:\/\/api.w.org\/{rel}","templated":true}]}}