{"id":767,"date":"2015-03-20T14:10:12","date_gmt":"2015-03-20T18:10:12","guid":{"rendered":"http:\/\/cpnn-world.org\/temp\/?page_id=767"},"modified":"2016-05-17T13:51:43","modified_gmt":"2016-05-17T13:51:43","slug":"valores","status":"publish","type":"page","link":"https:\/\/spanish.cpnn-world.org\/?page_id=767","title":{"rendered":"Valores"},"content":{"rendered":"<div class=\"page style\" style=\"width: 80%;\">\n<p>Las resoluciones de las Naciones Unidas acerca de una Cultura de Paz, apoyaron en el an\u00e1lisis de valores, actitudes y comportamientos que son necesarios para la existencia de una cultura de guerra y violencia. \u00bfCu\u00e1les son ellos ?<\/p>\n<p>Se form\u00f3 una lista a partir a partir de las conferencias que se dictaron por todo el mundo y de las respuestas a la pregunta \u00ab \u00bfCu\u00e1les son las caracter\u00edsticas de una cultura de guerra ? \u00bb Aunque las listas difieren en los t\u00e9rminos y en el orden presentado , pero tienen una consistencia remarcable Aparentemente la cultura de guerra y violencia es presentada y reconocida en todo el mundo. En la siguiente tabla se presentan las respuestas agrupadas en ocho categor\u00edas, expresadas cada una de varias formas.<\/p>\n\n<table id=\"tablepress-2\" class=\"tablepress tablepress-id-2\">\n<thead>\n<tr class=\"row-1\">\n\t<th class=\"column-1\">El poder basado en la fuerza\/ Creencia de que la violencia es eficaz\/Formaci\u00f3n militar<\/th>\n<\/tr>\n<\/thead>\n<tbody class=\"row-striping row-hover\">\n<tr class=\"row-2\">\n\t<td class=\"column-1\">Beneficios mediante la explotaci\u00f3n de personas y la naturaleza dentro y \/o entre pa\u00edses ( avaricia)<\/td>\n<\/tr>\n<tr class=\"row-3\">\n\t<td class=\"column-1\">Rechazo a los Derechos Humanos (pueblos que viven con temor)<\/td>\n<\/tr>\n<tr class=\"row-4\">\n\t<td class=\"column-1\">Dominaci\u00f3n y poder masculino \/Patriarcado<\/td>\n<\/tr>\n<tr class=\"row-5\">\n\t<td class=\"column-1\">Gobiernos autoritarios \/ Corrupci\u00f3n \/ Obediencia a las  \u00f3rdenes de la jerarqu\u00eda (sometimiento y miedo)<\/td>\n<\/tr>\n<tr class=\"row-6\">\n\t<td class=\"column-1\">Identificaci\u00f3n del enemigo\/ Intolerancia y xenofobia\/ Fanatismo nacionalista\/ Intolerancia religiosa (sospecha y miedo)<\/td>\n<\/tr>\n<tr class=\"row-7\">\n\t<td class=\"column-1\">Propaganda \/Secretismo \/Control de los medios por el Estado\/ Lenguaje militar\/Censura<\/td>\n<\/tr>\n<tr class=\"row-8\">\n\t<td class=\"column-1\">Armamento\/Armas\/Preparativos para la guerra\/ Industria militar<\/td>\n<\/tr>\n<\/tbody>\n<\/table>\n<!-- #tablepress-2 from cache -->\n<p>Cuando el Programa de Acci\u00f3n sobre la Cultura de Paz fue escrito por la UNESCO en 1998 <a href=\"http:\/\/culture-of-peace.info\/annexes\/resA-53-370\/coverpage.html\">(Documento A\/53\/370 de la ONU<\/a>), las mismas ocho caracter\u00edsticas de la cultura de guerra fueron tomadas en consideraci\u00f3n, as\u00ed como las alternativas propuestas para cada uno de estos ocho puntos. El documento aporta un \u00ab marco conceptual \u00bb para se\u00f1alar las \u00ab profundas ra\u00edces culturales de la guerra y la violencia \u00bb y \u00ab la base para una estrategia coherente para la transformaci\u00f3n hacia una cultura de paz y no violencia. Para dar un ejemplo, el documento se\u00f1ala que \u00ab Nunca hubo guerra sin enemigos. Para eliminar la guerra debemos trascender y suprimir la imagen del enemigo a trav\u00e9s de la comprensi\u00f3n, la tolerancia y la solidaridad entre todos los pueblos y todas las culturas \u00bb<\/p>\n<p>La audiencia a las mencionadas conferencias propuso alternativas a cada uno de los ocho puntos de la cultura de la guerra para alcanzar los ocho puntos de una cultura de paz. (ver tabla aqu\u00ed abajo)<\/p>\n\n<table id=\"tablepress-1\" class=\"tablepress tablepress-id-1\">\n<thead>\n<tr class=\"row-1\">\n\t<th class=\"column-1\">CULTURA DE GUERRA Y VIOLENCIA<\/th><th class=\"column-2\">CULTURA DE PAZ Y NO VIOLENCIA<\/th>\n<\/tr>\n<\/thead>\n<tbody class=\"row-striping row-hover\">\n<tr class=\"row-2\">\n\t<td class=\"column-1\">Creencia en que el poder proviene de la fuerza<\/td><td class=\"column-2\">Educaci\u00f3n por una cultura de paz<\/td>\n<\/tr>\n<tr class=\"row-3\">\n\t<td class=\"column-1\">Explotaci\u00f3n de la naturaleza<\/td><td class=\"column-2\">Desarrollo sustentable<\/td>\n<\/tr>\n<tr class=\"row-4\">\n\t<td class=\"column-1\">Explotaci\u00f3n de las personas<\/td><td class=\"column-2\">Derechos Humanos<\/td>\n<\/tr>\n<tr class=\"row-5\">\n\t<td class=\"column-1\">Dominaci\u00f3n masculina<\/td><td class=\"column-2\">Igualdad hombres \/mujeres<\/td>\n<\/tr>\n<tr class=\"row-6\">\n\t<td class=\"column-1\">Gobierno autoritario<\/td><td class=\"column-2\">Participaci\u00f3n democr\u00e1tica<\/td>\n<\/tr>\n<tr class=\"row-7\">\n\t<td class=\"column-1\">Identificaci\u00f3n del enemigo<\/td><td class=\"column-2\">Tolerancia y solidaridad<\/td>\n<\/tr>\n<tr class=\"row-8\">\n\t<td class=\"column-1\">Propaganda y secretos<\/td><td class=\"column-2\">Libre circulaci\u00f3n de la informaci\u00f3n<\/td>\n<\/tr>\n<tr class=\"row-9\">\n\t<td class=\"column-1\">Armamento<\/td><td class=\"column-2\">Desarme y Seguridad<\/td>\n<\/tr>\n<\/tbody>\n<\/table>\n<!-- #tablepress-1 from cache -->\n<p>A la espera del an\u00e1lisis sobre la cultura de la guerra, podemos definir actualmente una estrategia para la transici\u00f3n de una cultura de guerra y violencia hacia una cultura de paz y no violencia. Debemos privar a la cultura de guerra de los elementos culturales que necesita para prevalecer. Cuanto mas grande sea el desarrollo de la cultura de paz, menos podr\u00e1 crecer la cultura de la guerra. Sin enemigos no hay guerra. Sin gobierno autoritario, sin propaganda ni secretismo , sin la convicci\u00f3n de que el poder viene de la fuerza, ning\u00fan pueblo aceptar\u00e1 m\u00e1s partir hacia la guerra. Sin armamento es m\u00e1s dif\u00edcil crear la guerra.<\/p>\n<p>Al mismo tiempo, alternativas pac\u00edficas de la cultura de paz pueden reemplazar las funciones que cumple actualmente la cultura de la guerra, tales como la gobernanza, la solidaridad, y el desarrollo. El concepto de poder es redefinido como :el saber escuchar, el di\u00e1logo, la negociaci\u00f3n y la cooperaci\u00f3n en lugar de la fuerza.<\/p>\n<\/div>\n","protected":false},"excerpt":{"rendered":"<p>Las resoluciones de las Naciones Unidas acerca de una Cultura de Paz, apoyaron en el an\u00e1lisis de valores, actitudes y comportamientos que son necesarios para la existencia de una cultura de guerra y violencia. \u00bfCu\u00e1les son ellos ? Se form\u00f3 una lista a partir a partir de las conferencias que se dictaron por todo el &hellip; <a href=\"https:\/\/spanish.cpnn-world.org\/?page_id=767\" class=\"more-link\">Continue reading <span class=\"screen-reader-text\">Valores<\/span> <span class=\"meta-nav\">&rarr;<\/span><\/a><\/p>\n","protected":false},"author":1,"featured_media":0,"parent":0,"menu_order":0,"comment_status":"closed","ping_status":"closed","template":"","meta":{"footnotes":""},"class_list":["post-767","page","type-page","status-publish","hentry"],"_links":{"self":[{"href":"https:\/\/spanish.cpnn-world.org\/index.php?rest_route=\/wp\/v2\/pages\/767","targetHints":{"allow":["GET"]}}],"collection":[{"href":"https:\/\/spanish.cpnn-world.org\/index.php?rest_route=\/wp\/v2\/pages"}],"about":[{"href":"https:\/\/spanish.cpnn-world.org\/index.php?rest_route=\/wp\/v2\/types\/page"}],"author":[{"embeddable":true,"href":"https:\/\/spanish.cpnn-world.org\/index.php?rest_route=\/wp\/v2\/users\/1"}],"replies":[{"embeddable":true,"href":"https:\/\/spanish.cpnn-world.org\/index.php?rest_route=%2Fwp%2Fv2%2Fcomments&post=767"}],"version-history":[{"count":3,"href":"https:\/\/spanish.cpnn-world.org\/index.php?rest_route=\/wp\/v2\/pages\/767\/revisions"}],"predecessor-version":[{"id":5636,"href":"https:\/\/spanish.cpnn-world.org\/index.php?rest_route=\/wp\/v2\/pages\/767\/revisions\/5636"}],"wp:attachment":[{"href":"https:\/\/spanish.cpnn-world.org\/index.php?rest_route=%2Fwp%2Fv2%2Fmedia&parent=767"}],"curies":[{"name":"wp","href":"https:\/\/api.w.org\/{rel}","templated":true}]}}