{"id":765,"date":"2015-03-20T14:09:40","date_gmt":"2015-03-20T18:09:40","guid":{"rendered":"http:\/\/cpnn-world.org\/temp\/?page_id=765"},"modified":"2025-01-24T09:03:49","modified_gmt":"2025-01-24T08:03:49","slug":"movimiento-mundial","status":"publish","type":"page","link":"https:\/\/spanish.cpnn-world.org\/?page_id=765","title":{"rendered":"Movimiento Mundial para una Cultura de Paz"},"content":{"rendered":"<ul>\n<div class=\"page style\" style=\"width:80%;\">\n<big><\/p>\n<p align=\"justify\">\n<a href=\"http:\/\/decade-culture-of-peace.org\/resolutions\/resA-53-243-esp.pdf\">La Declaraci\u00f3n y Programa de Acci\u00f3n sobre una Cultura de Paz<\/a>, aprobada por la Asamblea General de las Naciones Unidas en 1999, inclu\u00eda la siguiente declaraci\u00f3n: \u201cSe deben alentar y fortalecer las alianzas entre los diversos actores, como se establece en la Declaraci\u00f3n, para lograr un movimiento mundial en pro de una cultura de paz\u201d.<\/p>\n<p align=\"justify\">\nEl Movimiento Mundial para una Cultura de Paz est\u00e1 avanzando, seg\u00fan informes de todas las regiones del mundo. Esta fue la conclusi\u00f3n de la informaci\u00f3n presentada por m\u00e1s de 1000 organizaciones que participaron en el <a href=\"http:\/\/decade-culture-of-peace.org\/spanish.html\">Informe Mundial de Cultura de Paz<\/a>, que se present\u00f3 a las Naciones Unidas para su debate plenario al final del Decenio Internacional de una Cultura de Paz y No Violencia para los Ni\u00f1os del Mundo (2001-2010). Este informe brind\u00f3 una visi\u00f3n integral del progreso del Movimiento Mundial. El avance se produce a pesar del descuido casi total por parte de los medios de comunicaci\u00f3n, seg\u00fan la mayor\u00eda de los informes de todas las regiones.<\/p>\n<p align=\"justify\">\nEl Movimiento Mundial tuvo un buen comienzo durante el A\u00f1o Internacional de la Cultura de Paz de las Naciones Unidas. Esto se describi\u00f3, en su momento, en el <a href=\"https:\/\/decade-culture-of-peace.org\/iycp\/iycp-uk\/uk_sum_monde.htm\">panel de informaci\u00f3n mundial <\/a> que proporcionaba enlaces a 1.196 actores del A\u00f1o Internacional, incluidas 219 organizaciones internacionales y 977 actores locales y nacionales. Tambi\u00e9n se proporcion\u00f3 un enlace a los detalles sobre qui\u00e9n hab\u00eda reunido los 75 millones de firmas que se obtuvieron para el Manifiesto 2000 en India, Brasil, Colombia y otros pa\u00edses.<\/p>\n<p align=\"justify\">\nCPNN-WORLD proporciona una actualizaci\u00f3n diaria sobre el desarrollo continuo del Movimiento Mundial, incluidos <a href=\"https:\/\/spanish.cpnn-world.org\/?page_id=807\">boletines mensuales <\/a> desde.  Por ejemplo, el bolet\u00edn de octubre de cada a\u00f1o documenta c\u00f3mo la participaci\u00f3n contin\u00faa creciendo durante el D\u00eda Internacional de la Paz.<\/p>\n<p align=\"justify\">\nAnte la creciente amenaza de la cultura de la guerra para destruir la civilizaci\u00f3n humana, podemos esperar que el movimiento mundial por una cultura de paz crezca hasta el punto en que los pueblos del mundo se rebelen contra las prioridades militares de sus gobiernos y los obliguen a promover en su lugar una cultura de paz.<br \/>\n<\/big><\/div>\n<\/ul>\n","protected":false},"excerpt":{"rendered":"<p>La Declaraci\u00f3n y Programa de Acci\u00f3n sobre una Cultura de Paz, aprobada por la Asamblea General de las Naciones Unidas en 1999, inclu\u00eda la siguiente declaraci\u00f3n: \u201cSe deben alentar y fortalecer las alianzas entre los diversos actores, como se establece en la Declaraci\u00f3n, para lograr un movimiento mundial en pro de una cultura de paz\u201d. &hellip; <a href=\"https:\/\/spanish.cpnn-world.org\/?page_id=765\" class=\"more-link\">Continue reading <span class=\"screen-reader-text\">Movimiento Mundial para una Cultura de Paz<\/span> <span class=\"meta-nav\">&rarr;<\/span><\/a><\/p>\n","protected":false},"author":1,"featured_media":0,"parent":0,"menu_order":0,"comment_status":"closed","ping_status":"closed","template":"","meta":{"footnotes":""},"class_list":["post-765","page","type-page","status-publish","hentry"],"_links":{"self":[{"href":"https:\/\/spanish.cpnn-world.org\/index.php?rest_route=\/wp\/v2\/pages\/765","targetHints":{"allow":["GET"]}}],"collection":[{"href":"https:\/\/spanish.cpnn-world.org\/index.php?rest_route=\/wp\/v2\/pages"}],"about":[{"href":"https:\/\/spanish.cpnn-world.org\/index.php?rest_route=\/wp\/v2\/types\/page"}],"author":[{"embeddable":true,"href":"https:\/\/spanish.cpnn-world.org\/index.php?rest_route=\/wp\/v2\/users\/1"}],"replies":[{"embeddable":true,"href":"https:\/\/spanish.cpnn-world.org\/index.php?rest_route=%2Fwp%2Fv2%2Fcomments&post=765"}],"version-history":[{"count":11,"href":"https:\/\/spanish.cpnn-world.org\/index.php?rest_route=\/wp\/v2\/pages\/765\/revisions"}],"predecessor-version":[{"id":11538,"href":"https:\/\/spanish.cpnn-world.org\/index.php?rest_route=\/wp\/v2\/pages\/765\/revisions\/11538"}],"wp:attachment":[{"href":"https:\/\/spanish.cpnn-world.org\/index.php?rest_route=%2Fwp%2Fv2%2Fmedia&parent=765"}],"curies":[{"name":"wp","href":"https:\/\/api.w.org\/{rel}","templated":true}]}}