{"id":763,"date":"2015-03-20T14:08:55","date_gmt":"2015-03-20T18:08:55","guid":{"rendered":"http:\/\/cpnn-world.org\/temp\/?page_id=763"},"modified":"2018-09-19T01:31:28","modified_gmt":"2018-09-19T01:31:28","slug":"naciones-unidas","status":"publish","type":"page","link":"https:\/\/spanish.cpnn-world.org\/?page_id=763","title":{"rendered":"Naciones Unidas"},"content":{"rendered":"<ul>\n<div class=\"page style\" style=\"width:80%;\">\n<big><\/p>\n<p align=\"justify\">Desde 1997, la Asamblea General de las Naciones Unidas ha adoptado cada a\u00f1o resoluciones a favor de la cultura de paz. La primera resoluci\u00f3n en 1997, convocaba a la transformaci\u00f3n de una cultura de guerra y violencia hacia una cultura de paz y no violencia\u201d. La resoluci\u00f3n defini\u00f3 la cultura de paz bas\u00e1ndola en \u201cel respeto de los derechos humanos, la democracia y la tolerancia, la promoci\u00f3n del desarrollo, educaci\u00f3n para la paz, la libre circulaci\u00f3n de la informaci\u00f3n y una mayor participaci\u00f3n de mujeres. \u201cEstos siete puntos junto con el octavo punto referente al desarme, han sido la base de la <a href=\"http:\/\/decade-culture-of-peace.org\/resolutions\/resA-53-243-esp.pdf\">Declaraci\u00f3n y Programa de Acci\u00f3n sobre una Cultura de Paz<\/a> adoptada en 1999, sobre las cuales se apoya CPNN.\t<\/p>\n<p align=\"justify\">La responsabilidad por el programa fue confiada a la Unesco ( Organizaci\u00f3n de las Naciones Unidas para la Educaci\u00f3n, la Ciencia y la Cultura). Para poner en pr\u00e1ctica la resoluci\u00f3n, la UNESCO lanz\u00f3 el A\u00f1o internacional de la Cultura de la Paz (2000) y la Decenio Internacional de una Cultura de Paz y No Violencia para los ni\u00f1os del mundo (2001-2010).<\/p>\n<p align=\"justify\">Para involucrar a los individuos a nivel local, la UNESCO puso en circulaci\u00f3n el <a href=\"http:\/\/decade-culture-of-peace.org\/iycp\/iycp-uk\/manifeste\/uk_manifeste.htm\">Manifiesto 2000<\/a> a trav\u00e9s de la red mundial de sus Comisiones Nacionales ,de las oficinas de la ONU y de las organizaciones no gubernamentales. El Manifiesto , escrito por los laureados del Premio Nobel de la Paz a partir de las resoluciones de la ONU, ha sido firmado durante el a\u00f1o Internacional por la Cultura de la Paz por 75 millones de personas. Cada firmante se compromet\u00eda a trabajar por la cultura de paz en su vida cotidiana, con su familia, en su trabajo, su comunidad, su pa\u00eds y su regi\u00f3n.<\/p>\n<p align=\"justify\">La movilizaci\u00f3n alrededor del Manifiesto fue el primer paso en el desarrollo del <a href=\"?page_id=765\">movimiento mundial por una cultura de paz<\/a>. Este movimiento mundial avanza seg\u00fan el <a href=\"http:\/\/decade-culture-of-peace.org\/spanish.html\">Informe Mundial de la Sociedad Civil<\/a> presentado a las Naciones Unidas como evaluaci\u00f3n a medio t\u00e9rmino en 2005 y nuevamente en el a\u00f1o 2010 al final del Decenio.<\/p>\n<p align=\"justify\">En las resoluciones relacionadas a la d\u00e9cada de cultura de paz, la Asamblea general de las Naciones Unidas ha se\u00f1alado la importancia del rol de los medios de comunicaci\u00f3n en general y de CPNN (&#8220;Red de Noticias para una Cultura de Paz&#8221;) en particular , alentando la expansi\u00f3n de la misma como una red mundial de sitios en Internet en muchos idiomas (ver <a href=\"http:\/\/cpnn-world.org\/resolutions\/A-64-80.pdf\">p\u00e1rrafo 9<\/a>).<\/p>\n<p><\/big><\/div>\n<\/ul>\n","protected":false},"excerpt":{"rendered":"<p>Desde 1997, la Asamblea General de las Naciones Unidas ha adoptado cada a\u00f1o resoluciones a favor de la cultura de paz. La primera resoluci\u00f3n en 1997, convocaba a la transformaci\u00f3n de una cultura de guerra y violencia hacia una cultura de paz y no violencia\u201d. La resoluci\u00f3n defini\u00f3 la cultura de paz bas\u00e1ndola en \u201cel &hellip; <a href=\"https:\/\/spanish.cpnn-world.org\/?page_id=763\" class=\"more-link\">Continue reading <span class=\"screen-reader-text\">Naciones Unidas<\/span> <span class=\"meta-nav\">&rarr;<\/span><\/a><\/p>\n","protected":false},"author":1,"featured_media":0,"parent":0,"menu_order":0,"comment_status":"closed","ping_status":"closed","template":"","meta":{"footnotes":""},"class_list":["post-763","page","type-page","status-publish","hentry"],"_links":{"self":[{"href":"https:\/\/spanish.cpnn-world.org\/index.php?rest_route=\/wp\/v2\/pages\/763","targetHints":{"allow":["GET"]}}],"collection":[{"href":"https:\/\/spanish.cpnn-world.org\/index.php?rest_route=\/wp\/v2\/pages"}],"about":[{"href":"https:\/\/spanish.cpnn-world.org\/index.php?rest_route=\/wp\/v2\/types\/page"}],"author":[{"embeddable":true,"href":"https:\/\/spanish.cpnn-world.org\/index.php?rest_route=\/wp\/v2\/users\/1"}],"replies":[{"embeddable":true,"href":"https:\/\/spanish.cpnn-world.org\/index.php?rest_route=%2Fwp%2Fv2%2Fcomments&post=763"}],"version-history":[{"count":2,"href":"https:\/\/spanish.cpnn-world.org\/index.php?rest_route=\/wp\/v2\/pages\/763\/revisions"}],"predecessor-version":[{"id":7600,"href":"https:\/\/spanish.cpnn-world.org\/index.php?rest_route=\/wp\/v2\/pages\/763\/revisions\/7600"}],"wp:attachment":[{"href":"https:\/\/spanish.cpnn-world.org\/index.php?rest_route=%2Fwp%2Fv2%2Fmedia&parent=763"}],"curies":[{"name":"wp","href":"https:\/\/api.w.org\/{rel}","templated":true}]}}