{"id":761,"date":"2015-03-20T14:08:18","date_gmt":"2015-03-20T18:08:18","guid":{"rendered":"http:\/\/cpnn-world.org\/temp\/?page_id=761"},"modified":"2015-03-20T14:08:18","modified_gmt":"2015-03-20T18:08:18","slug":"aprender","status":"publish","type":"page","link":"https:\/\/spanish.cpnn-world.org\/?page_id=761","title":{"rendered":"Aprender"},"content":{"rendered":"<ul>\n<div class=\"page style\" style=\"width:80%;\">\n<big>\t<\/p>\n<p align=\"justify\">Todos nosotros conocemos la cultura de la guerra y la violencia pero a\u00fan debemos aprender m\u00e1s sobre la Cultura de Paz y No Violencia..<\/p>\n<p align=\"justify\">En homenaje al primer a\u00f1o y la primera D\u00e9cada del siglo XXI a la Cultura de Paz, las Naciones Unidas han convocado a la \u00ab transformaci\u00f3n de la cultura de guerra y violencia a una cultura de Paz y No Violencia \u00bb. Ver las <a href=\"?page_id=763\">Naciones Unidas y una Cultura de Paz<\/a> y el <a href=\"?page_id=765\">Movimiento Mundial por una Cultura de Paz<\/a>.<\/p>\n<p align=\"justify\">La Cultura de Paz es una realidad emergente que germina y crece en los <a href=\"?page_id=767\">valores, actitudes y las acciones<\/a> de los individuos y organismos de la sociedad civil. Es un proceso que debe ser cultivado y sostenido en el tiempo. Es por eso que los slogans oficiales del A\u00f1o Internacional de la Cultura de Paz fueron \u00ab Cultivemos la Paz \u00bb y \u00ab La Paz est\u00e1 en nuestras manos \u00bb.<\/p>\n<p align=\"justify\">CPNN, la Red de Noticias de Informaci\u00f3n sobre Cultura de Paz, nos permite aprender mutuamente a partir de nuestras experiencias y de nuestras ideas. Su alcance es definido por los ocho dominios de acci\u00f3n dentro del <a href=\"http:\/\/decade-culture-of-peace.org\/resolutions\/resA-53-243-esp.pdf\">Programa de Acci\u00f3n por una Cultura de Paz<\/a> adoptado por la Asamblea General de las Naciones Unidas en 1999:cultura de paz mediante la educaci\u00f3n , desarrollo sustentable, derechos humanos, igualdad de los hombres y la mujer, participaci\u00f3n democr\u00e1tica, tolerancia y solidaridad, libre circulaci\u00f3n de la informaci\u00f3n, desarme y seguridad.<\/p>\n<p align=\"justify\">Aprendamos juntos a preparar y realizar la transformaci\u00f3n de una cultura de guerra y de violencia hacia una cultura de paz y no violencia.<\/p>\n<p><\/big><\/div>\n<\/ul>\n","protected":false},"excerpt":{"rendered":"<p>Todos nosotros conocemos la cultura de la guerra y la violencia pero a\u00fan debemos aprender m\u00e1s sobre la Cultura de Paz y No Violencia.. En homenaje al primer a\u00f1o y la primera D\u00e9cada del siglo XXI a la Cultura de Paz, las Naciones Unidas han convocado a la \u00ab transformaci\u00f3n de la cultura de guerra &hellip; <a href=\"https:\/\/spanish.cpnn-world.org\/?page_id=761\" class=\"more-link\">Continue reading <span class=\"screen-reader-text\">Aprender<\/span> <span class=\"meta-nav\">&rarr;<\/span><\/a><\/p>\n","protected":false},"author":1,"featured_media":0,"parent":0,"menu_order":0,"comment_status":"closed","ping_status":"closed","template":"","meta":{"footnotes":""},"class_list":["post-761","page","type-page","status-publish","hentry"],"_links":{"self":[{"href":"https:\/\/spanish.cpnn-world.org\/index.php?rest_route=\/wp\/v2\/pages\/761","targetHints":{"allow":["GET"]}}],"collection":[{"href":"https:\/\/spanish.cpnn-world.org\/index.php?rest_route=\/wp\/v2\/pages"}],"about":[{"href":"https:\/\/spanish.cpnn-world.org\/index.php?rest_route=\/wp\/v2\/types\/page"}],"author":[{"embeddable":true,"href":"https:\/\/spanish.cpnn-world.org\/index.php?rest_route=\/wp\/v2\/users\/1"}],"replies":[{"embeddable":true,"href":"https:\/\/spanish.cpnn-world.org\/index.php?rest_route=%2Fwp%2Fv2%2Fcomments&post=761"}],"version-history":[{"count":0,"href":"https:\/\/spanish.cpnn-world.org\/index.php?rest_route=\/wp\/v2\/pages\/761\/revisions"}],"wp:attachment":[{"href":"https:\/\/spanish.cpnn-world.org\/index.php?rest_route=%2Fwp%2Fv2%2Fmedia&parent=761"}],"curies":[{"name":"wp","href":"https:\/\/api.w.org\/{rel}","templated":true}]}}