{"id":758,"date":"2015-03-20T14:06:56","date_gmt":"2015-03-20T18:06:56","guid":{"rendered":"http:\/\/cpnn-world.org\/temp\/?page_id=758"},"modified":"2019-10-13T17:15:18","modified_gmt":"2019-10-13T17:15:18","slug":"leer","status":"publish","type":"page","link":"https:\/\/spanish.cpnn-world.org\/?page_id=758","title":{"rendered":"Leer"},"content":{"rendered":"<div class=\"page style\" style=\"width:80%;\"><center><strong><big>Aqu\u00ed est\u00e1n los art\u00edculos de CPNN en espa\u00f1ol o portugu\u00e9s desde el 01 de febrero de 2015 ordenados por regi\u00f3n (izquierda) y por temas (derecha).<\/big><\/strong><\/p>\n<p align=\"center\">\n<div style='float:left; width:46%'>\n<strong><big><\/p>\n<p align=\"right\">\n    <a href=\"?page_id=1940\">AFRICA<\/a>\n<\/p>\n<p align=\"right\">\n     AM\u00c9RICA DEL NORTE\n<\/p>\n<p align=\"right\">\n    <a href=\"?page_id=1589\">AM\u00c9RICA LATINA Y CARIBE<\/a>\n<\/p>\n<p align=\"right\">\n    ASIA DEL ESTE Y AUSTRALIA\/PACIFICO\n<\/p>\n<p align=\"right\">\n    ASIA DEL SUR Y ASIA CENTRAL\n<\/p>\n<p align=\"right\">\n    <a href=\"?page_id=1857\">EUROPA<\/a>\n<\/p>\n<p align=\"right\">\n    <a href=\"?page_id=1944\">PAISES ARABES Y MEDIO ORIENTE<\/a>\n<\/p>\n<p align=\"right\">\n    <a href=\"?page_id=1852\">MUNDIAL<\/a>\n<\/p>\n<p align=\"right\">\n    <a href=\"?page_id=6742\">NACIONES UNIDAS<\/a>\n<\/p>\n<p align=\"right\">\nSi la entrada no est\u00e1 resaltada,<br \/>\nno hay art\u00edculos en esta categor\u00eda.\n<\/p>\n<p><\/big><\/strong><\/div>\n<div style='float:right; width:46%'>\n<strong><big><\/p>\n<p align=\"left\">\n    <a href=\"?page_id=1888\">EDUCACI\u00d3N PARA LA PAZ<\/a>\n<\/p>\n<p align=\"left\">\n    <a href=\"?page_id=1903\">DESARROLLO SUSTENTABLE<\/a>\n<\/p>\n<p align=\"left\">\n    <a href=\"?page_id=1893\">DERECHOS HUMANOS<\/a>\n<\/p>\n<p align=\"left\">\n    <a href=\"?page_id=1891\">IGUALDAD ENTRE HOMBRES\/MUJERES<\/a>\n<\/p>\n<p align=\"left\">\n    <a href=\"?page_id=1898\">PARTICIPACI\u00d3N DEMOCRATICA<\/a>\n<\/p>\n<p align=\"left\">\n    <a href=\"?page_id=1907\">TOLERANCIA Y SOLIDARIDAD<\/a>\n<\/p>\n<p align=\"left\">\n    <a href=\"?page_id=1910\">LIBRE CIRCULACI\u00d3N DE INFORMACI\u00d3N<\/a>\n<\/p>\n<p align=\"left\">\n    <a href=\"?page_id=1913\">DESARME Y SEGURIDAD<\/a>\n<\/p>\n<p><\/big><\/strong><\/div>\n<p><\/center><\/div>\n","protected":false},"excerpt":{"rendered":"<p>Aqu\u00ed est\u00e1n los art\u00edculos de CPNN en espa\u00f1ol o portugu\u00e9s desde el 01 de febrero de 2015 ordenados por regi\u00f3n (izquierda) y por temas (derecha). AFRICA AM\u00c9RICA DEL NORTE AM\u00c9RICA LATINA Y CARIBE ASIA DEL ESTE Y AUSTRALIA\/PACIFICO ASIA DEL SUR Y ASIA CENTRAL EUROPA PAISES ARABES Y MEDIO ORIENTE MUNDIAL NACIONES UNIDAS Si la &hellip; <a href=\"https:\/\/spanish.cpnn-world.org\/?page_id=758\" class=\"more-link\">Continue reading <span class=\"screen-reader-text\">Leer<\/span> <span class=\"meta-nav\">&rarr;<\/span><\/a><\/p>\n","protected":false},"author":1,"featured_media":0,"parent":0,"menu_order":0,"comment_status":"closed","ping_status":"closed","template":"","meta":{"footnotes":""},"class_list":["post-758","page","type-page","status-publish","hentry"],"_links":{"self":[{"href":"https:\/\/spanish.cpnn-world.org\/index.php?rest_route=\/wp\/v2\/pages\/758","targetHints":{"allow":["GET"]}}],"collection":[{"href":"https:\/\/spanish.cpnn-world.org\/index.php?rest_route=\/wp\/v2\/pages"}],"about":[{"href":"https:\/\/spanish.cpnn-world.org\/index.php?rest_route=\/wp\/v2\/types\/page"}],"author":[{"embeddable":true,"href":"https:\/\/spanish.cpnn-world.org\/index.php?rest_route=\/wp\/v2\/users\/1"}],"replies":[{"embeddable":true,"href":"https:\/\/spanish.cpnn-world.org\/index.php?rest_route=%2Fwp%2Fv2%2Fcomments&post=758"}],"version-history":[{"count":10,"href":"https:\/\/spanish.cpnn-world.org\/index.php?rest_route=\/wp\/v2\/pages\/758\/revisions"}],"predecessor-version":[{"id":8592,"href":"https:\/\/spanish.cpnn-world.org\/index.php?rest_route=\/wp\/v2\/pages\/758\/revisions\/8592"}],"wp:attachment":[{"href":"https:\/\/spanish.cpnn-world.org\/index.php?rest_route=%2Fwp%2Fv2%2Fmedia&parent=758"}],"curies":[{"name":"wp","href":"https:\/\/api.w.org\/{rel}","templated":true}]}}