{"id":6742,"date":"2017-05-23T17:09:49","date_gmt":"2017-05-23T17:09:49","guid":{"rendered":"https:\/\/spanish.cpnn-world.org\/?page_id=6742"},"modified":"2019-10-11T09:41:53","modified_gmt":"2019-10-11T09:41:53","slug":"articulos-de-las-naciones-unidas","status":"publish","type":"page","link":"https:\/\/spanish.cpnn-world.org\/?page_id=6742","title":{"rendered":"Art\u00edculos de las Naciones Unidas"},"content":{"rendered":"<p><em><big>Aqu\u00ed est\u00e1n los art\u00edculos en espa\u00f1ol o portugu\u00e9s de las Naciones Unidas desde 01 febrero 2015.<br \/>\nPor consultar las siguientes p\u00e1ginas, haga clic en los n\u00fameros de p\u00e1gina en la parte inferior.<br \/>\nLos elementos est\u00e1n ordenados cronol\u00f3gicamente.<\/big><\/em><div class=\"pt-cv-wrapper\"><div class=\"pt-cv-view pt-cv-grid pt-cv-colsys pt-cv-pgregular\" id=\"pt-cv-view-e08f1bfz45\"><div data-id=\"pt-cv-page-1\" class=\"pt-cv-page\" data-cvc=\"4\"><div class=\"col-md-3 col-sm-3 col-xs-3 pt-cv-content-item pt-cv-1-col\"  data-pid=\"11831\"><div class='pt-cv-ifield'><div class=\"pt-cv-content\">. IGUALDAD HOMBRES\/MUJERES  ...<\/div>\n<a href=\"https:\/\/spanish.cpnn-world.org\/?p=11831\" class=\"_self pt-cv-href-thumbnail pt-cv-thumb-default cvplbd\" target=\"_self\" ><img decoding=\"async\" width=\"300\" src=\"https:\/\/spanish.cpnn-world.org\/wp-content\/uploads\/2026\/01\/UN-Women-300x201.jpg\" class=\"pt-cv-thumbnail img-none cvp-substitute\" alt=\"D\u00eda Internacional de la Mujer 2026. Derechos. Justicia. Acci\u00f3n. Para TODAS las mujeres y ni\u00f1as\" title=\"\" \/><\/a>\n<h4 class=\"pt-cv-title\"><a href=\"https:\/\/spanish.cpnn-world.org\/?p=11831\" class=\"_self cvplbd\" target=\"_self\" >D\u00eda Internacional de la Mujer 2026. Derechos. Justicia. Acci\u00f3n. Para TODAS las mujeres y ni\u00f1as<\/a><\/h4>\n<div class=\"pt-cv-meta-fields\"><span class=\"entry-date\"> <time datetime=\"2026-01-18T19:55:58+01:00\">January 18, 2026<\/time><\/span><\/div><\/div><\/div>\n<div class=\"col-md-3 col-sm-3 col-xs-3 pt-cv-content-item pt-cv-1-col\"  data-pid=\"11284\"><div class='pt-cv-ifield'><div class=\"pt-cv-content\">DESARME Y SEGURIDAD  ...<\/div>\n<a href=\"https:\/\/spanish.cpnn-world.org\/?p=11284\" class=\"_self pt-cv-href-thumbnail pt-cv-thumb-default cvplbd\" target=\"_self\" ><img decoding=\"async\" width=\"300\" src=\"https:\/\/spanish.cpnn-world.org\/wp-content\/uploads\/2024\/08\/Guterres-spanish.jpg\" class=\"pt-cv-thumbnail img-none cvp-substitute\" alt=\"A 79 a\u00f1os de Hiroshima, la ONU urge una vez m\u00e1s a la eliminaci\u00f3n de las armas nucleares\" title=\"\" \/><\/a>\n<h4 class=\"pt-cv-title\"><a href=\"https:\/\/spanish.cpnn-world.org\/?p=11284\" class=\"_self cvplbd\" target=\"_self\" >A 79 a\u00f1os de Hiroshima, la ONU urge una vez m\u00e1s a la eliminaci\u00f3n de las armas nucleares<\/a><\/h4>\n<div class=\"pt-cv-meta-fields\"><span class=\"entry-date\"> <time datetime=\"2024-08-07T17:35:15+02:00\">August 7, 2024<\/time><\/span><\/div><\/div><\/div>\n<div class=\"col-md-3 col-sm-3 col-xs-3 pt-cv-content-item pt-cv-1-col\"  data-pid=\"11294\"><div class='pt-cv-ifield'><div class=\"pt-cv-content\">LIBRE CIRCULACIO\u0301N DE INFORMACIO\u0301N ...<\/div>\n<a href=\"https:\/\/spanish.cpnn-world.org\/?p=11294\" class=\"_self pt-cv-href-thumbnail pt-cv-thumb-default cvplbd\" target=\"_self\" ><img decoding=\"async\" width=\"300\" src=\"https:\/\/spanish.cpnn-world.org\/wp-content\/uploads\/2024\/08\/IDP-spanish.png\" class=\"pt-cv-thumbnail img-none cvp-substitute\" alt=\"Tema del D\u00eda Internacional de la Paz de 2024: Cultivar una Cultura de Paz\" title=\"\" \/><\/a>\n<h4 class=\"pt-cv-title\"><a href=\"https:\/\/spanish.cpnn-world.org\/?p=11294\" class=\"_self cvplbd\" target=\"_self\" >Tema del D\u00eda Internacional de la Paz de 2024: Cultivar una Cultura de Paz<\/a><\/h4>\n<div class=\"pt-cv-meta-fields\"><span class=\"entry-date\"> <time datetime=\"2024-06-08T19:02:23+02:00\">June 8, 2024<\/time><\/span><\/div><\/div><\/div>\n<div class=\"col-md-3 col-sm-3 col-xs-3 pt-cv-content-item pt-cv-1-col\"  data-pid=\"11153\"><div class='pt-cv-ifield'><div class=\"pt-cv-content\">. IGUALDAD HOMBRES\/MUJERES  ...<\/div>\n<a href=\"https:\/\/spanish.cpnn-world.org\/?p=11153\" class=\"_self pt-cv-href-thumbnail pt-cv-thumb-default cvplbd\" target=\"_self\" ><img decoding=\"async\" width=\"300\" src=\"https:\/\/spanish.cpnn-world.org\/wp-content\/uploads\/2024\/03\/women-s.jpg\" class=\"pt-cv-thumbnail img-none cvp-substitute\" alt=\"D\u00eda Internacional de la Mujer 2024 \u2013 \u00a0Invertir en las mujeres, acelerar el progreso\" title=\"\" \/><\/a>\n<h4 class=\"pt-cv-title\"><a href=\"https:\/\/spanish.cpnn-world.org\/?p=11153\" class=\"_self cvplbd\" target=\"_self\" >D\u00eda Internacional de la Mujer 2024 \u2013 \u00a0Invertir en las mujeres, acelerar el progreso<\/a><\/h4>\n<div class=\"pt-cv-meta-fields\"><span class=\"entry-date\"> <time datetime=\"2024-03-08T12:46:36+01:00\">March 8, 2024<\/time><\/span><\/div><\/div><\/div>\n<div class=\"col-md-3 col-sm-3 col-xs-3 pt-cv-content-item pt-cv-1-col\"  data-pid=\"11005\"><div class='pt-cv-ifield'><div class=\"pt-cv-content\">. DERECHOS HUMANOS  ...<\/div>\n<a href=\"https:\/\/spanish.cpnn-world.org\/?p=11005\" class=\"_self pt-cv-href-thumbnail pt-cv-thumb-default cvplbd\" target=\"_self\" ><img decoding=\"async\" width=\"300\" src=\"https:\/\/spanish.cpnn-world.org\/wp-content\/uploads\/2023\/12\/MVTPAIX.jpg\" class=\"pt-cv-thumbnail img-none cvp-substitute\" alt=\"Se Invita a la ONU a Presentar su Petici\u00f3n de &quot;Alto el Fuego Inmediato en Gaza&quot; para que sea Firmada por los Pueblos del Mundo\" title=\"\" \/><\/a>\n<h4 class=\"pt-cv-title\"><a href=\"https:\/\/spanish.cpnn-world.org\/?p=11005\" class=\"_self cvplbd\" target=\"_self\" >Se Invita a la ONU a Presentar su Petici\u00f3n de &#8220;Alto el Fuego Inmediato en Gaza&#8221; para que sea Firmada por los Pueblos del Mundo<\/a><\/h4>\n<div class=\"pt-cv-meta-fields\"><span class=\"entry-date\"> <time datetime=\"2023-12-10T08:01:54+01:00\">December 10, 2023<\/time><\/span><\/div><\/div><\/div>\n<div class=\"col-md-3 col-sm-3 col-xs-3 pt-cv-content-item pt-cv-1-col\"  data-pid=\"10778\"><div class='pt-cv-ifield'><div class=\"pt-cv-content\">DESARME Y SEGURIDAD  ...<\/div>\n<a href=\"https:\/\/spanish.cpnn-world.org\/?p=10778\" class=\"_self pt-cv-href-thumbnail pt-cv-thumb-default cvplbd\" target=\"_self\" ><img decoding=\"async\" width=\"300\" src=\"https:\/\/spanish.cpnn-world.org\/wp-content\/uploads\/2023\/06\/resolution.jpg\" class=\"pt-cv-thumbnail img-none cvp-substitute\" alt=\"Naciones Unidas: Resoluci\u00f3n sobre la Cultura de Paz\" title=\"\" \/><\/a>\n<h4 class=\"pt-cv-title\"><a href=\"https:\/\/spanish.cpnn-world.org\/?p=10778\" class=\"_self cvplbd\" target=\"_self\" >Naciones Unidas: Resoluci\u00f3n sobre la Cultura de Paz<\/a><\/h4>\n<div class=\"pt-cv-meta-fields\"><span class=\"entry-date\"> <time datetime=\"2023-06-21T16:37:53+02:00\">June 21, 2023<\/time><\/span><\/div><\/div><\/div>\n<div class=\"col-md-3 col-sm-3 col-xs-3 pt-cv-content-item pt-cv-1-col\"  data-pid=\"10431\"><div class='pt-cv-ifield'><div class=\"pt-cv-content\">DESARME Y SEGURIDAD  ...<\/div>\n<a href=\"https:\/\/spanish.cpnn-world.org\/?p=10431\" class=\"_self pt-cv-href-thumbnail pt-cv-thumb-default cvplbd\" target=\"_self\" ><img decoding=\"async\" width=\"300\" src=\"https:\/\/spanish.cpnn-world.org\/wp-content\/uploads\/2022\/11\/Fez.png\" class=\"pt-cv-thumbnail img-none cvp-substitute\" alt=\"Naciones Unidas: Guterres pide crear una \u201calianza de paz\u201d para combatir el cambio clim\u00e1tico y la desigualdad\" title=\"\" \/><\/a>\n<h4 class=\"pt-cv-title\"><a href=\"https:\/\/spanish.cpnn-world.org\/?p=10431\" class=\"_self cvplbd\" target=\"_self\" >Naciones Unidas: Guterres pide crear una \u201calianza de paz\u201d para combatir el cambio clim\u00e1tico y la desigualdad<\/a><\/h4>\n<div class=\"pt-cv-meta-fields\"><span class=\"entry-date\"> <time datetime=\"2022-11-23T19:31:53+01:00\">November 23, 2022<\/time><\/span><\/div><\/div><\/div>\n<div class=\"col-md-3 col-sm-3 col-xs-3 pt-cv-content-item pt-cv-1-col\"  data-pid=\"10104\"><div class='pt-cv-ifield'><div class=\"pt-cv-content\">. DESAROLLO SUSTENTABLE  ...<\/div>\n<a href=\"https:\/\/spanish.cpnn-world.org\/?p=10104\" class=\"_self pt-cv-href-thumbnail pt-cv-thumb-default cvplbd\" target=\"_self\" ><img decoding=\"async\" width=\"300\" src=\"https:\/\/spanish.cpnn-world.org\/wp-content\/uploads\/2022\/03\/plastics.jpg\" class=\"pt-cv-thumbnail img-none cvp-substitute\" alt=\"D\u00eda hist\u00f3rico en la campa\u00f1a para combatir la contaminaci\u00f3n por pl\u00e1sticos: naciones se comprometen a elaborar un acuerdo jur\u00eddicamente\u2026\" title=\"\" \/><\/a>\n<h4 class=\"pt-cv-title\"><a href=\"https:\/\/spanish.cpnn-world.org\/?p=10104\" class=\"_self cvplbd\" target=\"_self\" >D\u00eda hist\u00f3rico en la campa\u00f1a para combatir la contaminaci\u00f3n por pl\u00e1sticos: naciones se comprometen a elaborar un acuerdo jur\u00eddicamente\u2026<\/a><\/h4>\n<div class=\"pt-cv-meta-fields\"><span class=\"entry-date\"> <time datetime=\"2022-03-16T12:01:49+01:00\">March 16, 2022<\/time><\/span><\/div><\/div><\/div><\/div><\/div>\n<div class=\"text-left pt-cv-pagination-wrapper\"><ul class=\"pt-cv-pagination pt-cv-ajax pagination\" data-totalpages=\"6\" data-currentpage=\"1\" data-sid=\"e08f1bfz45\" data-unid=\"\" data-isblock=\"\" data-postid=\"\"><li class=\"active\"><a href=\"#\">1<\/a><\/li>\n\t<li ><a class=\"\" href=\"https:\/\/spanish.cpnn-world.org\/index.php\/?_page=2&#038;rest_route=%2Fwp%2Fv2%2Fpages%2F6742\">2<\/a><\/li>\n\t<li ><a class=\"\" href=\"https:\/\/spanish.cpnn-world.org\/index.php\/?_page=3&#038;rest_route=%2Fwp%2Fv2%2Fpages%2F6742\">3<\/a><\/li>\n\t<li ><a href=\"#\">&hellip;<\/a><\/li>\n\t<li ><a class=\"\" href=\"https:\/\/spanish.cpnn-world.org\/index.php\/?_page=6&#038;rest_route=%2Fwp%2Fv2%2Fpages%2F6742\">6<\/a><\/li>\n\t<li ><a class=\" \" href=\"https:\/\/spanish.cpnn-world.org\/index.php\/?_page=2&#038;rest_route=%2Fwp%2Fv2%2Fpages%2F6742\">&rsaquo;<\/a><\/li>\n\t<\/ul><img loading=\"lazy\" decoding=\"async\" width=\"15\" height=\"15\" class=\"pt-cv-spinner\" alt=\"Loading...\" src=\"data:image\/gif;base64,R0lGODlhDwAPALMPAMrKygwMDJOTkz09PZWVla+vr3p6euTk5M7OzuXl5TMzMwAAAJmZmWZmZszMzP\/\/\/yH\/C05FVFNDQVBFMi4wAwEAAAAh+QQFCgAPACwAAAAADwAPAAAEQvDJaZaZOIcV8iQK8VRX4iTYoAwZ4iCYoAjZ4RxejhVNoT+mRGP4cyF4Pp0N98sBGIBMEMOotl6YZ3S61Bmbkm4mAgAh+QQFCgAPACwAAAAADQANAAAENPDJSRSZeA418itN8QiK8BiLITVsFiyBBIoYqnoewAD4xPw9iY4XLGYSjkQR4UAUD45DLwIAIfkEBQoADwAsAAAAAA8ACQAABC\/wyVlamTi3nSdgwFNdhEJgTJoNyoB9ISYoQmdjiZPcj7EYCAeCF1gEDo4Dz2eIAAAh+QQFCgAPACwCAAAADQANAAAEM\/DJBxiYeLKdX3IJZT1FU0iIg2RNKx3OkZVnZ98ToRD4MyiDnkAh6BkNC0MvsAj0kMpHBAAh+QQFCgAPACwGAAAACQAPAAAEMDC59KpFDll73HkAA2wVY5KgiK5b0RRoI6MuzG6EQqCDMlSGheEhUAgqgUUAFRySIgAh+QQFCgAPACwCAAIADQANAAAEM\/DJKZNLND\/kkKaHc3xk+QAMYDKsiaqmZCxGVjSFFCxB1vwy2oOgIDxuucxAMTAJFAJNBAAh+QQFCgAPACwAAAYADwAJAAAEMNAs86q1yaWwwv2Ig0jUZx3OYa4XoRAfwADXoAwfo1+CIjyFRuEho60aSNYlOPxEAAAh+QQFCgAPACwAAAIADQANAAAENPA9s4y8+IUVcqaWJ4qEQozSoAzoIyhCK2NFU2SJk0hNnyEOhKR2AzAAj4Pj4GE4W0bkJQIAOw==\" \/><div class=\"clear pt-cv-clear-pagination\"><\/div><\/div><\/div>\t\t\t<style type=\"text\/css\" id=\"pt-cv-inline-style-436cd89xym\">#pt-cv-view-e08f1bfz45 .pt-cv-title a, #pt-cv-view-e08f1bfz45  .panel-title { font-weight: 600 !important; }\n#pt-cv-view-e08f1bfz45 .pt-cv-readmore  { color: #ffffff !important; background-color: #00aeef !important; }\n#pt-cv-view-e08f1bfz45 .pt-cv-readmore:hover  { color: #ffffff !important; background-color: #00aeef !important; }\n#pt-cv-view-e08f1bfz45  + .pt-cv-pagination-wrapper .pt-cv-more , #pt-cv-view-e08f1bfz45  + .pt-cv-pagination-wrapper .pagination .active a, .pt-cv-pagination[data-sid='e08f1bfz45'] .active a { color: #ffffff !important; background-color: #00aeef !important; }<\/style>\r\n\t\t\t<\/p>\n","protected":false},"excerpt":{"rendered":"<p>Aqu\u00ed est\u00e1n los art\u00edculos en espa\u00f1ol o portugu\u00e9s de las Naciones Unidas desde 01 febrero 2015. Por consultar las siguientes p\u00e1ginas, haga clic en los n\u00fameros de p\u00e1gina en la parte inferior. Los elementos est\u00e1n ordenados cronol\u00f3gicamente.<\/p>\n","protected":false},"author":1,"featured_media":0,"parent":0,"menu_order":0,"comment_status":"closed","ping_status":"closed","template":"","meta":{"footnotes":""},"class_list":["post-6742","page","type-page","status-publish","hentry"],"_links":{"self":[{"href":"https:\/\/spanish.cpnn-world.org\/index.php?rest_route=\/wp\/v2\/pages\/6742","targetHints":{"allow":["GET"]}}],"collection":[{"href":"https:\/\/spanish.cpnn-world.org\/index.php?rest_route=\/wp\/v2\/pages"}],"about":[{"href":"https:\/\/spanish.cpnn-world.org\/index.php?rest_route=\/wp\/v2\/types\/page"}],"author":[{"embeddable":true,"href":"https:\/\/spanish.cpnn-world.org\/index.php?rest_route=\/wp\/v2\/users\/1"}],"replies":[{"embeddable":true,"href":"https:\/\/spanish.cpnn-world.org\/index.php?rest_route=%2Fwp%2Fv2%2Fcomments&post=6742"}],"version-history":[{"count":4,"href":"https:\/\/spanish.cpnn-world.org\/index.php?rest_route=\/wp\/v2\/pages\/6742\/revisions"}],"predecessor-version":[{"id":8414,"href":"https:\/\/spanish.cpnn-world.org\/index.php?rest_route=\/wp\/v2\/pages\/6742\/revisions\/8414"}],"wp:attachment":[{"href":"https:\/\/spanish.cpnn-world.org\/index.php?rest_route=%2Fwp%2Fv2%2Fmedia&parent=6742"}],"curies":[{"name":"wp","href":"https:\/\/api.w.org\/{rel}","templated":true}]}}