{"id":6584,"date":"2017-01-03T13:32:14","date_gmt":"2017-01-03T13:32:14","guid":{"rendered":"https:\/\/spanish.cpnn-world.org\/?page_id=6584"},"modified":"2025-12-12T13:59:46","modified_gmt":"2025-12-12T12:59:46","slug":"suscribir","status":"publish","type":"page","link":"https:\/\/spanish.cpnn-world.org\/?page_id=6584","title":{"rendered":"Suscribir o desuscribir"},"content":{"rendered":"<p><center>Para recibir el bolet\u00edn en espa\u00f1ol para correo electr\u00f3nico cada mes, env\u00ede un correo electr\u00f3nico con la palabra &#8220;suscribir&#8221; a la siguiente direcci\u00f3n :<br \/>\n<br \/><img loading=\"lazy\" decoding=\"async\" src=\"https:\/\/english.cpnn-world.org\/wp-content\/uploads\/2015\/03\/coordinator.png\" alt=\"\" width=\"264\" height=\"38\" class=\"alignnone size-full wp-image-20272\" \/><\/p>\n<p>Para desuscribir, haz lo mismo con el t\u00edtulo &#8220;desuscribir&#8221;<br \/>\n<\/center><\/p>\n","protected":false},"excerpt":{"rendered":"<p>Para recibir el bolet\u00edn en espa\u00f1ol para correo electr\u00f3nico cada mes, env\u00ede un correo electr\u00f3nico con la palabra &#8220;suscribir&#8221; a la siguiente direcci\u00f3n : Para desuscribir, haz lo mismo con el t\u00edtulo &#8220;desuscribir&#8221;<\/p>\n","protected":false},"author":1,"featured_media":0,"parent":0,"menu_order":0,"comment_status":"closed","ping_status":"closed","template":"","meta":{"footnotes":""},"class_list":["post-6584","page","type-page","status-publish","hentry"],"_links":{"self":[{"href":"https:\/\/spanish.cpnn-world.org\/index.php?rest_route=\/wp\/v2\/pages\/6584","targetHints":{"allow":["GET"]}}],"collection":[{"href":"https:\/\/spanish.cpnn-world.org\/index.php?rest_route=\/wp\/v2\/pages"}],"about":[{"href":"https:\/\/spanish.cpnn-world.org\/index.php?rest_route=\/wp\/v2\/types\/page"}],"author":[{"embeddable":true,"href":"https:\/\/spanish.cpnn-world.org\/index.php?rest_route=\/wp\/v2\/users\/1"}],"replies":[{"embeddable":true,"href":"https:\/\/spanish.cpnn-world.org\/index.php?rest_route=%2Fwp%2Fv2%2Fcomments&post=6584"}],"version-history":[{"count":5,"href":"https:\/\/spanish.cpnn-world.org\/index.php?rest_route=\/wp\/v2\/pages\/6584\/revisions"}],"predecessor-version":[{"id":11792,"href":"https:\/\/spanish.cpnn-world.org\/index.php?rest_route=\/wp\/v2\/pages\/6584\/revisions\/11792"}],"wp:attachment":[{"href":"https:\/\/spanish.cpnn-world.org\/index.php?rest_route=%2Fwp%2Fv2%2Fmedia&parent=6584"}],"curies":[{"name":"wp","href":"https:\/\/api.w.org\/{rel}","templated":true}]}}