{"id":5621,"date":"2016-05-17T10:20:50","date_gmt":"2016-05-17T10:20:50","guid":{"rendered":"https:\/\/spanish.cpnn-world.org\/?page_id=5621"},"modified":"2025-11-17T15:30:55","modified_gmt":"2025-11-17T14:30:55","slug":"buscar","status":"publish","type":"page","link":"https:\/\/spanish.cpnn-world.org\/?page_id=5621","title":{"rendered":"Buscar"},"content":{"rendered":"<p>Para buscar art\u00edculos en espa\u00f1ol publicados despu\u00e9s de 2014, introduzca una palabra clave en la lupa situada en el extremo derecho del men\u00fa.<\/p>\n<p>Todos los art\u00edculos en espa\u00f1ol sobre Colombia se encuentran <a href=\"https:\/\/english.cpnn-world.org\/?p=6862\">aqu\u00ed<\/a>.<\/p>\n<p>Todos los art\u00edculos en espa\u00f1ol sobre M\u00e9xico se encuentran <a href=\"https:\/\/english.cpnn-world.org\/?p=6830\">aqu\u00ed<\/a>.<\/p>\n<p>Para buscar todos los art\u00edculos en espa\u00f1ol por tema, independientemente de su fecha de publicaci\u00f3n, acceda a  <a href=\"https:\/\/english.cpnn-world.org\/?p=14310\" target=\"none\">la lista de temas de discusi\u00f3n<\/a>. <\/p>\n<p>Para los art\u00edculos sobre este tema en espa\u00f1ol publicados despu\u00e9s de 2014, puede buscarlos accediendo al art\u00edculo en ingl\u00e9s.  Si existe una versi\u00f3n en espa\u00f1ol, el enlace se encuentra al final del art\u00edculo en ingl\u00e9s.<\/p>\n<p>Todos los art\u00edculos sobre este tema publicados en espa\u00f1ol antes de 2015 se enumeran en la parte inferior de la p\u00e1gina de discusi\u00f3n con instrucciones sobre c\u00f3mo acceder a ellos.<\/p>\n","protected":false},"excerpt":{"rendered":"<p>Para buscar art\u00edculos en espa\u00f1ol publicados despu\u00e9s de 2014, introduzca una palabra clave en la lupa situada en el extremo derecho del men\u00fa. Todos los art\u00edculos en espa\u00f1ol sobre Colombia se encuentran aqu\u00ed. Todos los art\u00edculos en espa\u00f1ol sobre M\u00e9xico se encuentran aqu\u00ed. Para buscar todos los art\u00edculos en espa\u00f1ol por tema, independientemente de su &hellip; <a href=\"https:\/\/spanish.cpnn-world.org\/?page_id=5621\" class=\"more-link\">Continue reading <span class=\"screen-reader-text\">Buscar<\/span> <span class=\"meta-nav\">&rarr;<\/span><\/a><\/p>\n","protected":false},"author":1,"featured_media":0,"parent":0,"menu_order":0,"comment_status":"closed","ping_status":"closed","template":"","meta":{"footnotes":""},"class_list":["post-5621","page","type-page","status-publish","hentry"],"_links":{"self":[{"href":"https:\/\/spanish.cpnn-world.org\/index.php?rest_route=\/wp\/v2\/pages\/5621","targetHints":{"allow":["GET"]}}],"collection":[{"href":"https:\/\/spanish.cpnn-world.org\/index.php?rest_route=\/wp\/v2\/pages"}],"about":[{"href":"https:\/\/spanish.cpnn-world.org\/index.php?rest_route=\/wp\/v2\/types\/page"}],"author":[{"embeddable":true,"href":"https:\/\/spanish.cpnn-world.org\/index.php?rest_route=\/wp\/v2\/users\/1"}],"replies":[{"embeddable":true,"href":"https:\/\/spanish.cpnn-world.org\/index.php?rest_route=%2Fwp%2Fv2%2Fcomments&post=5621"}],"version-history":[{"count":8,"href":"https:\/\/spanish.cpnn-world.org\/index.php?rest_route=\/wp\/v2\/pages\/5621\/revisions"}],"predecessor-version":[{"id":11771,"href":"https:\/\/spanish.cpnn-world.org\/index.php?rest_route=\/wp\/v2\/pages\/5621\/revisions\/11771"}],"wp:attachment":[{"href":"https:\/\/spanish.cpnn-world.org\/index.php?rest_route=%2Fwp%2Fv2%2Fmedia&parent=5621"}],"curies":[{"name":"wp","href":"https:\/\/api.w.org\/{rel}","templated":true}]}}