{"id":1944,"date":"2015-04-15T08:13:47","date_gmt":"2015-04-15T12:13:47","guid":{"rendered":"http:\/\/english.cpnn-world.org\/?page_id=1944"},"modified":"2019-10-09T12:23:58","modified_gmt":"2019-10-09T12:23:58","slug":"articulos-de-medio-oriente","status":"publish","type":"page","link":"https:\/\/spanish.cpnn-world.org\/?page_id=1944","title":{"rendered":"Art\u00edculos de Medio Oriente"},"content":{"rendered":"<p><em><big>Aqu\u00ed est\u00e1n los art\u00edculos en espa\u00f1ol o portugu\u00e9s de Medio Oriente desde 01 de febrero 2015. <\/big><\/em><div class=\"pt-cv-wrapper\"><div class=\"pt-cv-view pt-cv-grid pt-cv-colsys pt-cv-pgregular\" id=\"pt-cv-view-dd659e4lim\"><div data-id=\"pt-cv-page-1\" class=\"pt-cv-page\" data-cvc=\"4\"><div class=\"col-md-3 col-sm-3 col-xs-12 pt-cv-content-item pt-cv-1-col\"  data-pid=\"11581\"><div class='pt-cv-ifield'><div class=\"pt-cv-content\">DESARME Y SEGURIDAD  ...<\/div>\n<a href=\"https:\/\/spanish.cpnn-world.org\/?p=11581\" class=\"_self pt-cv-href-thumbnail pt-cv-thumb-default cvplbd\" target=\"_self\" ><img decoding=\"async\" width=\"300\" src=\"https:\/\/spanish.cpnn-world.org\/wp-content\/uploads\/2025\/05\/Pressenza.jpg\" class=\"pt-cv-thumbnail img-none cvp-substitute\" alt=\"\u00daltima jornada de la Cumbre de los Pueblos por la Paz en Jerusal\u00e9n. Juntos, israel\u00edes y palestinos dicen \u00abPaz ahora\u00bb\" title=\"\" \/><\/a>\n<h4 class=\"pt-cv-title\"><a href=\"https:\/\/spanish.cpnn-world.org\/?p=11581\" class=\"_self cvplbd\" target=\"_self\" >\u00daltima jornada de la Cumbre de los Pueblos por la Paz en Jerusal\u00e9n. Juntos, israel\u00edes y palestinos dicen \u00abPaz ahora\u00bb<\/a><\/h4>\n<div class=\"pt-cv-meta-fields\"><span class=\"entry-date\"> <time datetime=\"2025-05-13T16:40:32+02:00\">May 13, 2025<\/time><\/span><\/div><\/div><\/div>\n<div class=\"col-md-3 col-sm-3 col-xs-12 pt-cv-content-item pt-cv-1-col\"  data-pid=\"11540\"><div class='pt-cv-ifield'><div class=\"pt-cv-content\">. DERECHOS HUMANOS  ...<\/div>\n<a href=\"https:\/\/spanish.cpnn-world.org\/?p=11540\" class=\"_self pt-cv-href-thumbnail pt-cv-thumb-default cvplbd\" target=\"_self\" ><img decoding=\"async\" width=\"300\" src=\"https:\/\/spanish.cpnn-world.org\/wp-content\/uploads\/2025\/01\/elders.jpg\" class=\"pt-cv-thumbnail img-none cvp-substitute\" alt=\"The Elders advierte de que el alto al fuego y la recuperaci\u00f3n de Gaza corren peligro si no se protege a la UNRWA\" title=\"\" \/><\/a>\n<h4 class=\"pt-cv-title\"><a href=\"https:\/\/spanish.cpnn-world.org\/?p=11540\" class=\"_self cvplbd\" target=\"_self\" >The Elders advierte de que el alto al fuego y la recuperaci\u00f3n de Gaza corren peligro si no se protege a la UNRWA<\/a><\/h4>\n<div class=\"pt-cv-meta-fields\"><span class=\"entry-date\"> <time datetime=\"2025-01-24T23:05:05+01:00\">January 24, 2025<\/time><\/span><\/div><\/div><\/div>\n<div class=\"col-md-3 col-sm-3 col-xs-12 pt-cv-content-item pt-cv-1-col\"  data-pid=\"11246\"><div class='pt-cv-ifield'><div class=\"pt-cv-content\">DESARME Y SEGURIDAD  ...<\/div>\n<a href=\"https:\/\/spanish.cpnn-world.org\/?p=11246\" class=\"_self pt-cv-href-thumbnail pt-cv-thumb-default cvplbd\" target=\"_self\" ><img decoding=\"async\" width=\"300\" src=\"https:\/\/spanish.cpnn-world.org\/wp-content\/uploads\/2024\/06\/Israel.jpg\" class=\"pt-cv-thumbnail img-none cvp-substitute\" alt=\"La izquierda antiguerra se abre paso en Israel: Entrevista a Uri Weltmann\" title=\"\" \/><\/a>\n<h4 class=\"pt-cv-title\"><a href=\"https:\/\/spanish.cpnn-world.org\/?p=11246\" class=\"_self cvplbd\" target=\"_self\" >La izquierda antiguerra se abre paso en Israel: Entrevista a Uri Weltmann<\/a><\/h4>\n<div class=\"pt-cv-meta-fields\"><span class=\"entry-date\"> <time datetime=\"2024-06-08T18:57:20+02:00\">June 8, 2024<\/time><\/span><\/div><\/div><\/div>\n<div class=\"col-md-3 col-sm-3 col-xs-12 pt-cv-content-item pt-cv-1-col\"  data-pid=\"11079\"><div class='pt-cv-ifield'><div class=\"pt-cv-content\">EDUCACI\u00d3N PARA LA PAZ ...<\/div>\n<a href=\"https:\/\/spanish.cpnn-world.org\/?p=11079\" class=\"_self pt-cv-href-thumbnail pt-cv-thumb-default cvplbd\" target=\"_self\" ><img decoding=\"async\" width=\"300\" src=\"https:\/\/spanish.cpnn-world.org\/wp-content\/uploads\/2024\/01\/Mira-y-Noa-1.jpg\" class=\"pt-cv-thumbnail img-none cvp-substitute\" alt=\"Las artistas Mira Awad y Noa: voces para la paz en el conflicto palestino-israel\u00ed\" title=\"\" \/><\/a>\n<h4 class=\"pt-cv-title\"><a href=\"https:\/\/spanish.cpnn-world.org\/?p=11079\" class=\"_self cvplbd\" target=\"_self\" >Las artistas Mira Awad y Noa: voces para la paz en el conflicto palestino-israel\u00ed<\/a><\/h4>\n<div class=\"pt-cv-meta-fields\"><span class=\"entry-date\"> <time datetime=\"2024-01-17T18:38:09+01:00\">January 17, 2024<\/time><\/span><\/div><\/div><\/div>\n<div class=\"col-md-3 col-sm-3 col-xs-12 pt-cv-content-item pt-cv-1-col\"  data-pid=\"11005\"><div class='pt-cv-ifield'><div class=\"pt-cv-content\">. DERECHOS HUMANOS  ...<\/div>\n<a href=\"https:\/\/spanish.cpnn-world.org\/?p=11005\" class=\"_self pt-cv-href-thumbnail pt-cv-thumb-default cvplbd\" target=\"_self\" ><img decoding=\"async\" width=\"300\" src=\"https:\/\/spanish.cpnn-world.org\/wp-content\/uploads\/2023\/12\/MVTPAIX.jpg\" class=\"pt-cv-thumbnail img-none cvp-substitute\" alt=\"Se Invita a la ONU a Presentar su Petici\u00f3n de &quot;Alto el Fuego Inmediato en Gaza&quot; para que sea Firmada por los Pueblos del Mundo\" title=\"\" \/><\/a>\n<h4 class=\"pt-cv-title\"><a href=\"https:\/\/spanish.cpnn-world.org\/?p=11005\" class=\"_self cvplbd\" target=\"_self\" >Se Invita a la ONU a Presentar su Petici\u00f3n de &#8220;Alto el Fuego Inmediato en Gaza&#8221; para que sea Firmada por los Pueblos del Mundo<\/a><\/h4>\n<div class=\"pt-cv-meta-fields\"><span class=\"entry-date\"> <time datetime=\"2023-12-10T08:01:54+01:00\">December 10, 2023<\/time><\/span><\/div><\/div><\/div>\n<div class=\"col-md-3 col-sm-3 col-xs-12 pt-cv-content-item pt-cv-1-col\"  data-pid=\"10837\"><div class='pt-cv-ifield'><div class=\"pt-cv-content\">. DERECHOS HUMANOS  ...<\/div>\n<a href=\"https:\/\/spanish.cpnn-world.org\/?p=10837\" class=\"_self pt-cv-href-thumbnail pt-cv-thumb-default cvplbd\" target=\"_self\" ><img decoding=\"async\" width=\"300\" src=\"https:\/\/spanish.cpnn-world.org\/wp-content\/uploads\/2023\/07\/Israel.jpg\" class=\"pt-cv-thumbnail img-none cvp-substitute\" alt=\"Israel: Democracia en Peligro\" title=\"\" \/><\/a>\n<h4 class=\"pt-cv-title\"><a href=\"https:\/\/spanish.cpnn-world.org\/?p=10837\" class=\"_self cvplbd\" target=\"_self\" >Israel: Democracia en Peligro<\/a><\/h4>\n<div class=\"pt-cv-meta-fields\"><span class=\"entry-date\"> <time datetime=\"2023-07-28T10:00:39+02:00\">July 28, 2023<\/time><\/span><\/div><\/div><\/div>\n<div class=\"col-md-3 col-sm-3 col-xs-12 pt-cv-content-item pt-cv-1-col\"  data-pid=\"10427\"><div class='pt-cv-ifield'><div class=\"pt-cv-content\">TOLERANCIA E SOLIDARIDAD  ...<\/div>\n<a href=\"https:\/\/spanish.cpnn-world.org\/?p=10427\" class=\"_self pt-cv-href-thumbnail pt-cv-thumb-default cvplbd\" target=\"_self\" ><img decoding=\"async\" width=\"300\" src=\"https:\/\/spanish.cpnn-world.org\/wp-content\/uploads\/2022\/11\/forum.jpg\" class=\"pt-cv-thumbnail img-none cvp-substitute\" alt=\"Abu Dabi inaugura la novena edici\u00f3n del Foro de la Paz\" title=\"\" \/><\/a>\n<h4 class=\"pt-cv-title\"><a href=\"https:\/\/spanish.cpnn-world.org\/?p=10427\" class=\"_self cvplbd\" target=\"_self\" >Abu Dabi inaugura la novena edici\u00f3n del Foro de la Paz<\/a><\/h4>\n<div class=\"pt-cv-meta-fields\"><span class=\"entry-date\"> <time datetime=\"2022-11-23T19:13:17+01:00\">November 23, 2022<\/time><\/span><\/div><\/div><\/div>\n<div class=\"col-md-3 col-sm-3 col-xs-12 pt-cv-content-item pt-cv-1-col\"  data-pid=\"10422\"><div class='pt-cv-ifield'><div class=\"pt-cv-content\">. DERECHOS HUMANOS  ...<\/div>\n<a href=\"https:\/\/spanish.cpnn-world.org\/?p=10422\" class=\"_self pt-cv-href-thumbnail pt-cv-thumb-default cvplbd\" target=\"_self\" ><img decoding=\"async\" width=\"300\" src=\"https:\/\/spanish.cpnn-world.org\/wp-content\/uploads\/2022\/11\/syria.jpg\" class=\"pt-cv-thumbnail img-none cvp-substitute\" alt=\"Las Sanciones Occidentales Que Est\u00e1n \u2018Asfixiando\u2019 A Siria, Pueden Ser Cr\u00edmenes De Lesa Humanidad\" title=\"\" \/><\/a>\n<h4 class=\"pt-cv-title\"><a href=\"https:\/\/spanish.cpnn-world.org\/?p=10422\" class=\"_self cvplbd\" target=\"_self\" >Las Sanciones Occidentales Que Est\u00e1n \u2018Asfixiando\u2019 A Siria, Pueden Ser Cr\u00edmenes De Lesa Humanidad<\/a><\/h4>\n<div class=\"pt-cv-meta-fields\"><span class=\"entry-date\"> <time datetime=\"2022-11-21T19:38:11+01:00\">November 21, 2022<\/time><\/span><\/div><\/div><\/div><\/div><\/div>\n<div class=\"text-left pt-cv-pagination-wrapper\"><ul class=\"pt-cv-pagination pt-cv-ajax pagination\" data-totalpages=\"2\" data-currentpage=\"1\" data-sid=\"dd659e4lim\" data-unid=\"\" data-isblock=\"\" data-postid=\"\"><li class=\"active\"><a href=\"#\">1<\/a><\/li>\n\t<li ><a class=\"\" href=\"https:\/\/spanish.cpnn-world.org\/index.php\/?_page=2&#038;rest_route=%2Fwp%2Fv2%2Fpages%2F1944\">2<\/a><\/li>\n\t<li ><a class=\" \" href=\"https:\/\/spanish.cpnn-world.org\/index.php\/?_page=2&#038;rest_route=%2Fwp%2Fv2%2Fpages%2F1944\">&rsaquo;<\/a><\/li>\n\t<\/ul><img loading=\"lazy\" decoding=\"async\" width=\"15\" height=\"15\" class=\"pt-cv-spinner\" alt=\"Loading...\" src=\"data:image\/gif;base64,R0lGODlhDwAPALMPAMrKygwMDJOTkz09PZWVla+vr3p6euTk5M7OzuXl5TMzMwAAAJmZmWZmZszMzP\/\/\/yH\/C05FVFNDQVBFMi4wAwEAAAAh+QQFCgAPACwAAAAADwAPAAAEQvDJaZaZOIcV8iQK8VRX4iTYoAwZ4iCYoAjZ4RxejhVNoT+mRGP4cyF4Pp0N98sBGIBMEMOotl6YZ3S61Bmbkm4mAgAh+QQFCgAPACwAAAAADQANAAAENPDJSRSZeA418itN8QiK8BiLITVsFiyBBIoYqnoewAD4xPw9iY4XLGYSjkQR4UAUD45DLwIAIfkEBQoADwAsAAAAAA8ACQAABC\/wyVlamTi3nSdgwFNdhEJgTJoNyoB9ISYoQmdjiZPcj7EYCAeCF1gEDo4Dz2eIAAAh+QQFCgAPACwCAAAADQANAAAEM\/DJBxiYeLKdX3IJZT1FU0iIg2RNKx3OkZVnZ98ToRD4MyiDnkAh6BkNC0MvsAj0kMpHBAAh+QQFCgAPACwGAAAACQAPAAAEMDC59KpFDll73HkAA2wVY5KgiK5b0RRoI6MuzG6EQqCDMlSGheEhUAgqgUUAFRySIgAh+QQFCgAPACwCAAIADQANAAAEM\/DJKZNLND\/kkKaHc3xk+QAMYDKsiaqmZCxGVjSFFCxB1vwy2oOgIDxuucxAMTAJFAJNBAAh+QQFCgAPACwAAAYADwAJAAAEMNAs86q1yaWwwv2Ig0jUZx3OYa4XoRAfwADXoAwfo1+CIjyFRuEho60aSNYlOPxEAAAh+QQFCgAPACwAAAIADQANAAAENPA9s4y8+IUVcqaWJ4qEQozSoAzoIyhCK2NFU2SJk0hNnyEOhKR2AzAAj4Pj4GE4W0bkJQIAOw==\" \/><div class=\"clear pt-cv-clear-pagination\"><\/div><\/div><\/div>\t\t\t<style type=\"text\/css\" id=\"pt-cv-inline-style-06166817lx\">#pt-cv-view-dd659e4lim .pt-cv-title a, #pt-cv-view-dd659e4lim  .panel-title { font-weight: 600 !important; }\n#pt-cv-view-dd659e4lim .pt-cv-readmore  { color: #ffffff !important; background-color: #00aeef !important; }\n#pt-cv-view-dd659e4lim .pt-cv-readmore:hover  { color: #ffffff !important; background-color: #00aeef !important; }\n#pt-cv-view-dd659e4lim  + .pt-cv-pagination-wrapper .pt-cv-more , #pt-cv-view-dd659e4lim  + .pt-cv-pagination-wrapper .pagination .active a, .pt-cv-pagination[data-sid='dd659e4lim'] .active a { color: #ffffff !important; background-color: #00aeef !important; }<\/style>\r\n\t\t\t<\/p>\n","protected":false},"excerpt":{"rendered":"<p>Aqu\u00ed est\u00e1n los art\u00edculos en espa\u00f1ol o portugu\u00e9s de Medio Oriente desde 01 de febrero 2015.<\/p>\n","protected":false},"author":1,"featured_media":0,"parent":0,"menu_order":0,"comment_status":"closed","ping_status":"closed","template":"","meta":{"footnotes":""},"class_list":["post-1944","page","type-page","status-publish","hentry"],"_links":{"self":[{"href":"https:\/\/spanish.cpnn-world.org\/index.php?rest_route=\/wp\/v2\/pages\/1944","targetHints":{"allow":["GET"]}}],"collection":[{"href":"https:\/\/spanish.cpnn-world.org\/index.php?rest_route=\/wp\/v2\/pages"}],"about":[{"href":"https:\/\/spanish.cpnn-world.org\/index.php?rest_route=\/wp\/v2\/types\/page"}],"author":[{"embeddable":true,"href":"https:\/\/spanish.cpnn-world.org\/index.php?rest_route=\/wp\/v2\/users\/1"}],"replies":[{"embeddable":true,"href":"https:\/\/spanish.cpnn-world.org\/index.php?rest_route=%2Fwp%2Fv2%2Fcomments&post=1944"}],"version-history":[{"count":3,"href":"https:\/\/spanish.cpnn-world.org\/index.php?rest_route=\/wp\/v2\/pages\/1944\/revisions"}],"predecessor-version":[{"id":8334,"href":"https:\/\/spanish.cpnn-world.org\/index.php?rest_route=\/wp\/v2\/pages\/1944\/revisions\/8334"}],"wp:attachment":[{"href":"https:\/\/spanish.cpnn-world.org\/index.php?rest_route=%2Fwp%2Fv2%2Fmedia&parent=1944"}],"curies":[{"name":"wp","href":"https:\/\/api.w.org\/{rel}","templated":true}]}}