{"id":1913,"date":"2015-04-14T19:47:00","date_gmt":"2015-04-14T23:47:00","guid":{"rendered":"http:\/\/english.cpnn-world.org\/?page_id=1913"},"modified":"2019-10-11T09:45:33","modified_gmt":"2019-10-11T09:45:33","slug":"articulos-de-desarme","status":"publish","type":"page","link":"https:\/\/spanish.cpnn-world.org\/?page_id=1913","title":{"rendered":"Art\u00edculos de Desarme"},"content":{"rendered":"<p><em><big>Aqu\u00ed est\u00e1n los art\u00edculos en espa\u00f1ol o portugu\u00e9s de Desarme desde 01 de febrero 2015<br \/>\nPor consultar las siguientes p\u00e1ginas, haga clic en los n\u00fameros de p\u00e1gina en la parte inferior.<br \/>\nLos elementos est\u00e1n ordenados cronol\u00f3gicamente.<\/big><\/em><div class=\"pt-cv-wrapper\"><div class=\"pt-cv-view pt-cv-grid pt-cv-colsys pt-cv-pgregular\" id=\"pt-cv-view-4a78ba7tnr\"><div data-id=\"pt-cv-page-1\" class=\"pt-cv-page\" data-cvc=\"4\"><div class=\"col-md-3 col-sm-3 col-xs-3 pt-cv-content-item pt-cv-1-col\"  data-pid=\"11627\"><div class='pt-cv-ifield'><a href=\"https:\/\/spanish.cpnn-world.org\/?p=11627\" class=\"_self pt-cv-href-thumbnail pt-cv-thumb-default cvplbd\" target=\"_self\" ><img decoding=\"async\" width=\"300\" src=\"https:\/\/spanish.cpnn-world.org\/wp-content\/uploads\/2025\/06\/PeaceWave.jpg\" class=\"pt-cv-thumbnail img-none cvp-substitute\" alt=\"Ola de paz 2025\" title=\"\" \/><\/a>\n<h4 class=\"pt-cv-title\"><a href=\"https:\/\/spanish.cpnn-world.org\/?p=11627\" class=\"_self cvplbd\" target=\"_self\" >Ola de paz 2025<\/a><\/h4>\n<div class=\"pt-cv-meta-fields\"><span class=\"entry-date\"> <time datetime=\"2025-06-29T16:06:26+02:00\">June 29, 2025<\/time><\/span><\/div><\/div><\/div>\n<div class=\"col-md-3 col-sm-3 col-xs-3 pt-cv-content-item pt-cv-1-col\"  data-pid=\"11600\"><div class='pt-cv-ifield'><a href=\"https:\/\/spanish.cpnn-world.org\/?p=11600\" class=\"_self pt-cv-href-thumbnail pt-cv-thumb-default cvplbd\" target=\"_self\" ><img decoding=\"async\" width=\"300\" src=\"https:\/\/spanish.cpnn-world.org\/wp-content\/uploads\/2025\/05\/Avila.jpg\" class=\"pt-cv-thumbnail img-none cvp-substitute\" alt=\"Espa\u00f1a: Recogidas de firmas por la paz, &quot;no a la guerra y no al rearme de Europa&quot;\" title=\"\" \/><\/a>\n<h4 class=\"pt-cv-title\"><a href=\"https:\/\/spanish.cpnn-world.org\/?p=11600\" class=\"_self cvplbd\" target=\"_self\" >Espa\u00f1a: Recogidas de firmas por la paz, &#8220;no a la guerra y no al rearme de Europa&#8221;<\/a><\/h4>\n<div class=\"pt-cv-meta-fields\"><span class=\"entry-date\"> <time datetime=\"2025-05-14T21:34:11+02:00\">May 14, 2025<\/time><\/span><\/div><\/div><\/div>\n<div class=\"col-md-3 col-sm-3 col-xs-3 pt-cv-content-item pt-cv-1-col\"  data-pid=\"11581\"><div class='pt-cv-ifield'><a href=\"https:\/\/spanish.cpnn-world.org\/?p=11581\" class=\"_self pt-cv-href-thumbnail pt-cv-thumb-default cvplbd\" target=\"_self\" ><img decoding=\"async\" width=\"300\" src=\"https:\/\/spanish.cpnn-world.org\/wp-content\/uploads\/2025\/05\/Pressenza.jpg\" class=\"pt-cv-thumbnail img-none cvp-substitute\" alt=\"\u00daltima jornada de la Cumbre de los Pueblos por la Paz en Jerusal\u00e9n. Juntos, israel\u00edes y palestinos dicen \u00abPaz ahora\u00bb\" title=\"\" \/><\/a>\n<h4 class=\"pt-cv-title\"><a href=\"https:\/\/spanish.cpnn-world.org\/?p=11581\" class=\"_self cvplbd\" target=\"_self\" >\u00daltima jornada de la Cumbre de los Pueblos por la Paz en Jerusal\u00e9n. Juntos, israel\u00edes y palestinos dicen \u00abPaz ahora\u00bb<\/a><\/h4>\n<div class=\"pt-cv-meta-fields\"><span class=\"entry-date\"> <time datetime=\"2025-05-13T16:40:32+02:00\">May 13, 2025<\/time><\/span><\/div><\/div><\/div>\n<div class=\"col-md-3 col-sm-3 col-xs-3 pt-cv-content-item pt-cv-1-col\"  data-pid=\"11493\"><div class='pt-cv-ifield'><a href=\"https:\/\/spanish.cpnn-world.org\/?p=11493\" class=\"_self pt-cv-href-thumbnail pt-cv-thumb-default cvplbd\" target=\"_self\" ><img decoding=\"async\" width=\"300\" src=\"https:\/\/spanish.cpnn-world.org\/wp-content\/uploads\/2024\/12\/Nepal.jpg\" class=\"pt-cv-thumbnail img-none cvp-substitute\" alt=\"Equipo itinerante de la 3a. Marcha Mundial por la Paz y la NoViolencia inici\u00f3 sus actividades en Nepal\" title=\"\" \/><\/a>\n<h4 class=\"pt-cv-title\"><a href=\"https:\/\/spanish.cpnn-world.org\/?p=11493\" class=\"_self cvplbd\" target=\"_self\" >Equipo itinerante de la 3a. Marcha Mundial por la Paz y la NoViolencia inici\u00f3 sus actividades en Nepal<\/a><\/h4>\n<div class=\"pt-cv-meta-fields\"><span class=\"entry-date\"> <time datetime=\"2024-12-17T08:06:52+01:00\">December 17, 2024<\/time><\/span><\/div><\/div><\/div>\n<div class=\"col-md-3 col-sm-3 col-xs-3 pt-cv-content-item pt-cv-1-col\"  data-pid=\"11433\"><div class='pt-cv-ifield'><a href=\"https:\/\/spanish.cpnn-world.org\/?p=11433\" class=\"_self pt-cv-href-thumbnail pt-cv-thumb-default cvplbd\" target=\"_self\" ><img decoding=\"async\" width=\"300\" src=\"https:\/\/spanish.cpnn-world.org\/wp-content\/uploads\/2024\/11\/Lula2.jpg\" class=\"pt-cv-thumbnail img-none cvp-substitute\" alt=\"Lula, el \u201c\u00danico Adulto en la Sala\u201d\" title=\"\" \/><\/a>\n<h4 class=\"pt-cv-title\"><a href=\"https:\/\/spanish.cpnn-world.org\/?p=11433\" class=\"_self cvplbd\" target=\"_self\" >Lula, el \u201c\u00danico Adulto en la Sala\u201d<\/a><\/h4>\n<div class=\"pt-cv-meta-fields\"><span class=\"entry-date\"> <time datetime=\"2024-11-28T19:52:36+01:00\">November 28, 2024<\/time><\/span><\/div><\/div><\/div>\n<div class=\"col-md-3 col-sm-3 col-xs-3 pt-cv-content-item pt-cv-1-col\"  data-pid=\"11388\"><div class='pt-cv-ifield'><a href=\"https:\/\/spanish.cpnn-world.org\/?p=11388\" class=\"_self pt-cv-href-thumbnail pt-cv-thumb-default cvplbd\" target=\"_self\" ><img decoding=\"async\" width=\"300\" src=\"https:\/\/spanish.cpnn-world.org\/wp-content\/uploads\/2024\/10\/march-mexico.jpg\" class=\"pt-cv-thumbnail img-none cvp-substitute\" alt=\"M\u00e9xico apoya arranque de La 3MM con ceremonias sobre la Paz y la No violencia en instituci\u00f3n educativa\" title=\"\" \/><\/a>\n<h4 class=\"pt-cv-title\"><a href=\"https:\/\/spanish.cpnn-world.org\/?p=11388\" class=\"_self cvplbd\" target=\"_self\" >M\u00e9xico apoya arranque de La 3MM con ceremonias sobre la Paz y la No violencia en instituci\u00f3n educativa<\/a><\/h4>\n<div class=\"pt-cv-meta-fields\"><span class=\"entry-date\"> <time datetime=\"2024-10-14T20:44:24+02:00\">October 14, 2024<\/time><\/span><\/div><\/div><\/div>\n<div class=\"col-md-3 col-sm-3 col-xs-3 pt-cv-content-item pt-cv-1-col\"  data-pid=\"11284\"><div class='pt-cv-ifield'><a href=\"https:\/\/spanish.cpnn-world.org\/?p=11284\" class=\"_self pt-cv-href-thumbnail pt-cv-thumb-default cvplbd\" target=\"_self\" ><img decoding=\"async\" width=\"300\" src=\"https:\/\/spanish.cpnn-world.org\/wp-content\/uploads\/2024\/08\/Guterres-spanish.jpg\" class=\"pt-cv-thumbnail img-none cvp-substitute\" alt=\"A 79 a\u00f1os de Hiroshima, la ONU urge una vez m\u00e1s a la eliminaci\u00f3n de las armas nucleares\" title=\"\" \/><\/a>\n<h4 class=\"pt-cv-title\"><a href=\"https:\/\/spanish.cpnn-world.org\/?p=11284\" class=\"_self cvplbd\" target=\"_self\" >A 79 a\u00f1os de Hiroshima, la ONU urge una vez m\u00e1s a la eliminaci\u00f3n de las armas nucleares<\/a><\/h4>\n<div class=\"pt-cv-meta-fields\"><span class=\"entry-date\"> <time datetime=\"2024-08-07T17:35:15+02:00\">August 7, 2024<\/time><\/span><\/div><\/div><\/div>\n<div class=\"col-md-3 col-sm-3 col-xs-3 pt-cv-content-item pt-cv-1-col\"  data-pid=\"11246\"><div class='pt-cv-ifield'><a href=\"https:\/\/spanish.cpnn-world.org\/?p=11246\" class=\"_self pt-cv-href-thumbnail pt-cv-thumb-default cvplbd\" target=\"_self\" ><img decoding=\"async\" width=\"300\" src=\"https:\/\/spanish.cpnn-world.org\/wp-content\/uploads\/2024\/06\/Israel.jpg\" class=\"pt-cv-thumbnail img-none cvp-substitute\" alt=\"La izquierda antiguerra se abre paso en Israel: Entrevista a Uri Weltmann\" title=\"\" \/><\/a>\n<h4 class=\"pt-cv-title\"><a href=\"https:\/\/spanish.cpnn-world.org\/?p=11246\" class=\"_self cvplbd\" target=\"_self\" >La izquierda antiguerra se abre paso en Israel: Entrevista a Uri Weltmann<\/a><\/h4>\n<div class=\"pt-cv-meta-fields\"><span class=\"entry-date\"> <time datetime=\"2024-06-08T18:57:20+02:00\">June 8, 2024<\/time><\/span><\/div><\/div><\/div><\/div><\/div>\n<div class=\"text-left pt-cv-pagination-wrapper\"><ul class=\"pt-cv-pagination pt-cv-ajax pagination\" data-totalpages=\"6\" data-currentpage=\"1\" data-sid=\"4a78ba7tnr\" data-unid=\"\" data-isblock=\"\" data-postid=\"\"><li class=\"active\"><a href=\"#\">1<\/a><\/li>\n\t<li ><a class=\"\" href=\"https:\/\/spanish.cpnn-world.org\/index.php\/?_page=2&#038;rest_route=%2Fwp%2Fv2%2Fpages%2F1913\">2<\/a><\/li>\n\t<li ><a class=\"\" href=\"https:\/\/spanish.cpnn-world.org\/index.php\/?_page=3&#038;rest_route=%2Fwp%2Fv2%2Fpages%2F1913\">3<\/a><\/li>\n\t<li ><a href=\"#\">&hellip;<\/a><\/li>\n\t<li ><a class=\"\" href=\"https:\/\/spanish.cpnn-world.org\/index.php\/?_page=6&#038;rest_route=%2Fwp%2Fv2%2Fpages%2F1913\">6<\/a><\/li>\n\t<li ><a class=\" \" href=\"https:\/\/spanish.cpnn-world.org\/index.php\/?_page=2&#038;rest_route=%2Fwp%2Fv2%2Fpages%2F1913\">&rsaquo;<\/a><\/li>\n\t<\/ul><img loading=\"lazy\" decoding=\"async\" width=\"15\" height=\"15\" class=\"pt-cv-spinner\" alt=\"Loading...\" src=\"data:image\/gif;base64,R0lGODlhDwAPALMPAMrKygwMDJOTkz09PZWVla+vr3p6euTk5M7OzuXl5TMzMwAAAJmZmWZmZszMzP\/\/\/yH\/C05FVFNDQVBFMi4wAwEAAAAh+QQFCgAPACwAAAAADwAPAAAEQvDJaZaZOIcV8iQK8VRX4iTYoAwZ4iCYoAjZ4RxejhVNoT+mRGP4cyF4Pp0N98sBGIBMEMOotl6YZ3S61Bmbkm4mAgAh+QQFCgAPACwAAAAADQANAAAENPDJSRSZeA418itN8QiK8BiLITVsFiyBBIoYqnoewAD4xPw9iY4XLGYSjkQR4UAUD45DLwIAIfkEBQoADwAsAAAAAA8ACQAABC\/wyVlamTi3nSdgwFNdhEJgTJoNyoB9ISYoQmdjiZPcj7EYCAeCF1gEDo4Dz2eIAAAh+QQFCgAPACwCAAAADQANAAAEM\/DJBxiYeLKdX3IJZT1FU0iIg2RNKx3OkZVnZ98ToRD4MyiDnkAh6BkNC0MvsAj0kMpHBAAh+QQFCgAPACwGAAAACQAPAAAEMDC59KpFDll73HkAA2wVY5KgiK5b0RRoI6MuzG6EQqCDMlSGheEhUAgqgUUAFRySIgAh+QQFCgAPACwCAAIADQANAAAEM\/DJKZNLND\/kkKaHc3xk+QAMYDKsiaqmZCxGVjSFFCxB1vwy2oOgIDxuucxAMTAJFAJNBAAh+QQFCgAPACwAAAYADwAJAAAEMNAs86q1yaWwwv2Ig0jUZx3OYa4XoRAfwADXoAwfo1+CIjyFRuEho60aSNYlOPxEAAAh+QQFCgAPACwAAAIADQANAAAENPA9s4y8+IUVcqaWJ4qEQozSoAzoIyhCK2NFU2SJk0hNnyEOhKR2AzAAj4Pj4GE4W0bkJQIAOw==\" \/><div class=\"clear pt-cv-clear-pagination\"><\/div><\/div><\/div>\t\t\t<style type=\"text\/css\" id=\"pt-cv-inline-style-6eec36fw27\">#pt-cv-view-4a78ba7tnr .pt-cv-title a, #pt-cv-view-4a78ba7tnr  .panel-title { font-weight: 600 !important; }\n#pt-cv-view-4a78ba7tnr .pt-cv-readmore  { color: #ffffff !important; background-color: #00aeef !important; }\n#pt-cv-view-4a78ba7tnr .pt-cv-readmore:hover  { color: #ffffff !important; background-color: #00aeef !important; }\n#pt-cv-view-4a78ba7tnr  + .pt-cv-pagination-wrapper .pt-cv-more , #pt-cv-view-4a78ba7tnr  + .pt-cv-pagination-wrapper .pagination .active a, .pt-cv-pagination[data-sid='4a78ba7tnr'] .active a { color: #ffffff !important; background-color: #00aeef !important; }<\/style>\r\n\t\t\t<\/p>\n","protected":false},"excerpt":{"rendered":"<p>Aqu\u00ed est\u00e1n los art\u00edculos en espa\u00f1ol o portugu\u00e9s de Desarme desde 01 de febrero 2015 Por consultar las siguientes p\u00e1ginas, haga clic en los n\u00fameros de p\u00e1gina en la parte inferior. Los elementos est\u00e1n ordenados cronol\u00f3gicamente.<\/p>\n","protected":false},"author":1,"featured_media":0,"parent":0,"menu_order":0,"comment_status":"closed","ping_status":"closed","template":"","meta":{"footnotes":""},"class_list":["post-1913","page","type-page","status-publish","hentry"],"_links":{"self":[{"href":"https:\/\/spanish.cpnn-world.org\/index.php?rest_route=\/wp\/v2\/pages\/1913","targetHints":{"allow":["GET"]}}],"collection":[{"href":"https:\/\/spanish.cpnn-world.org\/index.php?rest_route=\/wp\/v2\/pages"}],"about":[{"href":"https:\/\/spanish.cpnn-world.org\/index.php?rest_route=\/wp\/v2\/types\/page"}],"author":[{"embeddable":true,"href":"https:\/\/spanish.cpnn-world.org\/index.php?rest_route=\/wp\/v2\/users\/1"}],"replies":[{"embeddable":true,"href":"https:\/\/spanish.cpnn-world.org\/index.php?rest_route=%2Fwp%2Fv2%2Fcomments&post=1913"}],"version-history":[{"count":3,"href":"https:\/\/spanish.cpnn-world.org\/index.php?rest_route=\/wp\/v2\/pages\/1913\/revisions"}],"predecessor-version":[{"id":8422,"href":"https:\/\/spanish.cpnn-world.org\/index.php?rest_route=\/wp\/v2\/pages\/1913\/revisions\/8422"}],"wp:attachment":[{"href":"https:\/\/spanish.cpnn-world.org\/index.php?rest_route=%2Fwp%2Fv2%2Fmedia&parent=1913"}],"curies":[{"name":"wp","href":"https:\/\/api.w.org\/{rel}","templated":true}]}}