{"id":1910,"date":"2015-04-14T19:41:23","date_gmt":"2015-04-14T23:41:23","guid":{"rendered":"http:\/\/english.cpnn-world.org\/?page_id=1910"},"modified":"2019-10-11T09:45:10","modified_gmt":"2019-10-11T09:45:10","slug":"articulos-de-libre-circulacion-de-informacion","status":"publish","type":"page","link":"https:\/\/spanish.cpnn-world.org\/?page_id=1910","title":{"rendered":"Art\u00edculos de Libre Circulaci\u00f3n de Informaci\u00f3n"},"content":{"rendered":"<p><em><big>Aqu\u00ed est\u00e1n los art\u00edculos en espa\u00f1ol o portugu\u00e9s de Libre Circulaci\u00f3n de Informaci\u00f3n desde 01 de febrero 2015.<br \/>\nPor consultar las siguientes p\u00e1ginas, haga clic en los n\u00fameros de p\u00e1gina en la parte inferior.<br \/>\nLos elementos est\u00e1n ordenados cronol\u00f3gicamente.<\/big><\/em><div class=\"pt-cv-wrapper\"><div class=\"pt-cv-view pt-cv-grid pt-cv-colsys pt-cv-pgregular\" id=\"pt-cv-view-58392e973v\"><div data-id=\"pt-cv-page-1\" class=\"pt-cv-page\" data-cvc=\"4\"><div class=\"col-md-3 col-sm-3 col-xs-3 pt-cv-content-item pt-cv-1-col\"  data-pid=\"12031\"><div class='pt-cv-ifield'><a href=\"https:\/\/spanish.cpnn-world.org\/?p=12031\" class=\"_self pt-cv-href-thumbnail pt-cv-thumb-default cvplbd\" target=\"_self\" ><img decoding=\"async\" width=\"300\" src=\"https:\/\/spanish.cpnn-world.org\/wp-content\/uploads\/2026\/03\/Ecuador.jpg\" class=\"pt-cv-thumbnail img-none cvp-substitute\" alt=\"La cultura de paz como respuesta estructural frente a la violencia en Ecuador\" title=\"\" \/><\/a>\n<h4 class=\"pt-cv-title\"><a href=\"https:\/\/spanish.cpnn-world.org\/?p=12031\" class=\"_self cvplbd\" target=\"_self\" >La cultura de paz como respuesta estructural frente a la violencia en Ecuador<\/a><\/h4>\n<div class=\"pt-cv-meta-fields\"><span class=\"entry-date\"> <time datetime=\"2026-03-05T09:00:17+01:00\">March 5, 2026<\/time><\/span><\/div><\/div><\/div>\n<div class=\"col-md-3 col-sm-3 col-xs-3 pt-cv-content-item pt-cv-1-col\"  data-pid=\"11946\"><div class='pt-cv-ifield'><a href=\"https:\/\/spanish.cpnn-world.org\/?p=11946\" class=\"_self pt-cv-href-thumbnail pt-cv-thumb-default cvplbd\" target=\"_self\" ><img decoding=\"async\" width=\"300\" src=\"https:\/\/spanish.cpnn-world.org\/wp-content\/uploads\/2026\/02\/Jalisco.jpg\" class=\"pt-cv-thumbnail img-none cvp-substitute\" alt=\"M\u00e9xico: Pablo Lemus y Rigoberta Mench\u00fa acuerdan acciones para construir una nueva cultura de paz en Jalisco\" title=\"\" \/><\/a>\n<h4 class=\"pt-cv-title\"><a href=\"https:\/\/spanish.cpnn-world.org\/?p=11946\" class=\"_self cvplbd\" target=\"_self\" >M\u00e9xico: Pablo Lemus y Rigoberta Mench\u00fa acuerdan acciones para construir una nueva cultura de paz en Jalisco<\/a><\/h4>\n<div class=\"pt-cv-meta-fields\"><span class=\"entry-date\"> <time datetime=\"2026-02-05T19:37:04+01:00\">February 5, 2026<\/time><\/span><\/div><\/div><\/div>\n<div class=\"col-md-3 col-sm-3 col-xs-3 pt-cv-content-item pt-cv-1-col\"  data-pid=\"11939\"><div class='pt-cv-ifield'><a href=\"https:\/\/spanish.cpnn-world.org\/?p=11939\" class=\"_self pt-cv-href-thumbnail pt-cv-thumb-default cvplbd\" target=\"_self\" ><img decoding=\"async\" width=\"300\" src=\"https:\/\/spanish.cpnn-world.org\/wp-content\/uploads\/2026\/02\/DENIP.jpg\" class=\"pt-cv-thumbnail img-none cvp-substitute\" alt=\"D\u00eda escolar de la No Violencia y la Paz\" title=\"\" \/><\/a>\n<h4 class=\"pt-cv-title\"><a href=\"https:\/\/spanish.cpnn-world.org\/?p=11939\" class=\"_self cvplbd\" target=\"_self\" >D\u00eda escolar de la No Violencia y la Paz<\/a><\/h4>\n<div class=\"pt-cv-meta-fields\"><span class=\"entry-date\"> <time datetime=\"2026-02-05T09:29:29+01:00\">February 5, 2026<\/time><\/span><\/div><\/div><\/div>\n<div class=\"col-md-3 col-sm-3 col-xs-3 pt-cv-content-item pt-cv-1-col\"  data-pid=\"11721\"><div class='pt-cv-ifield'><a href=\"https:\/\/spanish.cpnn-world.org\/?p=11721\" class=\"_self pt-cv-href-thumbnail pt-cv-thumb-default cvplbd\" target=\"_self\" ><img decoding=\"async\" width=\"300\" src=\"https:\/\/spanish.cpnn-world.org\/wp-content\/uploads\/2025\/09\/Cuba.jpg\" class=\"pt-cv-thumbnail img-none cvp-substitute\" alt=\"Cuba: Conmemoran D\u00eda Internacional de la Paz en centros educativos de Ciego de \u00c1vila\u00a0\" title=\"\" \/><\/a>\n<h4 class=\"pt-cv-title\"><a href=\"https:\/\/spanish.cpnn-world.org\/?p=11721\" class=\"_self cvplbd\" target=\"_self\" >Cuba: Conmemoran D\u00eda Internacional de la Paz en centros educativos de Ciego de \u00c1vila\u00a0<\/a><\/h4>\n<div class=\"pt-cv-meta-fields\"><span class=\"entry-date\"> <time datetime=\"2025-09-27T19:13:48+02:00\">September 27, 2025<\/time><\/span><\/div><\/div><\/div>\n<div class=\"col-md-3 col-sm-3 col-xs-3 pt-cv-content-item pt-cv-1-col\"  data-pid=\"11657\"><div class='pt-cv-ifield'><a href=\"https:\/\/spanish.cpnn-world.org\/?p=11657\" class=\"_self pt-cv-href-thumbnail pt-cv-thumb-default cvplbd\" target=\"_self\" ><img decoding=\"async\" width=\"300\" src=\"https:\/\/spanish.cpnn-world.org\/wp-content\/uploads\/2025\/07\/Lula.jpg\" class=\"pt-cv-thumbnail img-none cvp-substitute\" alt=\"Lula abre C\u00fapula do BRICS com apelo por investimentos para a paz e seguran\u00e7a\" title=\"\" \/><\/a>\n<h4 class=\"pt-cv-title\"><a href=\"https:\/\/spanish.cpnn-world.org\/?p=11657\" class=\"_self cvplbd\" target=\"_self\" >Lula abre C\u00fapula do BRICS com apelo por investimentos para a paz e seguran\u00e7a<\/a><\/h4>\n<div class=\"pt-cv-meta-fields\"><span class=\"entry-date\"> <time datetime=\"2025-07-07T10:47:08+02:00\">July 7, 2025<\/time><\/span><\/div><\/div><\/div>\n<div class=\"col-md-3 col-sm-3 col-xs-3 pt-cv-content-item pt-cv-1-col\"  data-pid=\"11443\"><div class='pt-cv-ifield'><a href=\"https:\/\/spanish.cpnn-world.org\/?p=11443\" class=\"_self pt-cv-href-thumbnail pt-cv-thumb-default cvplbd\" target=\"_self\" ><img decoding=\"async\" width=\"300\" src=\"https:\/\/spanish.cpnn-world.org\/wp-content\/uploads\/2024\/11\/Petro.jpg\" class=\"pt-cv-thumbnail img-none cvp-substitute\" alt=\"Discurso de Gustavo Petro, Presidente de Colombia, en la Cumbre del G20\" title=\"\" \/><\/a>\n<h4 class=\"pt-cv-title\"><a href=\"https:\/\/spanish.cpnn-world.org\/?p=11443\" class=\"_self cvplbd\" target=\"_self\" >Discurso de Gustavo Petro, Presidente de Colombia, en la Cumbre del G20<\/a><\/h4>\n<div class=\"pt-cv-meta-fields\"><span class=\"entry-date\"> <time datetime=\"2024-11-29T17:28:31+01:00\">November 29, 2024<\/time><\/span><\/div><\/div><\/div>\n<div class=\"col-md-3 col-sm-3 col-xs-3 pt-cv-content-item pt-cv-1-col\"  data-pid=\"11437\"><div class='pt-cv-ifield'><a href=\"https:\/\/spanish.cpnn-world.org\/?p=11437\" class=\"_self pt-cv-href-thumbnail pt-cv-thumb-default cvplbd\" target=\"_self\" ><img decoding=\"async\" width=\"300\" src=\"https:\/\/spanish.cpnn-world.org\/wp-content\/uploads\/2024\/11\/Lula.png\" class=\"pt-cv-thumbnail img-none cvp-substitute\" alt=\"Brasil: Presidente Lula encerra a C\u00fapula de L\u00edderes do G20\" title=\"\" \/><\/a>\n<h4 class=\"pt-cv-title\"><a href=\"https:\/\/spanish.cpnn-world.org\/?p=11437\" class=\"_self cvplbd\" target=\"_self\" >Brasil: Presidente Lula encerra a C\u00fapula de L\u00edderes do G20<\/a><\/h4>\n<div class=\"pt-cv-meta-fields\"><span class=\"entry-date\"> <time datetime=\"2024-11-28T23:03:19+01:00\">November 28, 2024<\/time><\/span><\/div><\/div><\/div>\n<div class=\"col-md-3 col-sm-3 col-xs-3 pt-cv-content-item pt-cv-1-col\"  data-pid=\"11428\"><div class='pt-cv-ifield'><a href=\"https:\/\/spanish.cpnn-world.org\/?p=11428\" class=\"_self pt-cv-href-thumbnail pt-cv-thumb-default cvplbd\" target=\"_self\" ><img decoding=\"async\" width=\"300\" src=\"https:\/\/spanish.cpnn-world.org\/wp-content\/uploads\/2024\/11\/balance-300x224.png\" class=\"pt-cv-thumbnail img-none cvp-substitute\" alt=\"Cuba: Convocatoria. VI Conferencia Internacional por el Equilibrio del Mundo\" title=\"\" \/><\/a>\n<h4 class=\"pt-cv-title\"><a href=\"https:\/\/spanish.cpnn-world.org\/?p=11428\" class=\"_self cvplbd\" target=\"_self\" >Cuba: Convocatoria. VI Conferencia Internacional por el Equilibrio del Mundo<\/a><\/h4>\n<div class=\"pt-cv-meta-fields\"><span class=\"entry-date\"> <time datetime=\"2024-11-23T21:50:14+01:00\">November 23, 2024<\/time><\/span><\/div><\/div><\/div><\/div><\/div>\n<div class=\"text-left pt-cv-pagination-wrapper\"><ul class=\"pt-cv-pagination pt-cv-ajax pagination\" data-totalpages=\"20\" data-currentpage=\"1\" data-sid=\"58392e973v\" data-unid=\"\" data-isblock=\"\" data-postid=\"\"><li class=\"active\"><a href=\"#\">1<\/a><\/li>\n\t<li ><a class=\"\" href=\"https:\/\/spanish.cpnn-world.org\/index.php\/?_page=2&#038;rest_route=%2Fwp%2Fv2%2Fpages%2F1910\">2<\/a><\/li>\n\t<li ><a class=\"\" href=\"https:\/\/spanish.cpnn-world.org\/index.php\/?_page=3&#038;rest_route=%2Fwp%2Fv2%2Fpages%2F1910\">3<\/a><\/li>\n\t<li ><a href=\"#\">&hellip;<\/a><\/li>\n\t<li ><a class=\"\" href=\"https:\/\/spanish.cpnn-world.org\/index.php\/?_page=20&#038;rest_route=%2Fwp%2Fv2%2Fpages%2F1910\">20<\/a><\/li>\n\t<li ><a class=\" \" href=\"https:\/\/spanish.cpnn-world.org\/index.php\/?_page=2&#038;rest_route=%2Fwp%2Fv2%2Fpages%2F1910\">&rsaquo;<\/a><\/li>\n\t<\/ul><img loading=\"lazy\" decoding=\"async\" width=\"15\" height=\"15\" class=\"pt-cv-spinner\" alt=\"Loading...\" src=\"data:image\/gif;base64,R0lGODlhDwAPALMPAMrKygwMDJOTkz09PZWVla+vr3p6euTk5M7OzuXl5TMzMwAAAJmZmWZmZszMzP\/\/\/yH\/C05FVFNDQVBFMi4wAwEAAAAh+QQFCgAPACwAAAAADwAPAAAEQvDJaZaZOIcV8iQK8VRX4iTYoAwZ4iCYoAjZ4RxejhVNoT+mRGP4cyF4Pp0N98sBGIBMEMOotl6YZ3S61Bmbkm4mAgAh+QQFCgAPACwAAAAADQANAAAENPDJSRSZeA418itN8QiK8BiLITVsFiyBBIoYqnoewAD4xPw9iY4XLGYSjkQR4UAUD45DLwIAIfkEBQoADwAsAAAAAA8ACQAABC\/wyVlamTi3nSdgwFNdhEJgTJoNyoB9ISYoQmdjiZPcj7EYCAeCF1gEDo4Dz2eIAAAh+QQFCgAPACwCAAAADQANAAAEM\/DJBxiYeLKdX3IJZT1FU0iIg2RNKx3OkZVnZ98ToRD4MyiDnkAh6BkNC0MvsAj0kMpHBAAh+QQFCgAPACwGAAAACQAPAAAEMDC59KpFDll73HkAA2wVY5KgiK5b0RRoI6MuzG6EQqCDMlSGheEhUAgqgUUAFRySIgAh+QQFCgAPACwCAAIADQANAAAEM\/DJKZNLND\/kkKaHc3xk+QAMYDKsiaqmZCxGVjSFFCxB1vwy2oOgIDxuucxAMTAJFAJNBAAh+QQFCgAPACwAAAYADwAJAAAEMNAs86q1yaWwwv2Ig0jUZx3OYa4XoRAfwADXoAwfo1+CIjyFRuEho60aSNYlOPxEAAAh+QQFCgAPACwAAAIADQANAAAENPA9s4y8+IUVcqaWJ4qEQozSoAzoIyhCK2NFU2SJk0hNnyEOhKR2AzAAj4Pj4GE4W0bkJQIAOw==\" \/><div class=\"clear pt-cv-clear-pagination\"><\/div><\/div><\/div>\t\t\t<style type=\"text\/css\" id=\"pt-cv-inline-style-d03871aed1\">#pt-cv-view-58392e973v .pt-cv-title a, #pt-cv-view-58392e973v  .panel-title { font-weight: 600 !important; }\n#pt-cv-view-58392e973v .pt-cv-readmore  { color: #ffffff !important; background-color: #00aeef !important; }\n#pt-cv-view-58392e973v .pt-cv-readmore:hover  { color: #ffffff !important; background-color: #00aeef !important; }\n#pt-cv-view-58392e973v  + .pt-cv-pagination-wrapper .pt-cv-more , #pt-cv-view-58392e973v  + .pt-cv-pagination-wrapper .pagination .active a, .pt-cv-pagination[data-sid='58392e973v'] .active a { color: #ffffff !important; background-color: #00aeef !important; }<\/style>\r\n\t\t\t<\/p>\n","protected":false},"excerpt":{"rendered":"<p>Aqu\u00ed est\u00e1n los art\u00edculos en espa\u00f1ol o portugu\u00e9s de Libre Circulaci\u00f3n de Informaci\u00f3n desde 01 de febrero 2015. Por consultar las siguientes p\u00e1ginas, haga clic en los n\u00fameros de p\u00e1gina en la parte inferior. Los elementos est\u00e1n ordenados cronol\u00f3gicamente.<\/p>\n","protected":false},"author":1,"featured_media":0,"parent":0,"menu_order":0,"comment_status":"closed","ping_status":"closed","template":"","meta":{"footnotes":""},"class_list":["post-1910","page","type-page","status-publish","hentry"],"_links":{"self":[{"href":"https:\/\/spanish.cpnn-world.org\/index.php?rest_route=\/wp\/v2\/pages\/1910","targetHints":{"allow":["GET"]}}],"collection":[{"href":"https:\/\/spanish.cpnn-world.org\/index.php?rest_route=\/wp\/v2\/pages"}],"about":[{"href":"https:\/\/spanish.cpnn-world.org\/index.php?rest_route=\/wp\/v2\/types\/page"}],"author":[{"embeddable":true,"href":"https:\/\/spanish.cpnn-world.org\/index.php?rest_route=\/wp\/v2\/users\/1"}],"replies":[{"embeddable":true,"href":"https:\/\/spanish.cpnn-world.org\/index.php?rest_route=%2Fwp%2Fv2%2Fcomments&post=1910"}],"version-history":[{"count":3,"href":"https:\/\/spanish.cpnn-world.org\/index.php?rest_route=\/wp\/v2\/pages\/1910\/revisions"}],"predecessor-version":[{"id":8421,"href":"https:\/\/spanish.cpnn-world.org\/index.php?rest_route=\/wp\/v2\/pages\/1910\/revisions\/8421"}],"wp:attachment":[{"href":"https:\/\/spanish.cpnn-world.org\/index.php?rest_route=%2Fwp%2Fv2%2Fmedia&parent=1910"}],"curies":[{"name":"wp","href":"https:\/\/api.w.org\/{rel}","templated":true}]}}