{"id":1898,"date":"2015-04-14T19:05:58","date_gmt":"2015-04-14T23:05:58","guid":{"rendered":"http:\/\/english.cpnn-world.org\/?page_id=1898"},"modified":"2019-10-11T09:44:21","modified_gmt":"2019-10-11T09:44:21","slug":"articulos-de-participacion-democratica","status":"publish","type":"page","link":"https:\/\/spanish.cpnn-world.org\/?page_id=1898","title":{"rendered":"Art\u00edculos de Participaci\u00f3n Democratica"},"content":{"rendered":"<p><em><big>Aqu\u00ed est\u00e1n los art\u00edculos en espa\u00f1ol o portugu\u00e9s de Participaci\u00f3n Democratica desde 1 de febrero 2015.<br \/>\nPor consultar las siguientes p\u00e1ginas, haga clic en los n\u00fameros de p\u00e1gina en la parte inferior.<br \/>\nPara los archivos de CPNN de Participaci\u00f3n Democratica antes del 1 de febrero 2015, haga clic <a href=\"http:\/\/cpnn-world.org\/cgi-bin\/read\/programareapage-spanish.cgi?programarea=democracy\">aqu\u00ed<\/a>.<\/big><\/em><div class=\"pt-cv-wrapper\"><div class=\"pt-cv-view pt-cv-grid pt-cv-colsys pt-cv-pgregular\" id=\"pt-cv-view-b596526msg\"><div data-id=\"pt-cv-page-1\" class=\"pt-cv-page\" data-cvc=\"4\"><div class=\"col-md-3 col-sm-3 col-xs-3 pt-cv-content-item pt-cv-1-col\"  data-pid=\"11972\"><div class='pt-cv-ifield'><a href=\"https:\/\/spanish.cpnn-world.org\/?p=11972\" class=\"_self pt-cv-href-thumbnail pt-cv-thumb-default cvplbd\" target=\"_self\" ><img decoding=\"async\" width=\"300\" src=\"https:\/\/spanish.cpnn-world.org\/wp-content\/uploads\/2026\/02\/Bahia.jpg\" class=\"pt-cv-thumbnail img-none cvp-substitute\" alt=\"Brasil: Pelourinho celebra paz, cultura e diversidade, em domingo de programa\u00e7\u00e3o gratuita no Ver\u00e3o da Bahia\" title=\"\" \/><\/a>\n<h4 class=\"pt-cv-title\"><a href=\"https:\/\/spanish.cpnn-world.org\/?p=11972\" class=\"_self cvplbd\" target=\"_self\" >Brasil: Pelourinho celebra paz, cultura e diversidade, em domingo de programa\u00e7\u00e3o gratuita no Ver\u00e3o da Bahia<\/a><\/h4>\n<div class=\"pt-cv-meta-fields\"><span class=\"entry-date\"> <time datetime=\"2026-02-21T19:06:46+01:00\">February 21, 2026<\/time><\/span><\/div><\/div><\/div>\n<div class=\"col-md-3 col-sm-3 col-xs-3 pt-cv-content-item pt-cv-1-col\"  data-pid=\"11967\"><div class='pt-cv-ifield'><a href=\"https:\/\/spanish.cpnn-world.org\/?p=11967\" class=\"_self pt-cv-href-thumbnail pt-cv-thumb-default cvplbd\" target=\"_self\" ><img decoding=\"async\" width=\"300\" src=\"https:\/\/spanish.cpnn-world.org\/wp-content\/uploads\/2026\/02\/Alece-300x180.jpg\" class=\"pt-cv-thumbnail img-none cvp-substitute\" alt=\"Brasil: Cultura de paz \u00e9 fortalecida com trabalho do Centro de Preven\u00e7\u00e3o e Resolu\u00e7\u00e3o de Conflitos da Alece\" title=\"\" \/><\/a>\n<h4 class=\"pt-cv-title\"><a href=\"https:\/\/spanish.cpnn-world.org\/?p=11967\" class=\"_self cvplbd\" target=\"_self\" >Brasil: Cultura de paz \u00e9 fortalecida com trabalho do Centro de Preven\u00e7\u00e3o e Resolu\u00e7\u00e3o de Conflitos da Alece<\/a><\/h4>\n<div class=\"pt-cv-meta-fields\"><span class=\"entry-date\"> <time datetime=\"2026-02-21T18:23:34+01:00\">February 21, 2026<\/time><\/span><\/div><\/div><\/div>\n<div class=\"col-md-3 col-sm-3 col-xs-3 pt-cv-content-item pt-cv-1-col\"  data-pid=\"11796\"><div class='pt-cv-ifield'><a href=\"https:\/\/spanish.cpnn-world.org\/?p=11796\" class=\"_self pt-cv-href-thumbnail pt-cv-thumb-default cvplbd\" target=\"_self\" ><img decoding=\"async\" width=\"300\" src=\"https:\/\/spanish.cpnn-world.org\/wp-content\/uploads\/2025\/12\/Manzanares.jpg\" class=\"pt-cv-thumbnail img-none cvp-substitute\" alt=\"Espa\u00f1a: Documental \u00abZona Internacional Cultura de Paz\u00bb de Manzanares El Real\" title=\"\" \/><\/a>\n<h4 class=\"pt-cv-title\"><a href=\"https:\/\/spanish.cpnn-world.org\/?p=11796\" class=\"_self cvplbd\" target=\"_self\" >Espa\u00f1a: Documental \u00abZona Internacional Cultura de Paz\u00bb de Manzanares El Real<\/a><\/h4>\n<div class=\"pt-cv-meta-fields\"><span class=\"entry-date\"> <time datetime=\"2025-12-14T06:27:23+01:00\">December 14, 2025<\/time><\/span><\/div><\/div><\/div>\n<div class=\"col-md-3 col-sm-3 col-xs-3 pt-cv-content-item pt-cv-1-col\"  data-pid=\"11715\"><div class='pt-cv-ifield'><a href=\"https:\/\/spanish.cpnn-world.org\/?p=11715\" class=\"_self pt-cv-href-thumbnail pt-cv-thumb-default cvplbd\" target=\"_self\" ><img decoding=\"async\" width=\"300\" src=\"https:\/\/spanish.cpnn-world.org\/wp-content\/uploads\/2025\/09\/Sacaba.jpg\" class=\"pt-cv-thumbnail img-none cvp-substitute\" alt=\"Bolivia: Red Nacional por la Cultura de Paz se re\u00fane en Sacaba\" title=\"\" \/><\/a>\n<h4 class=\"pt-cv-title\"><a href=\"https:\/\/spanish.cpnn-world.org\/?p=11715\" class=\"_self cvplbd\" target=\"_self\" >Bolivia: Red Nacional por la Cultura de Paz se re\u00fane en Sacaba<\/a><\/h4>\n<div class=\"pt-cv-meta-fields\"><span class=\"entry-date\"> <time datetime=\"2025-09-02T21:11:21+02:00\">September 2, 2025<\/time><\/span><\/div><\/div><\/div>\n<div class=\"col-md-3 col-sm-3 col-xs-3 pt-cv-content-item pt-cv-1-col\"  data-pid=\"11694\"><div class='pt-cv-ifield'><a href=\"https:\/\/spanish.cpnn-world.org\/?p=11694\" class=\"_self pt-cv-href-thumbnail pt-cv-thumb-default cvplbd\" target=\"_self\" ><img decoding=\"async\" width=\"300\" src=\"https:\/\/spanish.cpnn-world.org\/wp-content\/uploads\/2025\/08\/Cuernavaca.jpg\" class=\"pt-cv-thumbnail img-none cvp-substitute\" alt=\"M\u00e9xico: Ayuntamiento de Cuernavaca Presente en la Primera Jornada Hacia Una Cultura de Paz en Morelos desde la Universidad\" title=\"\" \/><\/a>\n<h4 class=\"pt-cv-title\"><a href=\"https:\/\/spanish.cpnn-world.org\/?p=11694\" class=\"_self cvplbd\" target=\"_self\" >M\u00e9xico: Ayuntamiento de Cuernavaca Presente en la Primera Jornada Hacia Una Cultura de Paz en Morelos desde la Universidad<\/a><\/h4>\n<div class=\"pt-cv-meta-fields\"><span class=\"entry-date\"> <time datetime=\"2025-08-31T07:58:18+02:00\">August 31, 2025<\/time><\/span><\/div><\/div><\/div>\n<div class=\"col-md-3 col-sm-3 col-xs-3 pt-cv-content-item pt-cv-1-col\"  data-pid=\"11604\"><div class='pt-cv-ifield'><a href=\"https:\/\/spanish.cpnn-world.org\/?p=11604\" class=\"_self pt-cv-href-thumbnail pt-cv-thumb-default cvplbd\" target=\"_self\" ><img decoding=\"async\" width=\"300\" src=\"https:\/\/spanish.cpnn-world.org\/wp-content\/uploads\/2025\/05\/foro.jpg\" class=\"pt-cv-thumbnail img-none cvp-substitute\" alt=\"Uruguay.  El 5\u00b0 Foro Mundial de Ciudades y Territorios de Paz\" title=\"\" \/><\/a>\n<h4 class=\"pt-cv-title\"><a href=\"https:\/\/spanish.cpnn-world.org\/?p=11604\" class=\"_self cvplbd\" target=\"_self\" >Uruguay.  El 5\u00b0 Foro Mundial de Ciudades y Territorios de Paz<\/a><\/h4>\n<div class=\"pt-cv-meta-fields\"><span class=\"entry-date\"> <time datetime=\"2025-05-19T18:55:50+02:00\">May 19, 2025<\/time><\/span><\/div><\/div><\/div>\n<div class=\"col-md-3 col-sm-3 col-xs-3 pt-cv-content-item pt-cv-1-col\"  data-pid=\"11483\"><div class='pt-cv-ifield'><a href=\"https:\/\/spanish.cpnn-world.org\/?p=11483\" class=\"_self pt-cv-href-thumbnail pt-cv-thumb-default cvplbd\" target=\"_self\" ><img decoding=\"async\" width=\"300\" src=\"https:\/\/spanish.cpnn-world.org\/wp-content\/uploads\/2024\/12\/Cucuta.jpg\" class=\"pt-cv-thumbnail img-none cvp-substitute\" alt=\"Colombia: Alcald\u00eda de C\u00facuta Finaliza con \u00c9xito los Talleres de Memoria Hist\u00f3rica y Cultura de Paz\" title=\"\" \/><\/a>\n<h4 class=\"pt-cv-title\"><a href=\"https:\/\/spanish.cpnn-world.org\/?p=11483\" class=\"_self cvplbd\" target=\"_self\" >Colombia: Alcald\u00eda de C\u00facuta Finaliza con \u00c9xito los Talleres de Memoria Hist\u00f3rica y Cultura de Paz<\/a><\/h4>\n<div class=\"pt-cv-meta-fields\"><span class=\"entry-date\"> <time datetime=\"2024-12-16T16:48:19+01:00\">December 16, 2024<\/time><\/span><\/div><\/div><\/div>\n<div class=\"col-md-3 col-sm-3 col-xs-3 pt-cv-content-item pt-cv-1-col\"  data-pid=\"11377\"><div class='pt-cv-ifield'><a href=\"https:\/\/spanish.cpnn-world.org\/?p=11377\" class=\"_self pt-cv-href-thumbnail pt-cv-thumb-default cvplbd\" target=\"_self\" ><img decoding=\"async\" width=\"300\" src=\"https:\/\/spanish.cpnn-world.org\/wp-content\/uploads\/2024\/10\/Colombia.jpg\" class=\"pt-cv-thumbnail img-none cvp-substitute\" alt=\"Colombia: Se fortalecen las funciones de la Comisi\u00f3n de Paz en el Congreso\" title=\"\" \/><\/a>\n<h4 class=\"pt-cv-title\"><a href=\"https:\/\/spanish.cpnn-world.org\/?p=11377\" class=\"_self cvplbd\" target=\"_self\" >Colombia: Se fortalecen las funciones de la Comisi\u00f3n de Paz en el Congreso<\/a><\/h4>\n<div class=\"pt-cv-meta-fields\"><span class=\"entry-date\"> <time datetime=\"2024-10-14T20:09:31+02:00\">October 14, 2024<\/time><\/span><\/div><\/div><\/div><\/div><\/div>\n<div class=\"text-left pt-cv-pagination-wrapper\"><ul class=\"pt-cv-pagination pt-cv-ajax pagination\" data-totalpages=\"18\" data-currentpage=\"1\" data-sid=\"b596526msg\" data-unid=\"\" data-isblock=\"\" data-postid=\"\"><li class=\"active\"><a href=\"#\">1<\/a><\/li>\n\t<li ><a class=\"\" href=\"https:\/\/spanish.cpnn-world.org\/index.php\/?_page=2&#038;rest_route=%2Fwp%2Fv2%2Fpages%2F1898\">2<\/a><\/li>\n\t<li ><a class=\"\" href=\"https:\/\/spanish.cpnn-world.org\/index.php\/?_page=3&#038;rest_route=%2Fwp%2Fv2%2Fpages%2F1898\">3<\/a><\/li>\n\t<li ><a href=\"#\">&hellip;<\/a><\/li>\n\t<li ><a class=\"\" href=\"https:\/\/spanish.cpnn-world.org\/index.php\/?_page=18&#038;rest_route=%2Fwp%2Fv2%2Fpages%2F1898\">18<\/a><\/li>\n\t<li ><a class=\" \" href=\"https:\/\/spanish.cpnn-world.org\/index.php\/?_page=2&#038;rest_route=%2Fwp%2Fv2%2Fpages%2F1898\">&rsaquo;<\/a><\/li>\n\t<\/ul><img loading=\"lazy\" decoding=\"async\" width=\"15\" height=\"15\" class=\"pt-cv-spinner\" alt=\"Loading...\" src=\"data:image\/gif;base64,R0lGODlhDwAPALMPAMrKygwMDJOTkz09PZWVla+vr3p6euTk5M7OzuXl5TMzMwAAAJmZmWZmZszMzP\/\/\/yH\/C05FVFNDQVBFMi4wAwEAAAAh+QQFCgAPACwAAAAADwAPAAAEQvDJaZaZOIcV8iQK8VRX4iTYoAwZ4iCYoAjZ4RxejhVNoT+mRGP4cyF4Pp0N98sBGIBMEMOotl6YZ3S61Bmbkm4mAgAh+QQFCgAPACwAAAAADQANAAAENPDJSRSZeA418itN8QiK8BiLITVsFiyBBIoYqnoewAD4xPw9iY4XLGYSjkQR4UAUD45DLwIAIfkEBQoADwAsAAAAAA8ACQAABC\/wyVlamTi3nSdgwFNdhEJgTJoNyoB9ISYoQmdjiZPcj7EYCAeCF1gEDo4Dz2eIAAAh+QQFCgAPACwCAAAADQANAAAEM\/DJBxiYeLKdX3IJZT1FU0iIg2RNKx3OkZVnZ98ToRD4MyiDnkAh6BkNC0MvsAj0kMpHBAAh+QQFCgAPACwGAAAACQAPAAAEMDC59KpFDll73HkAA2wVY5KgiK5b0RRoI6MuzG6EQqCDMlSGheEhUAgqgUUAFRySIgAh+QQFCgAPACwCAAIADQANAAAEM\/DJKZNLND\/kkKaHc3xk+QAMYDKsiaqmZCxGVjSFFCxB1vwy2oOgIDxuucxAMTAJFAJNBAAh+QQFCgAPACwAAAYADwAJAAAEMNAs86q1yaWwwv2Ig0jUZx3OYa4XoRAfwADXoAwfo1+CIjyFRuEho60aSNYlOPxEAAAh+QQFCgAPACwAAAIADQANAAAENPA9s4y8+IUVcqaWJ4qEQozSoAzoIyhCK2NFU2SJk0hNnyEOhKR2AzAAj4Pj4GE4W0bkJQIAOw==\" \/><div class=\"clear pt-cv-clear-pagination\"><\/div><\/div><\/div>\t\t\t<style type=\"text\/css\" id=\"pt-cv-inline-style-5152e60yu5\">#pt-cv-view-b596526msg .pt-cv-title a, #pt-cv-view-b596526msg  .panel-title { font-weight: 600 !important; }\n#pt-cv-view-b596526msg .pt-cv-readmore  { color: #ffffff !important; background-color: #00aeef !important; }\n#pt-cv-view-b596526msg .pt-cv-readmore:hover  { color: #ffffff !important; background-color: #00aeef !important; }\n#pt-cv-view-b596526msg  + .pt-cv-pagination-wrapper .pt-cv-more , #pt-cv-view-b596526msg  + .pt-cv-pagination-wrapper .pagination .active a, .pt-cv-pagination[data-sid='b596526msg'] .active a { color: #ffffff !important; background-color: #00aeef !important; }<\/style>\r\n\t\t\t<\/p>\n","protected":false},"excerpt":{"rendered":"<p>Aqu\u00ed est\u00e1n los art\u00edculos en espa\u00f1ol o portugu\u00e9s de Participaci\u00f3n Democratica desde 1 de febrero 2015. Por consultar las siguientes p\u00e1ginas, haga clic en los n\u00fameros de p\u00e1gina en la parte inferior. Para los archivos de CPNN de Participaci\u00f3n Democratica antes del 1 de febrero 2015, haga clic aqu\u00ed.<\/p>\n","protected":false},"author":1,"featured_media":0,"parent":0,"menu_order":0,"comment_status":"closed","ping_status":"closed","template":"","meta":{"footnotes":""},"class_list":["post-1898","page","type-page","status-publish","hentry"],"_links":{"self":[{"href":"https:\/\/spanish.cpnn-world.org\/index.php?rest_route=\/wp\/v2\/pages\/1898","targetHints":{"allow":["GET"]}}],"collection":[{"href":"https:\/\/spanish.cpnn-world.org\/index.php?rest_route=\/wp\/v2\/pages"}],"about":[{"href":"https:\/\/spanish.cpnn-world.org\/index.php?rest_route=\/wp\/v2\/types\/page"}],"author":[{"embeddable":true,"href":"https:\/\/spanish.cpnn-world.org\/index.php?rest_route=\/wp\/v2\/users\/1"}],"replies":[{"embeddable":true,"href":"https:\/\/spanish.cpnn-world.org\/index.php?rest_route=%2Fwp%2Fv2%2Fcomments&post=1898"}],"version-history":[{"count":3,"href":"https:\/\/spanish.cpnn-world.org\/index.php?rest_route=\/wp\/v2\/pages\/1898\/revisions"}],"predecessor-version":[{"id":8419,"href":"https:\/\/spanish.cpnn-world.org\/index.php?rest_route=\/wp\/v2\/pages\/1898\/revisions\/8419"}],"wp:attachment":[{"href":"https:\/\/spanish.cpnn-world.org\/index.php?rest_route=%2Fwp%2Fv2%2Fmedia&parent=1898"}],"curies":[{"name":"wp","href":"https:\/\/api.w.org\/{rel}","templated":true}]}}