{"id":1893,"date":"2015-04-14T18:59:21","date_gmt":"2015-04-14T22:59:21","guid":{"rendered":"http:\/\/english.cpnn-world.org\/?page_id=1893"},"modified":"2019-10-11T09:43:22","modified_gmt":"2019-10-11T09:43:22","slug":"articulos-de-derechos-humanos","status":"publish","type":"page","link":"https:\/\/spanish.cpnn-world.org\/?page_id=1893","title":{"rendered":"Art\u00edculos de Derechos Humanos"},"content":{"rendered":"<p><em><big>Aqu\u00ed est\u00e1n los art\u00edculos en espa\u00f1ol o portugu\u00e9s de Derechos Humanos desde 1 de febrero 2015.<br \/>\nPor consultar las siguientes p\u00e1ginas, haga clic en los n\u00fameros de p\u00e1gina en la parte inferior.<br \/>\nPara los archivos de CPNN de Derechos Humanos antes del 1 de febrero 2015, haga clic <a href=\"http:\/\/cpnn-world.org\/cgi-bin\/read\/programareapage-spanish.cgi?programarea=humanrights\">aqu\u00ed<\/a>.<\/big><\/em><div class=\"pt-cv-wrapper\"><div class=\"pt-cv-view pt-cv-grid pt-cv-colsys pt-cv-pgregular\" id=\"pt-cv-view-9ac7a5czl1\"><div data-id=\"pt-cv-page-1\" class=\"pt-cv-page\" data-cvc=\"4\"><div class=\"col-md-3 col-sm-3 col-xs-3 pt-cv-content-item pt-cv-1-col\"  data-pid=\"11726\"><div class='pt-cv-ifield'><a href=\"https:\/\/spanish.cpnn-world.org\/?p=11726\" class=\"_self pt-cv-href-thumbnail pt-cv-thumb-default cvplbd\" target=\"_self\" ><img decoding=\"async\" width=\"300\" src=\"https:\/\/spanish.cpnn-world.org\/wp-content\/uploads\/2025\/09\/Sonhos.jpg\" class=\"pt-cv-thumbnail img-none cvp-substitute\" alt=\"Projeto &quot;Direito de Sonhar\u201d&quot; de Myrian Castello, do Brasil\" title=\"\" \/><\/a>\n<h4 class=\"pt-cv-title\"><a href=\"https:\/\/spanish.cpnn-world.org\/?p=11726\" class=\"_self cvplbd\" target=\"_self\" >Projeto &#8220;Direito de Sonhar\u201d&#8221; de Myrian Castello, do Brasil<\/a><\/h4>\n<div class=\"pt-cv-meta-fields\"><span class=\"entry-date\"> <time datetime=\"2025-09-29T16:51:13+02:00\">September 29, 2025<\/time><\/span><\/div><\/div><\/div>\n<div class=\"col-md-3 col-sm-3 col-xs-3 pt-cv-content-item pt-cv-1-col\"  data-pid=\"11540\"><div class='pt-cv-ifield'><a href=\"https:\/\/spanish.cpnn-world.org\/?p=11540\" class=\"_self pt-cv-href-thumbnail pt-cv-thumb-default cvplbd\" target=\"_self\" ><img decoding=\"async\" width=\"300\" src=\"https:\/\/spanish.cpnn-world.org\/wp-content\/uploads\/2025\/01\/elders.jpg\" class=\"pt-cv-thumbnail img-none cvp-substitute\" alt=\"The Elders advierte de que el alto al fuego y la recuperaci\u00f3n de Gaza corren peligro si no se protege a la UNRWA\" title=\"\" \/><\/a>\n<h4 class=\"pt-cv-title\"><a href=\"https:\/\/spanish.cpnn-world.org\/?p=11540\" class=\"_self cvplbd\" target=\"_self\" >The Elders advierte de que el alto al fuego y la recuperaci\u00f3n de Gaza corren peligro si no se protege a la UNRWA<\/a><\/h4>\n<div class=\"pt-cv-meta-fields\"><span class=\"entry-date\"> <time datetime=\"2025-01-24T23:05:05+01:00\">January 24, 2025<\/time><\/span><\/div><\/div><\/div>\n<div class=\"col-md-3 col-sm-3 col-xs-3 pt-cv-content-item pt-cv-1-col\"  data-pid=\"11185\"><div class='pt-cv-ifield'><a href=\"https:\/\/spanish.cpnn-world.org\/?p=11185\" class=\"_self pt-cv-href-thumbnail pt-cv-thumb-default cvplbd\" target=\"_self\" ><img decoding=\"async\" width=\"300\" src=\"https:\/\/spanish.cpnn-world.org\/wp-content\/uploads\/2024\/04\/Assange.jpeg\" class=\"pt-cv-thumbnail img-none cvp-substitute\" alt=\"Amnist\u00cda Internacional: Los cinco a\u00f1os de prisi\u00f3n de Julian Assange en Reino Unido son inaceptables\" title=\"\" \/><\/a>\n<h4 class=\"pt-cv-title\"><a href=\"https:\/\/spanish.cpnn-world.org\/?p=11185\" class=\"_self cvplbd\" target=\"_self\" >Amnist\u00cda Internacional: Los cinco a\u00f1os de prisi\u00f3n de Julian Assange en Reino Unido son inaceptables<\/a><\/h4>\n<div class=\"pt-cv-meta-fields\"><span class=\"entry-date\"> <time datetime=\"2024-04-17T14:54:17+02:00\">April 17, 2024<\/time><\/span><\/div><\/div><\/div>\n<div class=\"col-md-3 col-sm-3 col-xs-3 pt-cv-content-item pt-cv-1-col\"  data-pid=\"11005\"><div class='pt-cv-ifield'><a href=\"https:\/\/spanish.cpnn-world.org\/?p=11005\" class=\"_self pt-cv-href-thumbnail pt-cv-thumb-default cvplbd\" target=\"_self\" ><img decoding=\"async\" width=\"300\" src=\"https:\/\/spanish.cpnn-world.org\/wp-content\/uploads\/2023\/12\/MVTPAIX.jpg\" class=\"pt-cv-thumbnail img-none cvp-substitute\" alt=\"Se Invita a la ONU a Presentar su Petici\u00f3n de &quot;Alto el Fuego Inmediato en Gaza&quot; para que sea Firmada por los Pueblos del Mundo\" title=\"\" \/><\/a>\n<h4 class=\"pt-cv-title\"><a href=\"https:\/\/spanish.cpnn-world.org\/?p=11005\" class=\"_self cvplbd\" target=\"_self\" >Se Invita a la ONU a Presentar su Petici\u00f3n de &#8220;Alto el Fuego Inmediato en Gaza&#8221; para que sea Firmada por los Pueblos del Mundo<\/a><\/h4>\n<div class=\"pt-cv-meta-fields\"><span class=\"entry-date\"> <time datetime=\"2023-12-10T08:01:54+01:00\">December 10, 2023<\/time><\/span><\/div><\/div><\/div>\n<div class=\"col-md-3 col-sm-3 col-xs-3 pt-cv-content-item pt-cv-1-col\"  data-pid=\"10872\"><div class='pt-cv-ifield'><a href=\"https:\/\/spanish.cpnn-world.org\/?p=10872\" class=\"_self pt-cv-href-thumbnail pt-cv-thumb-default cvplbd\" target=\"_self\" ><img decoding=\"async\" width=\"300\" src=\"https:\/\/spanish.cpnn-world.org\/wp-content\/uploads\/2023\/08\/indigenous.jpg\" class=\"pt-cv-thumbnail img-none cvp-substitute\" alt=\"Sindicalistas de pueblos ind\u00edgenas de todo el mundo piden m\u00e1s inclusi\u00f3n y solidaridad: \u201cNo estamos solo para cantar canciones y hacer la oraci\u00f3n de apertura\u201d\" title=\"\" \/><\/a>\n<h4 class=\"pt-cv-title\"><a href=\"https:\/\/spanish.cpnn-world.org\/?p=10872\" class=\"_self cvplbd\" target=\"_self\" >Sindicalistas de pueblos ind\u00edgenas de todo el mundo piden m\u00e1s inclusi\u00f3n y solidaridad: \u201cNo estamos solo para cantar canciones y hacer la oraci\u00f3n de apertura\u201d<\/a><\/h4>\n<div class=\"pt-cv-meta-fields\"><span class=\"entry-date\"> <time datetime=\"2023-08-26T15:53:31+02:00\">August 26, 2023<\/time><\/span><\/div><\/div><\/div>\n<div class=\"col-md-3 col-sm-3 col-xs-3 pt-cv-content-item pt-cv-1-col\"  data-pid=\"10837\"><div class='pt-cv-ifield'><a href=\"https:\/\/spanish.cpnn-world.org\/?p=10837\" class=\"_self pt-cv-href-thumbnail pt-cv-thumb-default cvplbd\" target=\"_self\" ><img decoding=\"async\" width=\"300\" src=\"https:\/\/spanish.cpnn-world.org\/wp-content\/uploads\/2023\/07\/Israel.jpg\" class=\"pt-cv-thumbnail img-none cvp-substitute\" alt=\"Israel: Democracia en Peligro\" title=\"\" \/><\/a>\n<h4 class=\"pt-cv-title\"><a href=\"https:\/\/spanish.cpnn-world.org\/?p=10837\" class=\"_self cvplbd\" target=\"_self\" >Israel: Democracia en Peligro<\/a><\/h4>\n<div class=\"pt-cv-meta-fields\"><span class=\"entry-date\"> <time datetime=\"2023-07-28T10:00:39+02:00\">July 28, 2023<\/time><\/span><\/div><\/div><\/div>\n<div class=\"col-md-3 col-sm-3 col-xs-3 pt-cv-content-item pt-cv-1-col\"  data-pid=\"10833\"><div class='pt-cv-ifield'><a href=\"https:\/\/spanish.cpnn-world.org\/?p=10833\" class=\"_self pt-cv-href-thumbnail pt-cv-thumb-default cvplbd\" target=\"_self\" ><img decoding=\"async\" width=\"300\" src=\"https:\/\/spanish.cpnn-world.org\/wp-content\/uploads\/2023\/07\/escuelas.png\" class=\"pt-cv-thumbnail img-none cvp-substitute\" alt=\"Colombia: La Escuela Abraza la Verdad\" title=\"\" \/><\/a>\n<h4 class=\"pt-cv-title\"><a href=\"https:\/\/spanish.cpnn-world.org\/?p=10833\" class=\"_self cvplbd\" target=\"_self\" >Colombia: La Escuela Abraza la Verdad<\/a><\/h4>\n<div class=\"pt-cv-meta-fields\"><span class=\"entry-date\"> <time datetime=\"2023-07-15T13:00:37+02:00\">July 15, 2023<\/time><\/span><\/div><\/div><\/div>\n<div class=\"col-md-3 col-sm-3 col-xs-3 pt-cv-content-item pt-cv-1-col\"  data-pid=\"10716\"><div class='pt-cv-ifield'><a href=\"https:\/\/spanish.cpnn-world.org\/?p=10716\" class=\"_self pt-cv-href-thumbnail pt-cv-thumb-default cvplbd\" target=\"_self\" ><img decoding=\"async\" width=\"300\" src=\"https:\/\/spanish.cpnn-world.org\/wp-content\/uploads\/2023\/05\/Mercosur.png\" class=\"pt-cv-thumbnail img-none cvp-substitute\" alt=\"Brasil assina em Buenos Aires declara\u00e7\u00e3o de combate ao discurso de \u00f3dio na internet\" title=\"\" \/><\/a>\n<h4 class=\"pt-cv-title\"><a href=\"https:\/\/spanish.cpnn-world.org\/?p=10716\" class=\"_self cvplbd\" target=\"_self\" >Brasil assina em Buenos Aires declara\u00e7\u00e3o de combate ao discurso de \u00f3dio na internet<\/a><\/h4>\n<div class=\"pt-cv-meta-fields\"><span class=\"entry-date\"> <time datetime=\"2023-05-17T08:04:12+02:00\">May 17, 2023<\/time><\/span><\/div><\/div><\/div><\/div><\/div>\n<div class=\"text-left pt-cv-pagination-wrapper\"><ul class=\"pt-cv-pagination pt-cv-ajax pagination\" data-totalpages=\"6\" data-currentpage=\"1\" data-sid=\"9ac7a5czl1\" data-unid=\"\" data-isblock=\"\" data-postid=\"\"><li class=\"active\"><a href=\"#\">1<\/a><\/li>\n\t<li ><a class=\"\" href=\"https:\/\/spanish.cpnn-world.org\/index.php\/?_page=2&#038;rest_route=%2Fwp%2Fv2%2Fpages%2F1893\">2<\/a><\/li>\n\t<li ><a class=\"\" href=\"https:\/\/spanish.cpnn-world.org\/index.php\/?_page=3&#038;rest_route=%2Fwp%2Fv2%2Fpages%2F1893\">3<\/a><\/li>\n\t<li ><a href=\"#\">&hellip;<\/a><\/li>\n\t<li ><a class=\"\" href=\"https:\/\/spanish.cpnn-world.org\/index.php\/?_page=6&#038;rest_route=%2Fwp%2Fv2%2Fpages%2F1893\">6<\/a><\/li>\n\t<li ><a class=\" \" href=\"https:\/\/spanish.cpnn-world.org\/index.php\/?_page=2&#038;rest_route=%2Fwp%2Fv2%2Fpages%2F1893\">&rsaquo;<\/a><\/li>\n\t<\/ul><img loading=\"lazy\" decoding=\"async\" width=\"15\" height=\"15\" class=\"pt-cv-spinner\" alt=\"Loading...\" src=\"data:image\/gif;base64,R0lGODlhDwAPALMPAMrKygwMDJOTkz09PZWVla+vr3p6euTk5M7OzuXl5TMzMwAAAJmZmWZmZszMzP\/\/\/yH\/C05FVFNDQVBFMi4wAwEAAAAh+QQFCgAPACwAAAAADwAPAAAEQvDJaZaZOIcV8iQK8VRX4iTYoAwZ4iCYoAjZ4RxejhVNoT+mRGP4cyF4Pp0N98sBGIBMEMOotl6YZ3S61Bmbkm4mAgAh+QQFCgAPACwAAAAADQANAAAENPDJSRSZeA418itN8QiK8BiLITVsFiyBBIoYqnoewAD4xPw9iY4XLGYSjkQR4UAUD45DLwIAIfkEBQoADwAsAAAAAA8ACQAABC\/wyVlamTi3nSdgwFNdhEJgTJoNyoB9ISYoQmdjiZPcj7EYCAeCF1gEDo4Dz2eIAAAh+QQFCgAPACwCAAAADQANAAAEM\/DJBxiYeLKdX3IJZT1FU0iIg2RNKx3OkZVnZ98ToRD4MyiDnkAh6BkNC0MvsAj0kMpHBAAh+QQFCgAPACwGAAAACQAPAAAEMDC59KpFDll73HkAA2wVY5KgiK5b0RRoI6MuzG6EQqCDMlSGheEhUAgqgUUAFRySIgAh+QQFCgAPACwCAAIADQANAAAEM\/DJKZNLND\/kkKaHc3xk+QAMYDKsiaqmZCxGVjSFFCxB1vwy2oOgIDxuucxAMTAJFAJNBAAh+QQFCgAPACwAAAYADwAJAAAEMNAs86q1yaWwwv2Ig0jUZx3OYa4XoRAfwADXoAwfo1+CIjyFRuEho60aSNYlOPxEAAAh+QQFCgAPACwAAAIADQANAAAENPA9s4y8+IUVcqaWJ4qEQozSoAzoIyhCK2NFU2SJk0hNnyEOhKR2AzAAj4Pj4GE4W0bkJQIAOw==\" \/><div class=\"clear pt-cv-clear-pagination\"><\/div><\/div><\/div>\t\t\t<style type=\"text\/css\" id=\"pt-cv-inline-style-8a7a3916kg\">#pt-cv-view-9ac7a5czl1 .pt-cv-title a, #pt-cv-view-9ac7a5czl1  .panel-title { font-weight: 600 !important; }\n#pt-cv-view-9ac7a5czl1 .pt-cv-readmore  { color: #ffffff !important; background-color: #00aeef !important; }\n#pt-cv-view-9ac7a5czl1 .pt-cv-readmore:hover  { color: #ffffff !important; background-color: #00aeef !important; }\n#pt-cv-view-9ac7a5czl1  + .pt-cv-pagination-wrapper .pt-cv-more , #pt-cv-view-9ac7a5czl1  + .pt-cv-pagination-wrapper .pagination .active a, .pt-cv-pagination[data-sid='9ac7a5czl1'] .active a { color: #ffffff !important; background-color: #00aeef !important; }<\/style>\r\n\t\t\t<\/p>\n","protected":false},"excerpt":{"rendered":"<p>Aqu\u00ed est\u00e1n los art\u00edculos en espa\u00f1ol o portugu\u00e9s de Derechos Humanos desde 1 de febrero 2015. Por consultar las siguientes p\u00e1ginas, haga clic en los n\u00fameros de p\u00e1gina en la parte inferior. Para los archivos de CPNN de Derechos Humanos antes del 1 de febrero 2015, haga clic aqu\u00ed.<\/p>\n","protected":false},"author":1,"featured_media":0,"parent":0,"menu_order":0,"comment_status":"closed","ping_status":"closed","template":"","meta":{"footnotes":""},"class_list":["post-1893","page","type-page","status-publish","hentry"],"_links":{"self":[{"href":"https:\/\/spanish.cpnn-world.org\/index.php?rest_route=\/wp\/v2\/pages\/1893","targetHints":{"allow":["GET"]}}],"collection":[{"href":"https:\/\/spanish.cpnn-world.org\/index.php?rest_route=\/wp\/v2\/pages"}],"about":[{"href":"https:\/\/spanish.cpnn-world.org\/index.php?rest_route=\/wp\/v2\/types\/page"}],"author":[{"embeddable":true,"href":"https:\/\/spanish.cpnn-world.org\/index.php?rest_route=\/wp\/v2\/users\/1"}],"replies":[{"embeddable":true,"href":"https:\/\/spanish.cpnn-world.org\/index.php?rest_route=%2Fwp%2Fv2%2Fcomments&post=1893"}],"version-history":[{"count":3,"href":"https:\/\/spanish.cpnn-world.org\/index.php?rest_route=\/wp\/v2\/pages\/1893\/revisions"}],"predecessor-version":[{"id":8417,"href":"https:\/\/spanish.cpnn-world.org\/index.php?rest_route=\/wp\/v2\/pages\/1893\/revisions\/8417"}],"wp:attachment":[{"href":"https:\/\/spanish.cpnn-world.org\/index.php?rest_route=%2Fwp%2Fv2%2Fmedia&parent=1893"}],"curies":[{"name":"wp","href":"https:\/\/api.w.org\/{rel}","templated":true}]}}