{"id":1857,"date":"2015-04-14T15:36:20","date_gmt":"2015-04-14T19:36:20","guid":{"rendered":"http:\/\/english.cpnn-world.org\/?page_id=1857"},"modified":"2019-10-11T09:40:43","modified_gmt":"2019-10-11T09:40:43","slug":"articulos-de-europa","status":"publish","type":"page","link":"https:\/\/spanish.cpnn-world.org\/?page_id=1857","title":{"rendered":"Art\u00edculos de Europa"},"content":{"rendered":"<p><em><big>Aqu\u00ed est\u00e1n los art\u00edculos en espa\u00f1ol o portugu\u00e9s de Europa desde 1 de febrero 2015.<br \/>\nPor consultar las siguientes p\u00e1ginas, haga clic en los n\u00fameros de p\u00e1gina en la parte inferior.<br \/>\nPara los archivos de CPNN de Europa antes del 1 de febrero 2015, haga clic <a href=\"http:\/\/cpnn-world.org\/cgi-bin\/read\/worldregionpage-spanish.cgi?region=europe\">aqu\u00ed<\/a>.<\/big><\/em><div class=\"pt-cv-wrapper\"><div class=\"pt-cv-view pt-cv-grid pt-cv-colsys pt-cv-pgregular\" id=\"pt-cv-view-ce0e834wpn\"><div data-id=\"pt-cv-page-1\" class=\"pt-cv-page\" data-cvc=\"4\"><div class=\"col-md-3 col-sm-3 col-xs-3 pt-cv-content-item pt-cv-1-col\"  data-pid=\"12090\"><div class='pt-cv-ifield'><div class=\"pt-cv-content\">. . PARTICIPACI\u00d3N DEMOCRATICA ...<\/div>\n<a href=\"https:\/\/spanish.cpnn-world.org\/?p=12090\" class=\"_self pt-cv-href-thumbnail pt-cv-thumb-default cvplbd\" target=\"_self\" ><img decoding=\"async\" width=\"300\" src=\"https:\/\/spanish.cpnn-world.org\/wp-content\/uploads\/2026\/04\/Barcelona.jpg\" class=\"pt-cv-thumbnail img-none cvp-substitute\" alt=\"Nace el Premio Internacional Barcelona por la Paz\" title=\"\" \/><\/a>\n<h4 class=\"pt-cv-title\"><a href=\"https:\/\/spanish.cpnn-world.org\/?p=12090\" class=\"_self cvplbd\" target=\"_self\" >Nace el Premio Internacional Barcelona por la Paz<\/a><\/h4>\n<div class=\"pt-cv-meta-fields\"><span class=\"entry-date\"> <time datetime=\"2026-04-17T10:57:25+02:00\">April 17, 2026<\/time><\/span><\/div><\/div><\/div>\n<div class=\"col-md-3 col-sm-3 col-xs-3 pt-cv-content-item pt-cv-1-col\"  data-pid=\"11939\"><div class='pt-cv-ifield'><div class=\"pt-cv-content\">LIBRE CIRCULACI\u00d3N DE INFORMACI\u00d3N ...<\/div>\n<a href=\"https:\/\/spanish.cpnn-world.org\/?p=11939\" class=\"_self pt-cv-href-thumbnail pt-cv-thumb-default cvplbd\" target=\"_self\" ><img decoding=\"async\" width=\"300\" src=\"https:\/\/spanish.cpnn-world.org\/wp-content\/uploads\/2026\/02\/DENIP.jpg\" class=\"pt-cv-thumbnail img-none cvp-substitute\" alt=\"D\u00eda escolar de la No Violencia y la Paz\" title=\"\" \/><\/a>\n<h4 class=\"pt-cv-title\"><a href=\"https:\/\/spanish.cpnn-world.org\/?p=11939\" class=\"_self cvplbd\" target=\"_self\" >D\u00eda escolar de la No Violencia y la Paz<\/a><\/h4>\n<div class=\"pt-cv-meta-fields\"><span class=\"entry-date\"> <time datetime=\"2026-02-05T09:29:29+01:00\">February 5, 2026<\/time><\/span><\/div><\/div><\/div>\n<div class=\"col-md-3 col-sm-3 col-xs-3 pt-cv-content-item pt-cv-1-col\"  data-pid=\"11796\"><div class='pt-cv-ifield'><div class=\"pt-cv-content\">. . PARTICIPACI\u00d3N DEMOCRATICA ...<\/div>\n<a href=\"https:\/\/spanish.cpnn-world.org\/?p=11796\" class=\"_self pt-cv-href-thumbnail pt-cv-thumb-default cvplbd\" target=\"_self\" ><img decoding=\"async\" width=\"300\" src=\"https:\/\/spanish.cpnn-world.org\/wp-content\/uploads\/2025\/12\/Manzanares.jpg\" class=\"pt-cv-thumbnail img-none cvp-substitute\" alt=\"Espa\u00f1a: Documental \u00abZona Internacional Cultura de Paz\u00bb de Manzanares El Real\" title=\"\" \/><\/a>\n<h4 class=\"pt-cv-title\"><a href=\"https:\/\/spanish.cpnn-world.org\/?p=11796\" class=\"_self cvplbd\" target=\"_self\" >Espa\u00f1a: Documental \u00abZona Internacional Cultura de Paz\u00bb de Manzanares El Real<\/a><\/h4>\n<div class=\"pt-cv-meta-fields\"><span class=\"entry-date\"> <time datetime=\"2025-12-14T06:27:23+01:00\">December 14, 2025<\/time><\/span><\/div><\/div><\/div>\n<div class=\"col-md-3 col-sm-3 col-xs-3 pt-cv-content-item pt-cv-1-col\"  data-pid=\"11793\"><div class='pt-cv-ifield'><div class=\"pt-cv-content\">EDUCACI\u00d3N PARA LA PAZ ...<\/div>\n<a href=\"https:\/\/spanish.cpnn-world.org\/?p=11793\" class=\"_self pt-cv-href-thumbnail pt-cv-thumb-default cvplbd\" target=\"_self\" ><img decoding=\"async\" width=\"300\" src=\"https:\/\/spanish.cpnn-world.org\/wp-content\/uploads\/2025\/12\/IIPE.jpg\" class=\"pt-cv-thumbnail img-none cvp-substitute\" alt=\"Espa\u00f1a: Instituto Internacional de Educaci\u00f3n para la Paz 2026\" title=\"\" \/><\/a>\n<h4 class=\"pt-cv-title\"><a href=\"https:\/\/spanish.cpnn-world.org\/?p=11793\" class=\"_self cvplbd\" target=\"_self\" >Espa\u00f1a: Instituto Internacional de Educaci\u00f3n para la Paz 2026<\/a><\/h4>\n<div class=\"pt-cv-meta-fields\"><span class=\"entry-date\"> <time datetime=\"2025-12-14T05:48:46+01:00\">December 14, 2025<\/time><\/span><\/div><\/div><\/div>\n<div class=\"col-md-3 col-sm-3 col-xs-3 pt-cv-content-item pt-cv-1-col\"  data-pid=\"11600\"><div class='pt-cv-ifield'><div class=\"pt-cv-content\">DESARME Y SEGURIDAD  ...<\/div>\n<a href=\"https:\/\/spanish.cpnn-world.org\/?p=11600\" class=\"_self pt-cv-href-thumbnail pt-cv-thumb-default cvplbd\" target=\"_self\" ><img decoding=\"async\" width=\"300\" src=\"https:\/\/spanish.cpnn-world.org\/wp-content\/uploads\/2025\/05\/Avila.jpg\" class=\"pt-cv-thumbnail img-none cvp-substitute\" alt=\"Espa\u00f1a: Recogidas de firmas por la paz, &quot;no a la guerra y no al rearme de Europa&quot;\" title=\"\" \/><\/a>\n<h4 class=\"pt-cv-title\"><a href=\"https:\/\/spanish.cpnn-world.org\/?p=11600\" class=\"_self cvplbd\" target=\"_self\" >Espa\u00f1a: Recogidas de firmas por la paz, &#8220;no a la guerra y no al rearme de Europa&#8221;<\/a><\/h4>\n<div class=\"pt-cv-meta-fields\"><span class=\"entry-date\"> <time datetime=\"2025-05-14T21:34:11+02:00\">May 14, 2025<\/time><\/span><\/div><\/div><\/div>\n<div class=\"col-md-3 col-sm-3 col-xs-3 pt-cv-content-item pt-cv-1-col\"  data-pid=\"11418\"><div class='pt-cv-ifield'><div class=\"pt-cv-content\">EDUCACI\u00d3N PARA LA PAZ ...<\/div>\n<a href=\"https:\/\/spanish.cpnn-world.org\/?p=11418\" class=\"_self pt-cv-href-thumbnail pt-cv-thumb-default cvplbd\" target=\"_self\" ><img decoding=\"async\" width=\"300\" src=\"https:\/\/spanish.cpnn-world.org\/wp-content\/uploads\/2024\/11\/cine-300x171.jpg\" class=\"pt-cv-thumbnail img-none cvp-substitute\" alt=\"Construyendo una Cultura de Paz: Festival de Cine por los Derechos Humanos en N\u00e1poles\" title=\"\" \/><\/a>\n<h4 class=\"pt-cv-title\"><a href=\"https:\/\/spanish.cpnn-world.org\/?p=11418\" class=\"_self cvplbd\" target=\"_self\" >Construyendo una Cultura de Paz: Festival de Cine por los Derechos Humanos en N\u00e1poles<\/a><\/h4>\n<div class=\"pt-cv-meta-fields\"><span class=\"entry-date\"> <time datetime=\"2024-11-08T20:54:16+01:00\">November 8, 2024<\/time><\/span><\/div><\/div><\/div>\n<div class=\"col-md-3 col-sm-3 col-xs-3 pt-cv-content-item pt-cv-1-col\"  data-pid=\"11359\"><div class='pt-cv-ifield'><div class=\"pt-cv-content\">. . PARTICIPACI\u00d3N DEMOCRATICA ...<\/div>\n<a href=\"https:\/\/spanish.cpnn-world.org\/?p=11359\" class=\"_self pt-cv-href-thumbnail pt-cv-thumb-default cvplbd\" target=\"_self\" ><img decoding=\"async\" width=\"300\" src=\"https:\/\/spanish.cpnn-world.org\/wp-content\/uploads\/2024\/10\/Zaragoza.jpg\" class=\"pt-cv-thumbnail img-none cvp-substitute\" alt=\"Once organizaciones llaman en Zaragoza a \u201calcanzar una cultura de paz\u201d como \u201cdeber colectivo\u201d\" title=\"\" \/><\/a>\n<h4 class=\"pt-cv-title\"><a href=\"https:\/\/spanish.cpnn-world.org\/?p=11359\" class=\"_self cvplbd\" target=\"_self\" >Once organizaciones llaman en Zaragoza a \u201calcanzar una cultura de paz\u201d como \u201cdeber colectivo\u201d<\/a><\/h4>\n<div class=\"pt-cv-meta-fields\"><span class=\"entry-date\"> <time datetime=\"2024-10-13T07:58:25+02:00\">October 13, 2024<\/time><\/span><\/div><\/div><\/div>\n<div class=\"col-md-3 col-sm-3 col-xs-3 pt-cv-content-item pt-cv-1-col\"  data-pid=\"11236\"><div class='pt-cv-ifield'><div class=\"pt-cv-content\">. . PARTICIPACI\u00d3N DEMOCRATICA ...<\/div>\n<a href=\"https:\/\/spanish.cpnn-world.org\/?p=11236\" class=\"_self pt-cv-href-thumbnail pt-cv-thumb-default cvplbd\" target=\"_self\" ><img decoding=\"async\" width=\"300\" src=\"https:\/\/spanish.cpnn-world.org\/wp-content\/uploads\/2024\/06\/Alba-Barnusell.jpg\" class=\"pt-cv-thumbnail img-none cvp-substitute\" alt=\"Discurso de Alba Barusell i Ortu\u00f1o, presidenta de Mayors for Peace Europa\" title=\"\" \/><\/a>\n<h4 class=\"pt-cv-title\"><a href=\"https:\/\/spanish.cpnn-world.org\/?p=11236\" class=\"_self cvplbd\" target=\"_self\" >Discurso de Alba Barusell i Ortu\u00f1o, presidenta de Mayors for Peace Europa<\/a><\/h4>\n<div class=\"pt-cv-meta-fields\"><span class=\"entry-date\"> <time datetime=\"2024-06-03T21:12:27+02:00\">June 3, 2024<\/time><\/span><\/div><\/div><\/div><\/div><\/div>\n<div class=\"text-left pt-cv-pagination-wrapper\"><ul class=\"pt-cv-pagination pt-cv-ajax pagination\" data-totalpages=\"8\" data-currentpage=\"1\" data-sid=\"ce0e834wpn\" data-unid=\"\" data-isblock=\"\" data-postid=\"\"><li class=\"active\"><a href=\"#\">1<\/a><\/li>\n\t<li ><a class=\"\" href=\"https:\/\/spanish.cpnn-world.org\/index.php\/?_page=2&#038;rest_route=%2Fwp%2Fv2%2Fpages%2F1857\">2<\/a><\/li>\n\t<li ><a class=\"\" href=\"https:\/\/spanish.cpnn-world.org\/index.php\/?_page=3&#038;rest_route=%2Fwp%2Fv2%2Fpages%2F1857\">3<\/a><\/li>\n\t<li ><a href=\"#\">&hellip;<\/a><\/li>\n\t<li ><a class=\"\" href=\"https:\/\/spanish.cpnn-world.org\/index.php\/?_page=8&#038;rest_route=%2Fwp%2Fv2%2Fpages%2F1857\">8<\/a><\/li>\n\t<li ><a class=\" \" href=\"https:\/\/spanish.cpnn-world.org\/index.php\/?_page=2&#038;rest_route=%2Fwp%2Fv2%2Fpages%2F1857\">&rsaquo;<\/a><\/li>\n\t<\/ul><img loading=\"lazy\" decoding=\"async\" width=\"15\" height=\"15\" class=\"pt-cv-spinner\" alt=\"Loading...\" src=\"data:image\/gif;base64,R0lGODlhDwAPALMPAMrKygwMDJOTkz09PZWVla+vr3p6euTk5M7OzuXl5TMzMwAAAJmZmWZmZszMzP\/\/\/yH\/C05FVFNDQVBFMi4wAwEAAAAh+QQFCgAPACwAAAAADwAPAAAEQvDJaZaZOIcV8iQK8VRX4iTYoAwZ4iCYoAjZ4RxejhVNoT+mRGP4cyF4Pp0N98sBGIBMEMOotl6YZ3S61Bmbkm4mAgAh+QQFCgAPACwAAAAADQANAAAENPDJSRSZeA418itN8QiK8BiLITVsFiyBBIoYqnoewAD4xPw9iY4XLGYSjkQR4UAUD45DLwIAIfkEBQoADwAsAAAAAA8ACQAABC\/wyVlamTi3nSdgwFNdhEJgTJoNyoB9ISYoQmdjiZPcj7EYCAeCF1gEDo4Dz2eIAAAh+QQFCgAPACwCAAAADQANAAAEM\/DJBxiYeLKdX3IJZT1FU0iIg2RNKx3OkZVnZ98ToRD4MyiDnkAh6BkNC0MvsAj0kMpHBAAh+QQFCgAPACwGAAAACQAPAAAEMDC59KpFDll73HkAA2wVY5KgiK5b0RRoI6MuzG6EQqCDMlSGheEhUAgqgUUAFRySIgAh+QQFCgAPACwCAAIADQANAAAEM\/DJKZNLND\/kkKaHc3xk+QAMYDKsiaqmZCxGVjSFFCxB1vwy2oOgIDxuucxAMTAJFAJNBAAh+QQFCgAPACwAAAYADwAJAAAEMNAs86q1yaWwwv2Ig0jUZx3OYa4XoRAfwADXoAwfo1+CIjyFRuEho60aSNYlOPxEAAAh+QQFCgAPACwAAAIADQANAAAENPA9s4y8+IUVcqaWJ4qEQozSoAzoIyhCK2NFU2SJk0hNnyEOhKR2AzAAj4Pj4GE4W0bkJQIAOw==\" \/><div class=\"clear pt-cv-clear-pagination\"><\/div><\/div><\/div>\t\t\t<style type=\"text\/css\" id=\"pt-cv-inline-style-91451195cz\">#pt-cv-view-ce0e834wpn .pt-cv-title a, #pt-cv-view-ce0e834wpn  .panel-title { font-weight: 600 !important; }\n#pt-cv-view-ce0e834wpn .pt-cv-readmore  { color: #ffffff !important; background-color: #00aeef !important; }\n#pt-cv-view-ce0e834wpn .pt-cv-readmore:hover  { color: #ffffff !important; background-color: #00aeef !important; }\n#pt-cv-view-ce0e834wpn  + .pt-cv-pagination-wrapper .pt-cv-more , #pt-cv-view-ce0e834wpn  + .pt-cv-pagination-wrapper .pagination .active a, .pt-cv-pagination[data-sid='ce0e834wpn'] .active a { color: #ffffff !important; background-color: #00aeef !important; }<\/style>\r\n\t\t\t<\/p>\n","protected":false},"excerpt":{"rendered":"<p>Aqu\u00ed est\u00e1n los art\u00edculos en espa\u00f1ol o portugu\u00e9s de Europa desde 1 de febrero 2015. Por consultar las siguientes p\u00e1ginas, haga clic en los n\u00fameros de p\u00e1gina en la parte inferior. Para los archivos de CPNN de Europa antes del 1 de febrero 2015, haga clic aqu\u00ed.<\/p>\n","protected":false},"author":1,"featured_media":0,"parent":0,"menu_order":0,"comment_status":"closed","ping_status":"closed","template":"","meta":{"footnotes":""},"class_list":["post-1857","page","type-page","status-publish","hentry"],"_links":{"self":[{"href":"https:\/\/spanish.cpnn-world.org\/index.php?rest_route=\/wp\/v2\/pages\/1857","targetHints":{"allow":["GET"]}}],"collection":[{"href":"https:\/\/spanish.cpnn-world.org\/index.php?rest_route=\/wp\/v2\/pages"}],"about":[{"href":"https:\/\/spanish.cpnn-world.org\/index.php?rest_route=\/wp\/v2\/types\/page"}],"author":[{"embeddable":true,"href":"https:\/\/spanish.cpnn-world.org\/index.php?rest_route=\/wp\/v2\/users\/1"}],"replies":[{"embeddable":true,"href":"https:\/\/spanish.cpnn-world.org\/index.php?rest_route=%2Fwp%2Fv2%2Fcomments&post=1857"}],"version-history":[{"count":7,"href":"https:\/\/spanish.cpnn-world.org\/index.php?rest_route=\/wp\/v2\/pages\/1857\/revisions"}],"predecessor-version":[{"id":8412,"href":"https:\/\/spanish.cpnn-world.org\/index.php?rest_route=\/wp\/v2\/pages\/1857\/revisions\/8412"}],"wp:attachment":[{"href":"https:\/\/spanish.cpnn-world.org\/index.php?rest_route=%2Fwp%2Fv2%2Fmedia&parent=1857"}],"curies":[{"name":"wp","href":"https:\/\/api.w.org\/{rel}","templated":true}]}}