{"id":1852,"date":"2015-04-14T15:16:47","date_gmt":"2015-04-14T19:16:47","guid":{"rendered":"http:\/\/english.cpnn-world.org\/?page_id=1852"},"modified":"2019-10-11T09:41:27","modified_gmt":"2019-10-11T09:41:27","slug":"articulos-mundiales","status":"publish","type":"page","link":"https:\/\/spanish.cpnn-world.org\/?page_id=1852","title":{"rendered":"Art\u00edculos mundiales"},"content":{"rendered":"<p><em><big>Aqu\u00ed est\u00e1n los art\u00edculos mundiales en espa\u00f1ol o portugu\u00e9s desde 1 de febrero 2015.<br \/>\nPor consultar las siguientes p\u00e1ginas, haga clic en los n\u00fameros de p\u00e1gina en la parte inferior.<br \/>\nPara los archivos de CPNN de los art\u00edculos mundiales antes del 1 de febrero 2015, haga clic <a href=\"http:\/\/cpnn-world.org\/cgi-bin\/read\/worldregionpage-spanish.cgi?region=global\">aqu\u00ed<\/a>.<br \/>\n<\/big><\/em><div class=\"pt-cv-wrapper\"><div class=\"pt-cv-view pt-cv-grid pt-cv-colsys pt-cv-pgregular\" id=\"pt-cv-view-3a555dd91g\"><div data-id=\"pt-cv-page-1\" class=\"pt-cv-page\" data-cvc=\"4\"><div class=\"col-md-3 col-sm-3 col-xs-3 pt-cv-content-item pt-cv-1-col\"  data-pid=\"12134\"><div class='pt-cv-ifield'><div class=\"pt-cv-content\">. DESAROLLO SUSTENTABLE  ...<\/div>\n<a href=\"https:\/\/spanish.cpnn-world.org\/?p=12134\" class=\"_self pt-cv-href-thumbnail pt-cv-thumb-default cvplbd\" target=\"_self\" ><img decoding=\"async\" width=\"300\" src=\"https:\/\/spanish.cpnn-world.org\/wp-content\/uploads\/2026\/04\/climate.jpg\" class=\"pt-cv-thumbnail img-none cvp-substitute\" alt=\"Colombia: Conferencia para la Transici\u00f3n m\u00e1s all\u00e1 de los Combustibles F\u00f3siles concluye con cinco resultados clave\" title=\"\" \/><\/a>\n<h4 class=\"pt-cv-title\"><a href=\"https:\/\/spanish.cpnn-world.org\/?p=12134\" class=\"_self cvplbd\" target=\"_self\" >Colombia: Conferencia para la Transici\u00f3n m\u00e1s all\u00e1 de los Combustibles F\u00f3siles concluye con cinco resultados clave<\/a><\/h4>\n<div class=\"pt-cv-meta-fields\"><span class=\"entry-date\"> <time datetime=\"2026-04-30T09:19:30+02:00\">April 30, 2026<\/time><\/span><\/div><\/div><\/div>\n<div class=\"col-md-3 col-sm-3 col-xs-3 pt-cv-content-item pt-cv-1-col\"  data-pid=\"11949\"><div class='pt-cv-ifield'><div class=\"pt-cv-content\">EDUCACI\u00d3N PARA LA PAZ ...<\/div>\n<a href=\"https:\/\/spanish.cpnn-world.org\/?p=11949\" class=\"_self pt-cv-href-thumbnail pt-cv-thumb-default cvplbd\" target=\"_self\" ><img decoding=\"async\" width=\"300\" src=\"https:\/\/spanish.cpnn-world.org\/wp-content\/uploads\/2026\/02\/Mayor-300x165.jpg\" class=\"pt-cv-thumbnail img-none cvp-substitute\" alt=\"Federico Mayor: Cultura de paz, ahora m\u00e1s que nunca\" title=\"\" \/><\/a>\n<h4 class=\"pt-cv-title\"><a href=\"https:\/\/spanish.cpnn-world.org\/?p=11949\" class=\"_self cvplbd\" target=\"_self\" >Federico Mayor: Cultura de paz, ahora m\u00e1s que nunca<\/a><\/h4>\n<div class=\"pt-cv-meta-fields\"><span class=\"entry-date\"> <time datetime=\"2026-02-05T21:41:14+01:00\">February 5, 2026<\/time><\/span><\/div><\/div><\/div>\n<div class=\"col-md-3 col-sm-3 col-xs-3 pt-cv-content-item pt-cv-1-col\"  data-pid=\"11831\"><div class='pt-cv-ifield'><div class=\"pt-cv-content\">. IGUALDAD HOMBRES\/MUJERES  ...<\/div>\n<a href=\"https:\/\/spanish.cpnn-world.org\/?p=11831\" class=\"_self pt-cv-href-thumbnail pt-cv-thumb-default cvplbd\" target=\"_self\" ><img decoding=\"async\" width=\"300\" src=\"https:\/\/spanish.cpnn-world.org\/wp-content\/uploads\/2026\/01\/UN-Women-300x201.jpg\" class=\"pt-cv-thumbnail img-none cvp-substitute\" alt=\"D\u00eda Internacional de la Mujer 2026. Derechos. Justicia. Acci\u00f3n. Para TODAS las mujeres y ni\u00f1as\" title=\"\" \/><\/a>\n<h4 class=\"pt-cv-title\"><a href=\"https:\/\/spanish.cpnn-world.org\/?p=11831\" class=\"_self cvplbd\" target=\"_self\" >D\u00eda Internacional de la Mujer 2026. Derechos. Justicia. Acci\u00f3n. Para TODAS las mujeres y ni\u00f1as<\/a><\/h4>\n<div class=\"pt-cv-meta-fields\"><span class=\"entry-date\"> <time datetime=\"2026-01-18T19:55:58+01:00\">January 18, 2026<\/time><\/span><\/div><\/div><\/div>\n<div class=\"col-md-3 col-sm-3 col-xs-3 pt-cv-content-item pt-cv-1-col\"  data-pid=\"11793\"><div class='pt-cv-ifield'><div class=\"pt-cv-content\">EDUCACI\u00d3N PARA LA PAZ ...<\/div>\n<a href=\"https:\/\/spanish.cpnn-world.org\/?p=11793\" class=\"_self pt-cv-href-thumbnail pt-cv-thumb-default cvplbd\" target=\"_self\" ><img decoding=\"async\" width=\"300\" src=\"https:\/\/spanish.cpnn-world.org\/wp-content\/uploads\/2025\/12\/IIPE.jpg\" class=\"pt-cv-thumbnail img-none cvp-substitute\" alt=\"Espa\u00f1a: Instituto Internacional de Educaci\u00f3n para la Paz 2026\" title=\"\" \/><\/a>\n<h4 class=\"pt-cv-title\"><a href=\"https:\/\/spanish.cpnn-world.org\/?p=11793\" class=\"_self cvplbd\" target=\"_self\" >Espa\u00f1a: Instituto Internacional de Educaci\u00f3n para la Paz 2026<\/a><\/h4>\n<div class=\"pt-cv-meta-fields\"><span class=\"entry-date\"> <time datetime=\"2025-12-14T05:48:46+01:00\">December 14, 2025<\/time><\/span><\/div><\/div><\/div>\n<div class=\"col-md-3 col-sm-3 col-xs-3 pt-cv-content-item pt-cv-1-col\"  data-pid=\"11679\"><div class='pt-cv-ifield'><div class=\"pt-cv-content\">. . DESAROLLO SUSTENTABLE ...<\/div>\n<a href=\"https:\/\/spanish.cpnn-world.org\/?p=11679\" class=\"_self pt-cv-href-thumbnail pt-cv-thumb-default cvplbd\" target=\"_self\" ><img decoding=\"async\" width=\"300\" src=\"https:\/\/spanish.cpnn-world.org\/wp-content\/uploads\/2025\/07\/BRICS.jpg\" class=\"pt-cv-thumbnail img-none cvp-substitute\" alt=\"C\u00fapula do BRICS firma compromisso hist\u00f3rico no Rio para uma governan\u00e7a mais inclusiva e sustent\u00e1vel\" title=\"\" \/><\/a>\n<h4 class=\"pt-cv-title\"><a href=\"https:\/\/spanish.cpnn-world.org\/?p=11679\" class=\"_self cvplbd\" target=\"_self\" >C\u00fapula do BRICS firma compromisso hist\u00f3rico no Rio para uma governan\u00e7a mais inclusiva e sustent\u00e1vel<\/a><\/h4>\n<div class=\"pt-cv-meta-fields\"><span class=\"entry-date\"> <time datetime=\"2025-07-31T21:13:42+02:00\">July 31, 2025<\/time><\/span><\/div><\/div><\/div>\n<div class=\"col-md-3 col-sm-3 col-xs-3 pt-cv-content-item pt-cv-1-col\"  data-pid=\"11657\"><div class='pt-cv-ifield'><div class=\"pt-cv-content\">LIBRE CIRCULACIO\u0301N DE INFORMACIO\u0301N ...<\/div>\n<a href=\"https:\/\/spanish.cpnn-world.org\/?p=11657\" class=\"_self pt-cv-href-thumbnail pt-cv-thumb-default cvplbd\" target=\"_self\" ><img decoding=\"async\" width=\"300\" src=\"https:\/\/spanish.cpnn-world.org\/wp-content\/uploads\/2025\/07\/Lula.jpg\" class=\"pt-cv-thumbnail img-none cvp-substitute\" alt=\"Lula abre C\u00fapula do BRICS com apelo por investimentos para a paz e seguran\u00e7a\" title=\"\" \/><\/a>\n<h4 class=\"pt-cv-title\"><a href=\"https:\/\/spanish.cpnn-world.org\/?p=11657\" class=\"_self cvplbd\" target=\"_self\" >Lula abre C\u00fapula do BRICS com apelo por investimentos para a paz e seguran\u00e7a<\/a><\/h4>\n<div class=\"pt-cv-meta-fields\"><span class=\"entry-date\"> <time datetime=\"2025-07-07T10:47:08+02:00\">July 7, 2025<\/time><\/span><\/div><\/div><\/div>\n<div class=\"col-md-3 col-sm-3 col-xs-3 pt-cv-content-item pt-cv-1-col\"  data-pid=\"11627\"><div class='pt-cv-ifield'><div class=\"pt-cv-content\">DESARME Y SEGURIDAD  ...<\/div>\n<a href=\"https:\/\/spanish.cpnn-world.org\/?p=11627\" class=\"_self pt-cv-href-thumbnail pt-cv-thumb-default cvplbd\" target=\"_self\" ><img decoding=\"async\" width=\"300\" src=\"https:\/\/spanish.cpnn-world.org\/wp-content\/uploads\/2025\/06\/PeaceWave.jpg\" class=\"pt-cv-thumbnail img-none cvp-substitute\" alt=\"Ola de paz 2025\" title=\"\" \/><\/a>\n<h4 class=\"pt-cv-title\"><a href=\"https:\/\/spanish.cpnn-world.org\/?p=11627\" class=\"_self cvplbd\" target=\"_self\" >Ola de paz 2025<\/a><\/h4>\n<div class=\"pt-cv-meta-fields\"><span class=\"entry-date\"> <time datetime=\"2025-06-29T16:06:26+02:00\">June 29, 2025<\/time><\/span><\/div><\/div><\/div>\n<div class=\"col-md-3 col-sm-3 col-xs-3 pt-cv-content-item pt-cv-1-col\"  data-pid=\"11443\"><div class='pt-cv-ifield'><div class=\"pt-cv-content\">LIBRE CIRCULACIO\u0301N DE INFORMACIO\u0301N ...<\/div>\n<a href=\"https:\/\/spanish.cpnn-world.org\/?p=11443\" class=\"_self pt-cv-href-thumbnail pt-cv-thumb-default cvplbd\" target=\"_self\" ><img decoding=\"async\" width=\"300\" src=\"https:\/\/spanish.cpnn-world.org\/wp-content\/uploads\/2024\/11\/Petro.jpg\" class=\"pt-cv-thumbnail img-none cvp-substitute\" alt=\"Discurso de Gustavo Petro, Presidente de Colombia, en la Cumbre del G20\" title=\"\" \/><\/a>\n<h4 class=\"pt-cv-title\"><a href=\"https:\/\/spanish.cpnn-world.org\/?p=11443\" class=\"_self cvplbd\" target=\"_self\" >Discurso de Gustavo Petro, Presidente de Colombia, en la Cumbre del G20<\/a><\/h4>\n<div class=\"pt-cv-meta-fields\"><span class=\"entry-date\"> <time datetime=\"2024-11-29T17:28:31+01:00\">November 29, 2024<\/time><\/span><\/div><\/div><\/div><\/div><\/div>\n<div class=\"text-left pt-cv-pagination-wrapper\"><ul class=\"pt-cv-pagination pt-cv-ajax pagination\" data-totalpages=\"12\" data-currentpage=\"1\" data-sid=\"3a555dd91g\" data-unid=\"\" data-isblock=\"\" data-postid=\"\"><li class=\"active\"><a href=\"#\">1<\/a><\/li>\n\t<li ><a class=\"\" href=\"https:\/\/spanish.cpnn-world.org\/index.php\/?_page=2&#038;rest_route=%2Fwp%2Fv2%2Fpages%2F1852\">2<\/a><\/li>\n\t<li ><a class=\"\" href=\"https:\/\/spanish.cpnn-world.org\/index.php\/?_page=3&#038;rest_route=%2Fwp%2Fv2%2Fpages%2F1852\">3<\/a><\/li>\n\t<li ><a href=\"#\">&hellip;<\/a><\/li>\n\t<li ><a class=\"\" href=\"https:\/\/spanish.cpnn-world.org\/index.php\/?_page=12&#038;rest_route=%2Fwp%2Fv2%2Fpages%2F1852\">12<\/a><\/li>\n\t<li ><a class=\" \" href=\"https:\/\/spanish.cpnn-world.org\/index.php\/?_page=2&#038;rest_route=%2Fwp%2Fv2%2Fpages%2F1852\">&rsaquo;<\/a><\/li>\n\t<\/ul><img loading=\"lazy\" decoding=\"async\" width=\"15\" height=\"15\" class=\"pt-cv-spinner\" alt=\"Loading...\" src=\"data:image\/gif;base64,R0lGODlhDwAPALMPAMrKygwMDJOTkz09PZWVla+vr3p6euTk5M7OzuXl5TMzMwAAAJmZmWZmZszMzP\/\/\/yH\/C05FVFNDQVBFMi4wAwEAAAAh+QQFCgAPACwAAAAADwAPAAAEQvDJaZaZOIcV8iQK8VRX4iTYoAwZ4iCYoAjZ4RxejhVNoT+mRGP4cyF4Pp0N98sBGIBMEMOotl6YZ3S61Bmbkm4mAgAh+QQFCgAPACwAAAAADQANAAAENPDJSRSZeA418itN8QiK8BiLITVsFiyBBIoYqnoewAD4xPw9iY4XLGYSjkQR4UAUD45DLwIAIfkEBQoADwAsAAAAAA8ACQAABC\/wyVlamTi3nSdgwFNdhEJgTJoNyoB9ISYoQmdjiZPcj7EYCAeCF1gEDo4Dz2eIAAAh+QQFCgAPACwCAAAADQANAAAEM\/DJBxiYeLKdX3IJZT1FU0iIg2RNKx3OkZVnZ98ToRD4MyiDnkAh6BkNC0MvsAj0kMpHBAAh+QQFCgAPACwGAAAACQAPAAAEMDC59KpFDll73HkAA2wVY5KgiK5b0RRoI6MuzG6EQqCDMlSGheEhUAgqgUUAFRySIgAh+QQFCgAPACwCAAIADQANAAAEM\/DJKZNLND\/kkKaHc3xk+QAMYDKsiaqmZCxGVjSFFCxB1vwy2oOgIDxuucxAMTAJFAJNBAAh+QQFCgAPACwAAAYADwAJAAAEMNAs86q1yaWwwv2Ig0jUZx3OYa4XoRAfwADXoAwfo1+CIjyFRuEho60aSNYlOPxEAAAh+QQFCgAPACwAAAIADQANAAAENPA9s4y8+IUVcqaWJ4qEQozSoAzoIyhCK2NFU2SJk0hNnyEOhKR2AzAAj4Pj4GE4W0bkJQIAOw==\" \/><div class=\"clear pt-cv-clear-pagination\"><\/div><\/div><\/div>\t\t\t<style type=\"text\/css\" id=\"pt-cv-inline-style-ac02777cbp\">#pt-cv-view-3a555dd91g .pt-cv-title a, #pt-cv-view-3a555dd91g  .panel-title { font-weight: 600 !important; }\n#pt-cv-view-3a555dd91g .pt-cv-readmore  { color: #ffffff !important; background-color: #00aeef !important; }\n#pt-cv-view-3a555dd91g .pt-cv-readmore:hover  { color: #ffffff !important; background-color: #00aeef !important; }\n#pt-cv-view-3a555dd91g  + .pt-cv-pagination-wrapper .pt-cv-more , #pt-cv-view-3a555dd91g  + .pt-cv-pagination-wrapper .pagination .active a, .pt-cv-pagination[data-sid='3a555dd91g'] .active a { color: #ffffff !important; background-color: #00aeef !important; }<\/style>\r\n\t\t\t<\/p>\n","protected":false},"excerpt":{"rendered":"<p>Aqu\u00ed est\u00e1n los art\u00edculos mundiales en espa\u00f1ol o portugu\u00e9s desde 1 de febrero 2015. Por consultar las siguientes p\u00e1ginas, haga clic en los n\u00fameros de p\u00e1gina en la parte inferior. Para los archivos de CPNN de los art\u00edculos mundiales antes del 1 de febrero 2015, haga clic aqu\u00ed.<\/p>\n","protected":false},"author":1,"featured_media":0,"parent":0,"menu_order":0,"comment_status":"closed","ping_status":"closed","template":"","meta":{"footnotes":""},"class_list":["post-1852","page","type-page","status-publish","hentry"],"_links":{"self":[{"href":"https:\/\/spanish.cpnn-world.org\/index.php?rest_route=\/wp\/v2\/pages\/1852","targetHints":{"allow":["GET"]}}],"collection":[{"href":"https:\/\/spanish.cpnn-world.org\/index.php?rest_route=\/wp\/v2\/pages"}],"about":[{"href":"https:\/\/spanish.cpnn-world.org\/index.php?rest_route=\/wp\/v2\/types\/page"}],"author":[{"embeddable":true,"href":"https:\/\/spanish.cpnn-world.org\/index.php?rest_route=\/wp\/v2\/users\/1"}],"replies":[{"embeddable":true,"href":"https:\/\/spanish.cpnn-world.org\/index.php?rest_route=%2Fwp%2Fv2%2Fcomments&post=1852"}],"version-history":[{"count":3,"href":"https:\/\/spanish.cpnn-world.org\/index.php?rest_route=\/wp\/v2\/pages\/1852\/revisions"}],"predecessor-version":[{"id":8413,"href":"https:\/\/spanish.cpnn-world.org\/index.php?rest_route=\/wp\/v2\/pages\/1852\/revisions\/8413"}],"wp:attachment":[{"href":"https:\/\/spanish.cpnn-world.org\/index.php?rest_route=%2Fwp%2Fv2%2Fmedia&parent=1852"}],"curies":[{"name":"wp","href":"https:\/\/api.w.org\/{rel}","templated":true}]}}