{"id":1589,"date":"2015-04-11T16:52:02","date_gmt":"2015-04-11T20:52:02","guid":{"rendered":"http:\/\/english.cpnn-world.org\/?page_id=1589"},"modified":"2019-10-11T09:40:20","modified_gmt":"2019-10-11T09:40:20","slug":"spanish-articles-from-latin-america","status":"publish","type":"page","link":"https:\/\/spanish.cpnn-world.org\/?page_id=1589","title":{"rendered":"Art\u00edculos de Am\u00e9rica Latina"},"content":{"rendered":"<p><em><big>Aqu\u00ed est\u00e1n los art\u00edculos en espa\u00f1ol o portugu\u00e9s de Am\u00e9rica Latina desde 1 de febrero 2015.<br \/>\nPor consultar las siguientes p\u00e1ginas, haga clic en los n\u00fameros de p\u00e1gina en la parte inferior.<br \/>\nPara los archivos de CPNN de Am\u00e9rica Latina antes del 1 de febrero 2015, haga clic <a href=\"http:\/\/cpnn-world.org\/cgi-bin\/read\/worldregionpage-spanish.cgi?region=latinamerica\">aqu\u00ed<\/a>.<\/big><\/em><div class=\"pt-cv-wrapper\"><div class=\"pt-cv-view pt-cv-grid pt-cv-colsys pt-cv-pgregular\" id=\"pt-cv-view-b8b5dcfz5i\"><div data-id=\"pt-cv-page-1\" class=\"pt-cv-page\" data-cvc=\"4\"><div class=\"col-md-3 col-sm-3 col-xs-3 pt-cv-content-item pt-cv-1-col\"  data-pid=\"12134\"><div class='pt-cv-ifield'><div class=\"pt-cv-content\">. DESAROLLO SUSTENTABLE  ...<\/div>\n<a href=\"https:\/\/spanish.cpnn-world.org\/?p=12134\" class=\"_self pt-cv-href-thumbnail pt-cv-thumb-default cvplbd\" target=\"_self\" ><img decoding=\"async\" width=\"300\" src=\"https:\/\/spanish.cpnn-world.org\/wp-content\/uploads\/2026\/04\/climate.jpg\" class=\"pt-cv-thumbnail img-none cvp-substitute\" alt=\"Colombia: Conferencia para la Transici\u00f3n m\u00e1s all\u00e1 de los Combustibles F\u00f3siles concluye con cinco resultados clave\" title=\"\" \/><\/a>\n<h4 class=\"pt-cv-title\"><a href=\"https:\/\/spanish.cpnn-world.org\/?p=12134\" class=\"_self cvplbd\" target=\"_self\" >Colombia: Conferencia para la Transici\u00f3n m\u00e1s all\u00e1 de los Combustibles F\u00f3siles concluye con cinco resultados clave<\/a><\/h4>\n<div class=\"pt-cv-meta-fields\"><span class=\"entry-date\"> <time datetime=\"2026-04-30T09:19:30+02:00\">April 30, 2026<\/time><\/span><\/div><\/div><\/div>\n<div class=\"col-md-3 col-sm-3 col-xs-3 pt-cv-content-item pt-cv-1-col\"  data-pid=\"12128\"><div class='pt-cv-ifield'><div class=\"pt-cv-content\">EDUCACI\u00d3N PARA LA PAZ ...<\/div>\n<a href=\"https:\/\/spanish.cpnn-world.org\/?p=12128\" class=\"_self pt-cv-href-thumbnail pt-cv-thumb-default cvplbd\" target=\"_self\" ><img decoding=\"async\" width=\"300\" src=\"https:\/\/spanish.cpnn-world.org\/wp-content\/uploads\/2026\/04\/mediators.jpg\" class=\"pt-cv-thumbnail img-none cvp-substitute\" alt=\"Estado de M\u00e9xico: Fortalecen cultura de paz con m\u00e1s de mil Mediadores Escolares\" title=\"\" \/><\/a>\n<h4 class=\"pt-cv-title\"><a href=\"https:\/\/spanish.cpnn-world.org\/?p=12128\" class=\"_self cvplbd\" target=\"_self\" >Estado de M\u00e9xico: Fortalecen cultura de paz con m\u00e1s de mil Mediadores Escolares<\/a><\/h4>\n<div class=\"pt-cv-meta-fields\"><span class=\"entry-date\"> <time datetime=\"2026-04-29T09:02:04+02:00\">April 29, 2026<\/time><\/span><\/div><\/div><\/div>\n<div class=\"col-md-3 col-sm-3 col-xs-3 pt-cv-content-item pt-cv-1-col\"  data-pid=\"12121\"><div class='pt-cv-ifield'><div class=\"pt-cv-content\">EDUCACI\u00d3N PARA LA PAZ ...<\/div>\n<a href=\"https:\/\/spanish.cpnn-world.org\/?p=12121\" class=\"_self pt-cv-href-thumbnail pt-cv-thumb-default cvplbd\" target=\"_self\" ><img decoding=\"async\" width=\"300\" src=\"https:\/\/spanish.cpnn-world.org\/wp-content\/uploads\/2026\/04\/academics.jpg\" class=\"pt-cv-thumbnail img-none cvp-substitute\" alt=\"Universidad Nacional Aut\u00f3noma de M\u00e9xico: Intensificar la construcci\u00f3n de la cultura de paz, sugieren acad\u00e9micas y acad\u00e9micos\" title=\"\" \/><\/a>\n<h4 class=\"pt-cv-title\"><a href=\"https:\/\/spanish.cpnn-world.org\/?p=12121\" class=\"_self cvplbd\" target=\"_self\" >Universidad Nacional Aut\u00f3noma de M\u00e9xico: Intensificar la construcci\u00f3n de la cultura de paz, sugieren acad\u00e9micas y acad\u00e9micos<\/a><\/h4>\n<div class=\"pt-cv-meta-fields\"><span class=\"entry-date\"> <time datetime=\"2026-04-29T07:57:11+02:00\">April 29, 2026<\/time><\/span><\/div><\/div><\/div>\n<div class=\"col-md-3 col-sm-3 col-xs-3 pt-cv-content-item pt-cv-1-col\"  data-pid=\"12117\"><div class='pt-cv-ifield'><div class=\"pt-cv-content\">EDUCACI\u00d3N PARA LA PAZ ...<\/div>\n<a href=\"https:\/\/spanish.cpnn-world.org\/?p=12117\" class=\"_self pt-cv-href-thumbnail pt-cv-thumb-default cvplbd\" target=\"_self\" ><img decoding=\"async\" width=\"300\" src=\"https:\/\/spanish.cpnn-world.org\/wp-content\/uploads\/2026\/04\/mediation.jpg\" class=\"pt-cv-thumbnail img-none cvp-substitute\" alt=\"Carauru, Brasil: O Programa Media\u00e7\u00e3o de Conflitos: Promovendo a Cultura de Paz\" title=\"\" \/><\/a>\n<h4 class=\"pt-cv-title\"><a href=\"https:\/\/spanish.cpnn-world.org\/?p=12117\" class=\"_self cvplbd\" target=\"_self\" >Carauru, Brasil: O Programa Media\u00e7\u00e3o de Conflitos: Promovendo a Cultura de Paz<\/a><\/h4>\n<div class=\"pt-cv-meta-fields\"><span class=\"entry-date\"> <time datetime=\"2026-04-28T18:49:13+02:00\">April 28, 2026<\/time><\/span><\/div><\/div><\/div>\n<div class=\"col-md-3 col-sm-3 col-xs-3 pt-cv-content-item pt-cv-1-col\"  data-pid=\"12086\"><div class='pt-cv-ifield'><div class=\"pt-cv-content\">EDUCACI\u00d3N PARA LA PAZ ...<\/div>\n<a href=\"https:\/\/spanish.cpnn-world.org\/?p=12086\" class=\"_self pt-cv-href-thumbnail pt-cv-thumb-default cvplbd\" target=\"_self\" ><img decoding=\"async\" width=\"300\" src=\"https:\/\/spanish.cpnn-world.org\/wp-content\/uploads\/2026\/04\/UNAM.jpg\" class=\"pt-cv-thumbnail img-none cvp-substitute\" alt=\"UNAM: Encuentros y Tejidos por la Paz. \u00bfPor qu\u00e9 hablar de cultura de paz?\" title=\"\" \/><\/a>\n<h4 class=\"pt-cv-title\"><a href=\"https:\/\/spanish.cpnn-world.org\/?p=12086\" class=\"_self cvplbd\" target=\"_self\" >UNAM: Encuentros y Tejidos por la Paz. \u00bfPor qu\u00e9 hablar de cultura de paz?<\/a><\/h4>\n<div class=\"pt-cv-meta-fields\"><span class=\"entry-date\"> <time datetime=\"2026-04-12T10:06:45+02:00\">April 12, 2026<\/time><\/span><\/div><\/div><\/div>\n<div class=\"col-md-3 col-sm-3 col-xs-3 pt-cv-content-item pt-cv-1-col\"  data-pid=\"12041\"><div class='pt-cv-ifield'><div class=\"pt-cv-content\">. IGUALDAD HOMBRES\/MUJERES  ...<\/div>\n<a href=\"https:\/\/spanish.cpnn-world.org\/?p=12041\" class=\"_self pt-cv-href-thumbnail pt-cv-thumb-default cvplbd\" target=\"_self\" ><img decoding=\"async\" width=\"300\" src=\"https:\/\/english.cpnn-world.org\/wp-content\/uploads\/2026\/03\/ARGENTINA.jpg\" class=\"pt-cv-thumbnail img-none cvp-substitute\" alt=\"D\u00eda de la Mujer: Am\u00e9rica Latina\" title=\"\" \/><\/a>\n<h4 class=\"pt-cv-title\"><a href=\"https:\/\/spanish.cpnn-world.org\/?p=12041\" class=\"_self cvplbd\" target=\"_self\" >D\u00eda de la Mujer: Am\u00e9rica Latina<\/a><\/h4>\n<div class=\"pt-cv-meta-fields\"><span class=\"entry-date\"> <time datetime=\"2026-03-12T21:43:29+01:00\">March 12, 2026<\/time><\/span><\/div><\/div><\/div>\n<div class=\"col-md-3 col-sm-3 col-xs-3 pt-cv-content-item pt-cv-1-col\"  data-pid=\"12037\"><div class='pt-cv-ifield'><div class=\"pt-cv-content\">EDUCACI\u00d3N PARA LA PAZ ...<\/div>\n<a href=\"https:\/\/spanish.cpnn-world.org\/?p=12037\" class=\"_self pt-cv-href-thumbnail pt-cv-thumb-default cvplbd\" target=\"_self\" ><img decoding=\"async\" width=\"300\" src=\"https:\/\/spanish.cpnn-world.org\/wp-content\/uploads\/2026\/03\/Michoacan.jpg\" class=\"pt-cv-thumbnail img-none cvp-substitute\" alt=\"M\u00e9xico: Buscan incluir cultura de paz en escuelas de Michoac\u00e1n\" title=\"\" \/><\/a>\n<h4 class=\"pt-cv-title\"><a href=\"https:\/\/spanish.cpnn-world.org\/?p=12037\" class=\"_self cvplbd\" target=\"_self\" >M\u00e9xico: Buscan incluir cultura de paz en escuelas de Michoac\u00e1n<\/a><\/h4>\n<div class=\"pt-cv-meta-fields\"><span class=\"entry-date\"> <time datetime=\"2026-03-05T10:09:13+01:00\">March 5, 2026<\/time><\/span><\/div><\/div><\/div>\n<div class=\"col-md-3 col-sm-3 col-xs-3 pt-cv-content-item pt-cv-1-col\"  data-pid=\"12031\"><div class='pt-cv-ifield'><div class=\"pt-cv-content\">LIBRE CIRCULACI\u00d3N DE INFORMACI\u00d3N ...<\/div>\n<a href=\"https:\/\/spanish.cpnn-world.org\/?p=12031\" class=\"_self pt-cv-href-thumbnail pt-cv-thumb-default cvplbd\" target=\"_self\" ><img decoding=\"async\" width=\"300\" src=\"https:\/\/spanish.cpnn-world.org\/wp-content\/uploads\/2026\/03\/Ecuador.jpg\" class=\"pt-cv-thumbnail img-none cvp-substitute\" alt=\"La cultura de paz como respuesta estructural frente a la violencia en Ecuador\" title=\"\" \/><\/a>\n<h4 class=\"pt-cv-title\"><a href=\"https:\/\/spanish.cpnn-world.org\/?p=12031\" class=\"_self cvplbd\" target=\"_self\" >La cultura de paz como respuesta estructural frente a la violencia en Ecuador<\/a><\/h4>\n<div class=\"pt-cv-meta-fields\"><span class=\"entry-date\"> <time datetime=\"2026-03-05T09:00:17+01:00\">March 5, 2026<\/time><\/span><\/div><\/div><\/div><\/div><\/div>\n<div class=\"text-left pt-cv-pagination-wrapper\"><ul class=\"pt-cv-pagination pt-cv-ajax pagination\" data-totalpages=\"59\" data-currentpage=\"1\" data-sid=\"b8b5dcfz5i\" data-unid=\"\" data-isblock=\"\" data-postid=\"\"><li class=\"active\"><a href=\"#\">1<\/a><\/li>\n\t<li ><a class=\"\" href=\"https:\/\/spanish.cpnn-world.org\/index.php\/?_page=2&#038;rest_route=%2Fwp%2Fv2%2Fpages%2F1589\">2<\/a><\/li>\n\t<li ><a class=\"\" href=\"https:\/\/spanish.cpnn-world.org\/index.php\/?_page=3&#038;rest_route=%2Fwp%2Fv2%2Fpages%2F1589\">3<\/a><\/li>\n\t<li ><a href=\"#\">&hellip;<\/a><\/li>\n\t<li ><a class=\"\" href=\"https:\/\/spanish.cpnn-world.org\/index.php\/?_page=59&#038;rest_route=%2Fwp%2Fv2%2Fpages%2F1589\">59<\/a><\/li>\n\t<li ><a class=\" \" href=\"https:\/\/spanish.cpnn-world.org\/index.php\/?_page=2&#038;rest_route=%2Fwp%2Fv2%2Fpages%2F1589\">&rsaquo;<\/a><\/li>\n\t<\/ul><img loading=\"lazy\" decoding=\"async\" width=\"15\" height=\"15\" class=\"pt-cv-spinner\" alt=\"Loading...\" src=\"data:image\/gif;base64,R0lGODlhDwAPALMPAMrKygwMDJOTkz09PZWVla+vr3p6euTk5M7OzuXl5TMzMwAAAJmZmWZmZszMzP\/\/\/yH\/C05FVFNDQVBFMi4wAwEAAAAh+QQFCgAPACwAAAAADwAPAAAEQvDJaZaZOIcV8iQK8VRX4iTYoAwZ4iCYoAjZ4RxejhVNoT+mRGP4cyF4Pp0N98sBGIBMEMOotl6YZ3S61Bmbkm4mAgAh+QQFCgAPACwAAAAADQANAAAENPDJSRSZeA418itN8QiK8BiLITVsFiyBBIoYqnoewAD4xPw9iY4XLGYSjkQR4UAUD45DLwIAIfkEBQoADwAsAAAAAA8ACQAABC\/wyVlamTi3nSdgwFNdhEJgTJoNyoB9ISYoQmdjiZPcj7EYCAeCF1gEDo4Dz2eIAAAh+QQFCgAPACwCAAAADQANAAAEM\/DJBxiYeLKdX3IJZT1FU0iIg2RNKx3OkZVnZ98ToRD4MyiDnkAh6BkNC0MvsAj0kMpHBAAh+QQFCgAPACwGAAAACQAPAAAEMDC59KpFDll73HkAA2wVY5KgiK5b0RRoI6MuzG6EQqCDMlSGheEhUAgqgUUAFRySIgAh+QQFCgAPACwCAAIADQANAAAEM\/DJKZNLND\/kkKaHc3xk+QAMYDKsiaqmZCxGVjSFFCxB1vwy2oOgIDxuucxAMTAJFAJNBAAh+QQFCgAPACwAAAYADwAJAAAEMNAs86q1yaWwwv2Ig0jUZx3OYa4XoRAfwADXoAwfo1+CIjyFRuEho60aSNYlOPxEAAAh+QQFCgAPACwAAAIADQANAAAENPA9s4y8+IUVcqaWJ4qEQozSoAzoIyhCK2NFU2SJk0hNnyEOhKR2AzAAj4Pj4GE4W0bkJQIAOw==\" \/><div class=\"clear pt-cv-clear-pagination\"><\/div><\/div><\/div>\t\t\t<style type=\"text\/css\" id=\"pt-cv-inline-style-97d0b05efv\">#pt-cv-view-b8b5dcfz5i .pt-cv-title a, #pt-cv-view-b8b5dcfz5i  .panel-title { font-weight: 600 !important; }\n#pt-cv-view-b8b5dcfz5i .pt-cv-readmore  { color: #ffffff !important; background-color: #00aeef !important; }\n#pt-cv-view-b8b5dcfz5i .pt-cv-readmore:hover  { color: #ffffff !important; background-color: #00aeef !important; }\n#pt-cv-view-b8b5dcfz5i  + .pt-cv-pagination-wrapper .pt-cv-more , #pt-cv-view-b8b5dcfz5i  + .pt-cv-pagination-wrapper .pagination .active a, .pt-cv-pagination[data-sid='b8b5dcfz5i'] .active a { color: #ffffff !important; background-color: #00aeef !important; }<\/style>\r\n\t\t\t<\/p>\n","protected":false},"excerpt":{"rendered":"<p>Aqu\u00ed est\u00e1n los art\u00edculos en espa\u00f1ol o portugu\u00e9s de Am\u00e9rica Latina desde 1 de febrero 2015. Por consultar las siguientes p\u00e1ginas, haga clic en los n\u00fameros de p\u00e1gina en la parte inferior. Para los archivos de CPNN de Am\u00e9rica Latina antes del 1 de febrero 2015, haga clic aqu\u00ed.<\/p>\n","protected":false},"author":1,"featured_media":0,"parent":0,"menu_order":0,"comment_status":"closed","ping_status":"closed","template":"","meta":{"footnotes":""},"class_list":["post-1589","page","type-page","status-publish","hentry"],"_links":{"self":[{"href":"https:\/\/spanish.cpnn-world.org\/index.php?rest_route=\/wp\/v2\/pages\/1589","targetHints":{"allow":["GET"]}}],"collection":[{"href":"https:\/\/spanish.cpnn-world.org\/index.php?rest_route=\/wp\/v2\/pages"}],"about":[{"href":"https:\/\/spanish.cpnn-world.org\/index.php?rest_route=\/wp\/v2\/types\/page"}],"author":[{"embeddable":true,"href":"https:\/\/spanish.cpnn-world.org\/index.php?rest_route=\/wp\/v2\/users\/1"}],"replies":[{"embeddable":true,"href":"https:\/\/spanish.cpnn-world.org\/index.php?rest_route=%2Fwp%2Fv2%2Fcomments&post=1589"}],"version-history":[{"count":4,"href":"https:\/\/spanish.cpnn-world.org\/index.php?rest_route=\/wp\/v2\/pages\/1589\/revisions"}],"predecessor-version":[{"id":8411,"href":"https:\/\/spanish.cpnn-world.org\/index.php?rest_route=\/wp\/v2\/pages\/1589\/revisions\/8411"}],"wp:attachment":[{"href":"https:\/\/spanish.cpnn-world.org\/index.php?rest_route=%2Fwp%2Fv2%2Fmedia&parent=1589"}],"curies":[{"name":"wp","href":"https:\/\/api.w.org\/{rel}","templated":true}]}}