{"id":11594,"date":"2025-05-13T17:21:09","date_gmt":"2025-05-13T15:21:09","guid":{"rendered":"https:\/\/spanish.cpnn-world.org\/?page_id=11594"},"modified":"2025-11-23T04:59:54","modified_gmt":"2025-11-23T03:59:54","slug":"archivos-en-espanol-o-portugues-hasta-2023","status":"publish","type":"page","link":"https:\/\/spanish.cpnn-world.org\/?page_id=11594","title":{"rendered":"Archivos en espa\u00f1ol o portugu\u00e9s hasta 2024"},"content":{"rendered":"<div style=\"float: left; width: 55%;\">\n<em>Aqu\u00ed est\u00e1n los archivos de CPNN desde 2018 hasta 2024.<br \/>\nPor consultar las siguientes p\u00e1ginas, haga clic en los n\u00fameros de p\u00e1gina en la parte inferior.<br \/>\nPara los art\u00edculos de CPNN en espa\u00f1ol o portugu\u00e9s desde el 1 de enero 2018 haga clic <a href=\"https:\/\/spanish.cpnn-world.org\">aqui<\/a>.<br \/>\nPara los archivos de CPNN antes del 1 de febrero 2015, haga clic <a href=\"https:\/\/archives.cpnn-world.org\">aqu\u00ed<\/a>.<\/p>\n<\/div>\n<div style=\"float: right; width: 40%;\">\n<p><a href=\"https:\/\/spanish.cpnn-world.org\/?p=7150\">ELIMINAR VIOLENCIA CONTRA LA MUJER<\/a><br \/>\n<a href=\"https:\/\/spanish.cpnn-world.org\/?p=7084\">ABOLICION DE ARMAS NUCLEARES<\/a><br \/>\n<a href=\"https:\/\/spanish.cpnn-world.org\/?p=7001\">LOS J\u00d3VENES TOMAN LA INICIATIVA<\/a>\n<\/div>\n<\/p>\n<p><\/em> <div class=\"pt-cv-wrapper\"><div class=\"pt-cv-view pt-cv-grid pt-cv-colsys pt-cv-pgregular\" id=\"pt-cv-view-9887ccfjr3\"><div data-id=\"pt-cv-page-1\" class=\"pt-cv-page\" data-cvc=\"4\"><div class=\"col-md-3 col-sm-3 col-xs-3 pt-cv-content-item pt-cv-1-col\"  data-pid=\"11035\"><div class='pt-cv-ifield'><div class=\"pt-cv-content\">EDUCACI\u00d3N PARA LA PAZ ...<\/div>\n<a href=\"https:\/\/spanish.cpnn-world.org\/?p=11035\" class=\"_self pt-cv-href-thumbnail pt-cv-thumb-default cvplbd\" target=\"_self\" ><img decoding=\"async\" width=\"300\" src=\"https:\/\/spanish.cpnn-world.org\/wp-content\/uploads\/2023\/12\/jornadas.jpg\" class=\"pt-cv-thumbnail img-none cvp-substitute\" alt=\"M\u00e9xico: las Primeras Jornadas por la Paz en la Universidad Aut\u00f3noma Metropolitana - Cuajimalpa\" title=\"\" \/><\/a>\n<h4 class=\"pt-cv-title\"><a href=\"https:\/\/spanish.cpnn-world.org\/?p=11035\" class=\"_self cvplbd\" target=\"_self\" >M\u00e9xico: las Primeras Jornadas por la Paz en la Universidad Aut\u00f3noma Metropolitana &#8211; Cuajimalpa<\/a><\/h4>\n<div class=\"pt-cv-meta-fields\"><span class=\"entry-date\"><span class=\"glyphicon glyphicon-calendar\"><\/span> <time datetime=\"2023-12-29T16:36:22+01:00\">December 29, 2023<\/time><\/span><\/div><\/div><\/div>\n<div class=\"col-md-3 col-sm-3 col-xs-3 pt-cv-content-item pt-cv-1-col\"  data-pid=\"11023\"><div class='pt-cv-ifield'><div class=\"pt-cv-content\">DESARME Y SEGURIDAD  ...<\/div>\n<a href=\"https:\/\/spanish.cpnn-world.org\/?p=11023\" class=\"_self pt-cv-href-thumbnail pt-cv-thumb-default cvplbd\" target=\"_self\" ><img decoding=\"async\" width=\"300\" src=\"https:\/\/spanish.cpnn-world.org\/wp-content\/uploads\/2023\/12\/CoPaLa.jpg\" class=\"pt-cv-thumbnail img-none cvp-substitute\" alt=\"Revista CoPaLa, Construyendo Paz Latinoamericana, julio-31 diciembre 2023\" title=\"\" \/><\/a>\n<h4 class=\"pt-cv-title\"><a href=\"https:\/\/spanish.cpnn-world.org\/?p=11023\" class=\"_self cvplbd\" target=\"_self\" >Revista CoPaLa, Construyendo Paz Latinoamericana, julio-31 diciembre 2023<\/a><\/h4>\n<div class=\"pt-cv-meta-fields\"><span class=\"entry-date\"><span class=\"glyphicon glyphicon-calendar\"><\/span> <time datetime=\"2023-12-29T13:10:06+01:00\">December 29, 2023<\/time><\/span><\/div><\/div><\/div>\n<div class=\"col-md-3 col-sm-3 col-xs-3 pt-cv-content-item pt-cv-1-col\"  data-pid=\"11017\"><div class='pt-cv-ifield'><div class=\"pt-cv-content\">EDUCACI\u00d3N PARA LA PAZ ...<\/div>\n<a href=\"https:\/\/spanish.cpnn-world.org\/?p=11017\" class=\"_self pt-cv-href-thumbnail pt-cv-thumb-default cvplbd\" target=\"_self\" ><img decoding=\"async\" width=\"300\" src=\"https:\/\/spanish.cpnn-world.org\/wp-content\/uploads\/2023\/12\/ANUIES.jpg\" class=\"pt-cv-thumbnail img-none cvp-substitute\" alt=\"M\u00e9xico: Ratifican universidades estrategia de construcci\u00f3n de paz\" title=\"\" \/><\/a>\n<h4 class=\"pt-cv-title\"><a href=\"https:\/\/spanish.cpnn-world.org\/?p=11017\" class=\"_self cvplbd\" target=\"_self\" >M\u00e9xico: Ratifican universidades estrategia de construcci\u00f3n de paz<\/a><\/h4>\n<div class=\"pt-cv-meta-fields\"><span class=\"entry-date\"><span class=\"glyphicon glyphicon-calendar\"><\/span> <time datetime=\"2023-12-29T12:52:59+01:00\">December 29, 2023<\/time><\/span><\/div><\/div><\/div>\n<div class=\"col-md-3 col-sm-3 col-xs-3 pt-cv-content-item pt-cv-1-col\"  data-pid=\"11012\"><div class='pt-cv-ifield'><div class=\"pt-cv-content\">EDUCACI\u00d3N PARA LA PAZ ...<\/div>\n<a href=\"https:\/\/spanish.cpnn-world.org\/?p=11012\" class=\"_self pt-cv-href-thumbnail pt-cv-thumb-default cvplbd\" target=\"_self\" ><img decoding=\"async\" width=\"300\" src=\"https:\/\/spanish.cpnn-world.org\/wp-content\/uploads\/2023\/12\/libro.jpg\" class=\"pt-cv-thumbnail img-none cvp-substitute\" alt=\"Libro: Cultura de Derechos Humanos para un futuro de Paz\" title=\"\" \/><\/a>\n<h4 class=\"pt-cv-title\"><a href=\"https:\/\/spanish.cpnn-world.org\/?p=11012\" class=\"_self cvplbd\" target=\"_self\" >Libro: Cultura de Derechos Humanos para un futuro de Paz<\/a><\/h4>\n<div class=\"pt-cv-meta-fields\"><span class=\"entry-date\"><span class=\"glyphicon glyphicon-calendar\"><\/span> <time datetime=\"2023-12-29T12:42:54+01:00\">December 29, 2023<\/time><\/span><\/div><\/div><\/div>\n<div class=\"col-md-3 col-sm-3 col-xs-3 pt-cv-content-item pt-cv-1-col\"  data-pid=\"11008\"><div class='pt-cv-ifield'><div class=\"pt-cv-content\">EDUCACI\u00d3N PARA LA PAZ ...<\/div>\n<a href=\"https:\/\/spanish.cpnn-world.org\/?p=11008\" class=\"_self pt-cv-href-thumbnail pt-cv-thumb-default cvplbd\" target=\"_self\" ><img decoding=\"async\" width=\"300\" src=\"https:\/\/spanish.cpnn-world.org\/wp-content\/uploads\/2023\/12\/Argentina.jpg\" class=\"pt-cv-thumbnail img-none cvp-substitute\" alt=\"Argentina: Encuentro Internacional de M\u00e9todos Participativos de Resoluci\u00f3n de Conflictos\" title=\"\" \/><\/a>\n<h4 class=\"pt-cv-title\"><a href=\"https:\/\/spanish.cpnn-world.org\/?p=11008\" class=\"_self cvplbd\" target=\"_self\" >Argentina: Encuentro Internacional de M\u00e9todos Participativos de Resoluci\u00f3n de Conflictos<\/a><\/h4>\n<div class=\"pt-cv-meta-fields\"><span class=\"entry-date\"><span class=\"glyphicon glyphicon-calendar\"><\/span> <time datetime=\"2023-12-10T08:49:29+01:00\">December 10, 2023<\/time><\/span><\/div><\/div><\/div>\n<div class=\"col-md-3 col-sm-3 col-xs-3 pt-cv-content-item pt-cv-1-col\"  data-pid=\"11005\"><div class='pt-cv-ifield'><div class=\"pt-cv-content\">. DERECHOS HUMANOS  ...<\/div>\n<a href=\"https:\/\/spanish.cpnn-world.org\/?p=11005\" class=\"_self pt-cv-href-thumbnail pt-cv-thumb-default cvplbd\" target=\"_self\" ><img decoding=\"async\" width=\"300\" src=\"https:\/\/spanish.cpnn-world.org\/wp-content\/uploads\/2023\/12\/MVTPAIX.jpg\" class=\"pt-cv-thumbnail img-none cvp-substitute\" alt=\"Se Invita a la ONU a Presentar su Petici\u00f3n de &quot;Alto el Fuego Inmediato en Gaza&quot; para que sea Firmada por los Pueblos del Mundo\" title=\"\" \/><\/a>\n<h4 class=\"pt-cv-title\"><a href=\"https:\/\/spanish.cpnn-world.org\/?p=11005\" class=\"_self cvplbd\" target=\"_self\" >Se Invita a la ONU a Presentar su Petici\u00f3n de &#8220;Alto el Fuego Inmediato en Gaza&#8221; para que sea Firmada por los Pueblos del Mundo<\/a><\/h4>\n<div class=\"pt-cv-meta-fields\"><span class=\"entry-date\"><span class=\"glyphicon glyphicon-calendar\"><\/span> <time datetime=\"2023-12-10T08:01:54+01:00\">December 10, 2023<\/time><\/span><\/div><\/div><\/div>\n<div class=\"col-md-3 col-sm-3 col-xs-3 pt-cv-content-item pt-cv-1-col\"  data-pid=\"10997\"><div class='pt-cv-ifield'><div class=\"pt-cv-content\">. DESAROLLO SUSTENTABLE  ...<\/div>\n<a href=\"https:\/\/spanish.cpnn-world.org\/?p=10997\" class=\"_self pt-cv-href-thumbnail pt-cv-thumb-default cvplbd\" target=\"_self\" ><img decoding=\"async\" width=\"300\" src=\"https:\/\/spanish.cpnn-world.org\/wp-content\/uploads\/2023\/12\/turismo-300x211.jpg\" class=\"pt-cv-thumbnail img-none cvp-substitute\" alt=\"Turismo como motor de paz: estrategias para el desarrollo sostenible en Colombia\" title=\"\" \/><\/a>\n<h4 class=\"pt-cv-title\"><a href=\"https:\/\/spanish.cpnn-world.org\/?p=10997\" class=\"_self cvplbd\" target=\"_self\" >Turismo como motor de paz: estrategias para el desarrollo sostenible en Colombia<\/a><\/h4>\n<div class=\"pt-cv-meta-fields\"><span class=\"entry-date\"><span class=\"glyphicon glyphicon-calendar\"><\/span> <time datetime=\"2023-12-09T08:23:34+01:00\">December 9, 2023<\/time><\/span><\/div><\/div><\/div>\n<div class=\"col-md-3 col-sm-3 col-xs-3 pt-cv-content-item pt-cv-1-col\"  data-pid=\"10968\"><div class='pt-cv-ifield'><div class=\"pt-cv-content\">EDUCACI\u00d3N PARA LA PAZ ...<\/div>\n<a href=\"https:\/\/spanish.cpnn-world.org\/?p=10968\" class=\"_self pt-cv-href-thumbnail pt-cv-thumb-default cvplbd\" target=\"_self\" ><img decoding=\"async\" width=\"300\" src=\"https:\/\/spanish.cpnn-world.org\/wp-content\/uploads\/2023\/12\/UNAM.jpg\" class=\"pt-cv-thumbnail img-none cvp-substitute\" alt=\"M\u00e9xico: Adquiere relevancia la reconstrucci\u00f3n del tejido social y la cultura de la paz\" title=\"\" \/><\/a>\n<h4 class=\"pt-cv-title\"><a href=\"https:\/\/spanish.cpnn-world.org\/?p=10968\" class=\"_self cvplbd\" target=\"_self\" >M\u00e9xico: Adquiere relevancia la reconstrucci\u00f3n del tejido social y la cultura de la paz<\/a><\/h4>\n<div class=\"pt-cv-meta-fields\"><span class=\"entry-date\"><span class=\"glyphicon glyphicon-calendar\"><\/span> <time datetime=\"2023-12-05T07:05:41+01:00\">December 5, 2023<\/time><\/span><\/div><\/div><\/div><\/div><\/div>\n<div class=\"text-left pt-cv-pagination-wrapper\"><ul class=\"pt-cv-pagination pt-cv-ajax pagination\" data-totalpages=\"42\" data-currentpage=\"1\" data-sid=\"9887ccfjr3\" data-unid=\"\" data-isblock=\"\" data-postid=\"\"><li class=\"active\"><a href=\"#\">1<\/a><\/li>\n\t<li ><a class=\"\" href=\"https:\/\/spanish.cpnn-world.org\/index.php\/?_page=2&#038;rest_route=%2Fwp%2Fv2%2Fpages%2F11594\">2<\/a><\/li>\n\t<li ><a class=\"\" href=\"https:\/\/spanish.cpnn-world.org\/index.php\/?_page=3&#038;rest_route=%2Fwp%2Fv2%2Fpages%2F11594\">3<\/a><\/li>\n\t<li ><a href=\"#\">&hellip;<\/a><\/li>\n\t<li ><a class=\"\" href=\"https:\/\/spanish.cpnn-world.org\/index.php\/?_page=42&#038;rest_route=%2Fwp%2Fv2%2Fpages%2F11594\">42<\/a><\/li>\n\t<li ><a class=\" \" href=\"https:\/\/spanish.cpnn-world.org\/index.php\/?_page=2&#038;rest_route=%2Fwp%2Fv2%2Fpages%2F11594\">&rsaquo;<\/a><\/li>\n\t<\/ul><img loading=\"lazy\" decoding=\"async\" width=\"15\" height=\"15\" class=\"pt-cv-spinner\" alt=\"Loading...\" src=\"data:image\/gif;base64,R0lGODlhDwAPALMPAMrKygwMDJOTkz09PZWVla+vr3p6euTk5M7OzuXl5TMzMwAAAJmZmWZmZszMzP\/\/\/yH\/C05FVFNDQVBFMi4wAwEAAAAh+QQFCgAPACwAAAAADwAPAAAEQvDJaZaZOIcV8iQK8VRX4iTYoAwZ4iCYoAjZ4RxejhVNoT+mRGP4cyF4Pp0N98sBGIBMEMOotl6YZ3S61Bmbkm4mAgAh+QQFCgAPACwAAAAADQANAAAENPDJSRSZeA418itN8QiK8BiLITVsFiyBBIoYqnoewAD4xPw9iY4XLGYSjkQR4UAUD45DLwIAIfkEBQoADwAsAAAAAA8ACQAABC\/wyVlamTi3nSdgwFNdhEJgTJoNyoB9ISYoQmdjiZPcj7EYCAeCF1gEDo4Dz2eIAAAh+QQFCgAPACwCAAAADQANAAAEM\/DJBxiYeLKdX3IJZT1FU0iIg2RNKx3OkZVnZ98ToRD4MyiDnkAh6BkNC0MvsAj0kMpHBAAh+QQFCgAPACwGAAAACQAPAAAEMDC59KpFDll73HkAA2wVY5KgiK5b0RRoI6MuzG6EQqCDMlSGheEhUAgqgUUAFRySIgAh+QQFCgAPACwCAAIADQANAAAEM\/DJKZNLND\/kkKaHc3xk+QAMYDKsiaqmZCxGVjSFFCxB1vwy2oOgIDxuucxAMTAJFAJNBAAh+QQFCgAPACwAAAYADwAJAAAEMNAs86q1yaWwwv2Ig0jUZx3OYa4XoRAfwADXoAwfo1+CIjyFRuEho60aSNYlOPxEAAAh+QQFCgAPACwAAAIADQANAAAENPA9s4y8+IUVcqaWJ4qEQozSoAzoIyhCK2NFU2SJk0hNnyEOhKR2AzAAj4Pj4GE4W0bkJQIAOw==\" \/><div class=\"clear pt-cv-clear-pagination\"><\/div><\/div><\/div>\t\t\t<style type=\"text\/css\" id=\"pt-cv-inline-style-64616a4cd2\">#pt-cv-view-9887ccfjr3 .pt-cv-title a, #pt-cv-view-9887ccfjr3  .panel-title { font-weight: 600 !important; }\n#pt-cv-view-9887ccfjr3 .pt-cv-readmore  { color: #ffffff !important; background-color: #00aeef !important; }\n#pt-cv-view-9887ccfjr3 .pt-cv-readmore:hover  { color: #ffffff !important; background-color: #00aeef !important; }\n#pt-cv-view-9887ccfjr3  + .pt-cv-pagination-wrapper .pt-cv-more , #pt-cv-view-9887ccfjr3  + .pt-cv-pagination-wrapper .pagination .active a, .pt-cv-pagination[data-sid='9887ccfjr3'] .active a { color: #ffffff !important; background-color: #00aeef !important; }<\/style>\r\n\t\t\t<\/p>\n","protected":false},"excerpt":{"rendered":"<p>Aqu\u00ed est\u00e1n los archivos de CPNN desde 2018 hasta 2024. Por consultar las siguientes p\u00e1ginas, haga clic en los n\u00fameros de p\u00e1gina en la parte inferior. Para los art\u00edculos de CPNN en espa\u00f1ol o portugu\u00e9s desde el 1 de enero 2018 haga clic aqui. Para los archivos de CPNN antes del 1 de febrero 2015, &hellip; <a href=\"https:\/\/spanish.cpnn-world.org\/?page_id=11594\" class=\"more-link\">Continue reading <span class=\"screen-reader-text\">Archivos en espa\u00f1ol o portugu\u00e9s hasta 2024<\/span> <span class=\"meta-nav\">&rarr;<\/span><\/a><\/p>\n","protected":false},"author":1,"featured_media":0,"parent":0,"menu_order":0,"comment_status":"closed","ping_status":"closed","template":"","meta":{"footnotes":""},"class_list":["post-11594","page","type-page","status-publish","hentry"],"_links":{"self":[{"href":"https:\/\/spanish.cpnn-world.org\/index.php?rest_route=\/wp\/v2\/pages\/11594","targetHints":{"allow":["GET"]}}],"collection":[{"href":"https:\/\/spanish.cpnn-world.org\/index.php?rest_route=\/wp\/v2\/pages"}],"about":[{"href":"https:\/\/spanish.cpnn-world.org\/index.php?rest_route=\/wp\/v2\/types\/page"}],"author":[{"embeddable":true,"href":"https:\/\/spanish.cpnn-world.org\/index.php?rest_route=\/wp\/v2\/users\/1"}],"replies":[{"embeddable":true,"href":"https:\/\/spanish.cpnn-world.org\/index.php?rest_route=%2Fwp%2Fv2%2Fcomments&post=11594"}],"version-history":[{"count":3,"href":"https:\/\/spanish.cpnn-world.org\/index.php?rest_route=\/wp\/v2\/pages\/11594\/revisions"}],"predecessor-version":[{"id":11772,"href":"https:\/\/spanish.cpnn-world.org\/index.php?rest_route=\/wp\/v2\/pages\/11594\/revisions\/11772"}],"wp:attachment":[{"href":"https:\/\/spanish.cpnn-world.org\/index.php?rest_route=%2Fwp%2Fv2%2Fmedia&parent=11594"}],"curies":[{"name":"wp","href":"https:\/\/api.w.org\/{rel}","templated":true}]}}